{"id":890,"date":"2021-04-22T16:45:11","date_gmt":"2021-04-22T13:45:11","guid":{"rendered":"https:\/\/svetlana.nsp25.md\/?page_id=890"},"modified":"2025-03-03T09:51:00","modified_gmt":"2025-03-03T07:51:00","slug":"o-kompanii","status":"publish","type":"page","link":"http:\/\/svetlana.nsp25.md\/ro\/o-kompanii","title":{"rendered":"Despre companie"},"content":{"rendered":"<div class=\"wp-block-image\">\n<figure class=\"aligncenter size-large\"><img decoding=\"async\" width=\"850\" height=\"383\" src=\"https:\/\/svetlana.nsp25.md\/wp-content\/uploads\/2021\/04\/4bc22b8730b3421e324e79425b7802bc.jpg\" alt=\"\" class=\"wp-image-891\" srcset=\"https:\/\/svetlana.nsp25.md\/wp-content\/uploads\/2021\/04\/4bc22b8730b3421e324e79425b7802bc.jpg 850w, https:\/\/svetlana.nsp25.md\/wp-content\/uploads\/2021\/04\/4bc22b8730b3421e324e79425b7802bc-480x216.jpg 480w, https:\/\/svetlana.nsp25.md\/wp-content\/uploads\/2021\/04\/4bc22b8730b3421e324e79425b7802bc-768x346.jpg 768w\" sizes=\"(max-width: 850px) 100vw, 850px\" \/><\/figure>\n<\/div>\n\n\n<p><strong>Produse Nature's Sunshine<\/strong> creeaz\u0103, produce \u0219i distribuie suplimente biologic active \u0219i vitamine de 53 de ani (din 1972). NSP are 600 de formule de fitopreparate pentru normalizarea organismului. O echip\u0103 de oameni de \u0219tiin\u021b\u0103 dezvolt\u0103 \u0219i testeaz\u0103 suplimentele alimentare \u00een laboratorul propriu al companiei din America.<\/p>\n\n\n\n<div style=\"height:30px\" aria-hidden=\"true\" class=\"wp-block-spacer\"><\/div>\n\n\n\n<div class=\"wp-block-columns is-layout-flex wp-container-core-columns-is-layout-9d6595d7 wp-block-columns-is-layout-flex\">\n<div class=\"wp-block-column is-layout-flow wp-block-column-is-layout-flow\"><div class=\"wp-block-image\">\n<figure class=\"aligncenter size-large is-resized\"><img decoding=\"async\" src=\"https:\/\/svetlana.nsp25.md\/wp-content\/uploads\/2021\/04\/2.jpg\" alt=\"\" class=\"wp-image-896\" style=\"width:554px;height:270px\" width=\"554\" height=\"270\" srcset=\"https:\/\/svetlana.nsp25.md\/wp-content\/uploads\/2021\/04\/2.jpg 554w, https:\/\/svetlana.nsp25.md\/wp-content\/uploads\/2021\/04\/2-480x234.jpg 480w\" sizes=\"(max-width: 554px) 100vw, 554px\" \/><\/figure>\n<\/div><\/div>\n\n\n\n<div class=\"wp-block-column is-vertically-aligned-center is-layout-flow wp-block-column-is-layout-flow\">\n<h4 class=\"wp-block-heading has-text-align-center\"><span style=\"background-color:rgba(0, 0, 0, 0);color:#63a70a\" class=\"has-inline-color\">Instala\u021biile de produc\u021bie ale NSP sunt situate \u00een statul american Utah.<\/span><\/h4>\n\n\n\n<p class=\"has-text-align-center\">Fabrica modern\u0103 (reconstruit\u0103 \u00een 2002) acoper\u0103 o suprafa\u021b\u0103 de 25 000 de metri p\u0103tra\u021bi. \u00cen 2015, a fost lansat Centrul de cercetare Hughes, unde sunt echipate 3 laboratoare (chimic, histologic, microbiologic) \u0219i o clinic\u0103 pentru o echip\u0103 de speciali\u0219ti (8 doctori \u0219i 3 medici).<\/p>\n<\/div>\n<\/div>\n\n\n\n<p><strong>Nature's Sunshine (NASDAQ:NATR)<\/strong>&nbsp;Ast\u0103zi, avem 27 de birouri \u00een \u00eentreaga lume \u0219i milioane de distribuitori independen\u021bi care distribuie produsele noastre \u00een 40 de \u021b\u0103ri.<\/p>\n\n\n<div class=\"wp-block-image\">\n<figure class=\"aligncenter size-large\"><img decoding=\"async\" width=\"850\" height=\"383\" src=\"https:\/\/svetlana.nsp25.md\/wp-content\/uploads\/2021\/04\/c960431c79d224ba20838616810b9d98.jpg\" alt=\"\" class=\"wp-image-906\" srcset=\"https:\/\/svetlana.nsp25.md\/wp-content\/uploads\/2021\/04\/c960431c79d224ba20838616810b9d98.jpg 850w, https:\/\/svetlana.nsp25.md\/wp-content\/uploads\/2021\/04\/c960431c79d224ba20838616810b9d98-480x216.jpg 480w, https:\/\/svetlana.nsp25.md\/wp-content\/uploads\/2021\/04\/c960431c79d224ba20838616810b9d98-768x346.jpg 768w\" sizes=\"(max-width: 850px) 100vw, 850px\" \/><\/figure>\n<\/div>\n\n\n<p>NSP a ajuns \u00een Rusia \u00een 1999. \u00cen 19 ani, compania a lansat 98 de formule de suplimente bio, Natria, Tropical Mists, liniile de \u00eengrijire a pielii Bremani Care \u0219i marca Bremani de produse cosmetice decorative.<\/p>\n\n\n\n<p>Produsele noastre sunt alese de oameni care au grij\u0103 de s\u0103n\u0103tatea lor \u0219i sunt aten\u021bi la preven\u021bie.<\/p>\n\n\n<div class=\"wp-block-image\">\n<figure class=\"aligncenter size-large\"><img decoding=\"async\" width=\"850\" height=\"240\" src=\"https:\/\/svetlana.nsp25.md\/wp-content\/uploads\/2021\/04\/6149f8c412509895aa073f2a7b4148b5.jpg\" alt=\"\" class=\"wp-image-908\" srcset=\"https:\/\/svetlana.nsp25.md\/wp-content\/uploads\/2021\/04\/6149f8c412509895aa073f2a7b4148b5.jpg 850w, https:\/\/svetlana.nsp25.md\/wp-content\/uploads\/2021\/04\/6149f8c412509895aa073f2a7b4148b5-480x136.jpg 480w, https:\/\/svetlana.nsp25.md\/wp-content\/uploads\/2021\/04\/6149f8c412509895aa073f2a7b4148b5-768x217.jpg 768w\" sizes=\"(max-width: 850px) 100vw, 850px\" \/><\/figure>\n<\/div>\n\n\n<p><strong><a href=\"\/ro\/shop\/\" data-type=\"URL\" data-id=\"\/shop\">Du-te la catalogul de produse<\/a><\/strong><\/p>\n\n\n\n<p>Nature's Sunshine este o companie MLM. Dac\u0103 dori\u021bi s\u0103 construi\u021bi o afacere prin v\u00e2nzarea de produse de s\u0103n\u0103tate c\u0103utate, NSP v\u0103 invit\u0103 s\u0103 coopera\u021bi.<\/p>\n\n\n<div class=\"wp-block-image\">\n<figure class=\"aligncenter size-large\"><img decoding=\"async\" width=\"850\" height=\"240\" src=\"https:\/\/svetlana.nsp25.md\/wp-content\/uploads\/2021\/04\/05dd2e992b39813ac8e547ee45b17e5d.jpg\" alt=\"\" class=\"wp-image-909\" srcset=\"https:\/\/svetlana.nsp25.md\/wp-content\/uploads\/2021\/04\/05dd2e992b39813ac8e547ee45b17e5d.jpg 850w, https:\/\/svetlana.nsp25.md\/wp-content\/uploads\/2021\/04\/05dd2e992b39813ac8e547ee45b17e5d-480x136.jpg 480w, https:\/\/svetlana.nsp25.md\/wp-content\/uploads\/2021\/04\/05dd2e992b39813ac8e547ee45b17e5d-768x217.jpg 768w\" sizes=\"(max-width: 850px) 100vw, 850px\" \/><\/figure>\n<\/div>\n\n\n<p><strong><strong><a href=\"\/ro\/vozmozhnosti\/\" data-type=\"URL\" data-id=\"\/vozmozhnosti\">Cum s\u0103 deveni\u021bi partener<\/a><\/strong><\/strong><\/p>\n\n\n\n<div style=\"height:30px\" aria-hidden=\"true\" class=\"wp-block-spacer\"><\/div>","protected":false},"excerpt":{"rendered":"<p>Nature's Sunshine Products creeaz\u0103, produce \u0219i distribuie suplimente alimentare \u0219i vitamine de 53 de ani (din 1972). NSP are 600 de formule de fitopreparate pentru normalizarea organismului. O echip\u0103 de oameni de \u0219tiin\u021b\u0103 dezvolt\u0103 \u0219i testeaz\u0103 suplimentele alimentare \u00een laboratorul propriu al companiei din America. Unit\u0103\u021bile de produc\u021bie NSP sunt situate \u00een statul american Utah. Fabrica modern\u0103 (renovat\u0103 \u00een 2002)...<\/p>","protected":false},"author":3,"featured_media":0,"parent":0,"menu_order":0,"comment_status":"closed","ping_status":"closed","template":"","meta":{"footnotes":""},"class_list":["post-890","page","type-page","status-publish","hentry"],"_links":{"self":[{"href":"http:\/\/svetlana.nsp25.md\/ro\/wp-json\/wp\/v2\/pages\/890","targetHints":{"allow":["GET"]}}],"collection":[{"href":"http:\/\/svetlana.nsp25.md\/ro\/wp-json\/wp\/v2\/pages"}],"about":[{"href":"http:\/\/svetlana.nsp25.md\/ro\/wp-json\/wp\/v2\/types\/page"}],"author":[{"embeddable":true,"href":"http:\/\/svetlana.nsp25.md\/ro\/wp-json\/wp\/v2\/users\/3"}],"replies":[{"embeddable":true,"href":"http:\/\/svetlana.nsp25.md\/ro\/wp-json\/wp\/v2\/comments?post=890"}],"version-history":[{"count":15,"href":"http:\/\/svetlana.nsp25.md\/ro\/wp-json\/wp\/v2\/pages\/890\/revisions"}],"predecessor-version":[{"id":57750,"href":"http:\/\/svetlana.nsp25.md\/ro\/wp-json\/wp\/v2\/pages\/890\/revisions\/57750"}],"wp:attachment":[{"href":"http:\/\/svetlana.nsp25.md\/ro\/wp-json\/wp\/v2\/media?parent=890"}],"curies":[{"name":"wp","href":"https:\/\/api.w.org\/{rel}","templated":true}]}}