{"id":963,"date":"2021-04-22T17:54:36","date_gmt":"2021-04-22T14:54:36","guid":{"rendered":"https:\/\/svetlana.nsp25.md\/?page_id=963"},"modified":"2021-04-29T11:29:39","modified_gmt":"2021-04-29T08:29:39","slug":"oplata-zakazov","status":"publish","type":"page","link":"http:\/\/svetlana.nsp25.md\/ro\/oplata-zakazov","title":{"rendered":"Plata pentru comenzi"},"content":{"rendered":"<div class=\"wp-block-columns is-layout-flex wp-container-core-columns-is-layout-9d6595d7 wp-block-columns-is-layout-flex\">\n<div class=\"wp-block-column is-vertically-aligned-center is-layout-flow wp-block-column-is-layout-flow\" style=\"flex-basis:60%\">\n<p class=\"has-text-align-center\">Plata pentru comenzi se efectueaz\u0103 \u00een numerar c\u0103tre curier \u00een momentul transferului bunurilor.<\/p>\n<\/div>\n\n\n\n<div class=\"wp-block-column is-layout-flow wp-block-column-is-layout-flow\" style=\"flex-basis:40%\">\n<div class=\"wp-block-image\"><figure class=\"aligncenter size-large is-resized\"><img decoding=\"async\" src=\"https:\/\/svetlana.nsp25.md\/wp-content\/uploads\/2021\/04\/yy-1.png\" alt=\"\" class=\"wp-image-964\" width=\"300\" height=\"198\"><\/figure><\/div>\n<\/div>\n<\/div>","protected":false},"excerpt":{"rendered":"<p>Plata pentru comenzi se efectueaz\u0103 \u00een numerar c\u0103tre curier \u00een momentul transferului bunurilor.<\/p>","protected":false},"author":3,"featured_media":0,"parent":0,"menu_order":0,"comment_status":"closed","ping_status":"closed","template":"","meta":{"footnotes":""},"class_list":["post-963","page","type-page","status-publish","hentry"],"_links":{"self":[{"href":"http:\/\/svetlana.nsp25.md\/ro\/wp-json\/wp\/v2\/pages\/963","targetHints":{"allow":["GET"]}}],"collection":[{"href":"http:\/\/svetlana.nsp25.md\/ro\/wp-json\/wp\/v2\/pages"}],"about":[{"href":"http:\/\/svetlana.nsp25.md\/ro\/wp-json\/wp\/v2\/types\/page"}],"author":[{"embeddable":true,"href":"http:\/\/svetlana.nsp25.md\/ro\/wp-json\/wp\/v2\/users\/3"}],"replies":[{"embeddable":true,"href":"http:\/\/svetlana.nsp25.md\/ro\/wp-json\/wp\/v2\/comments?post=963"}],"version-history":[{"count":5,"href":"http:\/\/svetlana.nsp25.md\/ro\/wp-json\/wp\/v2\/pages\/963\/revisions"}],"predecessor-version":[{"id":21614,"href":"http:\/\/svetlana.nsp25.md\/ro\/wp-json\/wp\/v2\/pages\/963\/revisions\/21614"}],"wp:attachment":[{"href":"http:\/\/svetlana.nsp25.md\/ro\/wp-json\/wp\/v2\/media?parent=963"}],"curies":[{"name":"wp","href":"https:\/\/api.w.org\/{rel}","templated":true}]}}