{"id":1031,"date":"2021-04-23T11:08:34","date_gmt":"2021-04-23T08:08:34","guid":{"rendered":"https:\/\/svetlana.nsp25.md\/product\/ginkgo-long-biloba-ginkgo-long-biloba"},"modified":"2026-03-10T18:39:50","modified_gmt":"2026-03-10T16:39:50","slug":"ginkgo-long-biloba-ginkgo-long-biloba","status":"publish","type":"product","link":"http:\/\/svetlana.nsp25.md\/ro\/produs\/ginkgo-long-biloba-ginkgo-long-biloba","title":{"rendered":"Ginkgo Long (Biloba) - Ginkgo Long (Biloba)"},"content":{"rendered":"","protected":false},"excerpt":{"rendered":"[trp_language language=\"ru_RU\"]\n<ul>\n<li>\u00cembun\u0103t\u0103\u021be\u0219te func\u021bia creierului<\/li>\n<li>Ajut\u0103 la \u00eembun\u0103t\u0103\u021birea memoriei<\/li>\n<li>Ajut\u0103 la cre\u0219terea eficien\u021bei fizice \u0219i mentale<\/li>\n<li>Promoveaz\u0103 elasticitatea \u0219i rezisten\u021ba vaselor de s\u00e2nge \u0219i a capilarelor<\/li>\n<li>Promoveaz\u0103 normalizarea aliment\u0103rii cu s\u00e2nge<\/li>\n<\/ul>\n<p>[\/trp_language]<\/p>\n<ul>\n<li>\u00cembun\u0103t\u0103\u021be\u0219te func\u021bia creierului<\/li>\n<li>\u00cembun\u0103t\u0103\u021be\u0219te memoria.<\/li>\n<li>Promoveaz\u0103 performan\u021ba fizic\u0103 \u0219i mental\u0103<\/li>\n<li>Ajut\u0103 la cre\u0219terea elasticit\u0103\u021bii \u0219i rezisten\u021bei vaselor de s\u00e2nge \u0219i a capilarelor<\/li>\n<\/ul>\n<p>[\/trp_language]<\/p>","protected":false},"featured_media":49380,"template":"","meta":[],"product_brand":[],"product_cat":[127,138,114,109,110,111,130],"product_tag":[117,131,148,125,144],"class_list":{"0":"post-1031","1":"product","2":"type-product","3":"status-publish","4":"has-post-thumbnail","6":"product_cat-dlja-rabotosposobnosti","7":"product_cat-zrenie","8":"product_cat-nervnaja","9":"product_cat-fitoprodukty","10":"product_cat-zdorovoe-pitanie","11":"product_cat-sistemy-organizma","12":"product_cat-serdechno-sosudistaja","13":"product_tag-bad","14":"product_tag-golovnoj-mozg-i-nervnaja-sistema","15":"product_tag-dlja-podderzhanija-fizicheskoj-aktivnosti","16":"product_tag-dlja-pozhilyh","17":"product_tag-serdechno-sosudistaja-sistema","19":"first","20":"instock","21":"sale","22":"shipping-taxable","23":"purchasable","24":"product-type-simple"},"_links":{"self":[{"href":"http:\/\/svetlana.nsp25.md\/ro\/wp-json\/wp\/v2\/product\/1031","targetHints":{"allow":["GET"]}}],"collection":[{"href":"http:\/\/svetlana.nsp25.md\/ro\/wp-json\/wp\/v2\/product"}],"about":[{"href":"http:\/\/svetlana.nsp25.md\/ro\/wp-json\/wp\/v2\/types\/product"}],"wp:featuredmedia":[{"embeddable":true,"href":"http:\/\/svetlana.nsp25.md\/ro\/wp-json\/wp\/v2\/media\/49380"}],"wp:attachment":[{"href":"http:\/\/svetlana.nsp25.md\/ro\/wp-json\/wp\/v2\/media?parent=1031"}],"wp:term":[{"taxonomy":"product_brand","embeddable":true,"href":"http:\/\/svetlana.nsp25.md\/ro\/wp-json\/wp\/v2\/product_brand?post=1031"},{"taxonomy":"product_cat","embeddable":true,"href":"http:\/\/svetlana.nsp25.md\/ro\/wp-json\/wp\/v2\/product_cat?post=1031"},{"taxonomy":"product_tag","embeddable":true,"href":"http:\/\/svetlana.nsp25.md\/ro\/wp-json\/wp\/v2\/product_tag?post=1031"}],"curies":[{"name":"wp","href":"https:\/\/api.w.org\/{rel}","templated":true}]}}