{"id":1032,"date":"2021-04-23T11:08:35","date_gmt":"2021-04-23T08:08:35","guid":{"rendered":"https:\/\/svetlana.nsp25.md\/product\/ginkgo-gotu-kola-ginkgo-gotu-kola"},"modified":"2026-03-10T18:39:27","modified_gmt":"2026-03-10T16:39:27","slug":"ginkgo-gotu-kola-ginkgo-gotu-kola","status":"publish","type":"product","link":"http:\/\/svetlana.nsp25.md\/ro\/produs\/ginkgo-gotu-kola-ginkgo-gotu-kola","title":{"rendered":"Ginkgo\/Gotu Kola"},"content":{"rendered":"","protected":false},"excerpt":{"rendered":"[trp_language language=\"ru_RU\"]\n<ul>\n<li>Ajut\u0103 la \u00eembun\u0103t\u0103\u021birea func\u021biei cerebrale, a memoriei \u0219i a reac\u021biilor<\/li>\n<li>Cre\u0219te elasticitatea \u0219i rezisten\u021ba vaselor de s\u00e2nge \u0219i a capilarelor<\/li>\n<li>Stimuleaz\u0103 procesele de regenerare<\/li>\n<li>\u00cembun\u0103t\u0103\u021be\u0219te circula\u021bia s\u00e2ngelui<\/li>\n<li>Ajut\u0103 la \u00eembun\u0103t\u0103\u021birea performan\u021belor fizice \u0219i mentale<\/li>\n<\/ul>\n<p>[\/trp_language]<\/p>\n<ul>\n<li>Actioneaza benefic asupra functiilor sistemului nervos, ale scoartei cerebrale, imbunatatateste memoria si viteza reactiilor<\/li>\n<li>Ofera elasticitatea si duritatea vaselor sangvine si peretilor capilarelor<\/li>\n<li>Imbunatateste circulatia singelui<\/li>\n<li>Intensific\u0103 procesele de regenerare, mai ales a pl\u0103gilor cutanate<\/li>\n<li>Sporeste capacitatile intelectuale si fizice ale intregului organism<\/li>\n<\/ul>\n<p>[\/trp_language]<\/p>","protected":false},"featured_media":49378,"template":"","meta":[],"product_brand":[],"product_cat":[127,138,114,109,110,111,139,130],"product_tag":[140,117,123,131,135,148,125,142,144],"class_list":{"0":"post-1032","1":"product","2":"type-product","3":"status-publish","4":"has-post-thumbnail","6":"product_cat-dlja-rabotosposobnosti","7":"product_cat-zrenie","8":"product_cat-nervnaja","9":"product_cat-fitoprodukty","10":"product_cat-zdorovoe-pitanie","11":"product_cat-sistemy-organizma","12":"product_cat-kozha-volosy-nogti","13":"product_cat-serdechno-sosudistaja","14":"product_tag-antioksidanty","15":"product_tag-bad","16":"product_tag-vitaminnye-kompleksy","17":"product_tag-golovnoj-mozg-i-nervnaja-sistema","18":"product_tag-dlja-ochistki-organizma","19":"product_tag-dlja-podderzhanija-fizicheskoj-aktivnosti","20":"product_tag-dlja-pozhilyh","21":"product_tag-zrenie","22":"product_tag-serdechno-sosudistaja-sistema","24":"first","25":"instock","26":"sale","27":"shipping-taxable","28":"purchasable","29":"product-type-simple"},"_links":{"self":[{"href":"http:\/\/svetlana.nsp25.md\/ro\/wp-json\/wp\/v2\/product\/1032","targetHints":{"allow":["GET"]}}],"collection":[{"href":"http:\/\/svetlana.nsp25.md\/ro\/wp-json\/wp\/v2\/product"}],"about":[{"href":"http:\/\/svetlana.nsp25.md\/ro\/wp-json\/wp\/v2\/types\/product"}],"wp:featuredmedia":[{"embeddable":true,"href":"http:\/\/svetlana.nsp25.md\/ro\/wp-json\/wp\/v2\/media\/49378"}],"wp:attachment":[{"href":"http:\/\/svetlana.nsp25.md\/ro\/wp-json\/wp\/v2\/media?parent=1032"}],"wp:term":[{"taxonomy":"product_brand","embeddable":true,"href":"http:\/\/svetlana.nsp25.md\/ro\/wp-json\/wp\/v2\/product_brand?post=1032"},{"taxonomy":"product_cat","embeddable":true,"href":"http:\/\/svetlana.nsp25.md\/ro\/wp-json\/wp\/v2\/product_cat?post=1032"},{"taxonomy":"product_tag","embeddable":true,"href":"http:\/\/svetlana.nsp25.md\/ro\/wp-json\/wp\/v2\/product_tag?post=1032"}],"curies":[{"name":"wp","href":"https:\/\/api.w.org\/{rel}","templated":true}]}}