{"id":1046,"date":"2021-04-23T11:08:45","date_gmt":"2021-04-23T08:08:45","guid":{"rendered":"https:\/\/svetlana.nsp25.md\/product\/iron-chelate-zhelezo-helat"},"modified":"2026-03-10T18:44:00","modified_gmt":"2026-03-10T16:44:00","slug":"iron-chelate-zhelezo-helat","status":"publish","type":"product","link":"http:\/\/svetlana.nsp25.md\/ro\/produs\/iron-chelate-zhelezo-helat","title":{"rendered":"Iron Chelate"},"content":{"rendered":"","protected":false},"excerpt":{"rendered":"[trp_language language=\"ru_RU\"]\n<ul>\n<li>\u0420\u0435\u0433\u0443\u043b\u0438\u0440\u0443\u0435\u0442 \u0441\u043e\u0434\u0435\u0440\u0436\u0430\u043d\u0438\u0435 \u0436\u0435\u043b\u0435\u0437\u0430 \u0432 \u043a\u0440\u043e\u0432\u0438;<\/li>\n<li>\u041d\u0435 \u0440\u0430\u0437\u0434\u0440\u0430\u0436\u0430\u0435\u0442 \u0441\u043b\u0438\u0437\u0438\u0441\u0442\u0443\u044e \u043e\u0431\u043e\u043b\u043e\u0447\u043a\u0443 \u0416\u041a\u0422.<\/li>\n<\/ul>\n<p>[\/trp_language]<\/p>\n<ul>\n<li>Restabileste echilibrul normal de fier in singe, fara a afecta tractul gastrointestinal.<\/li>\n<li><span id=\"result_box\" class=\"\" lang=\"ro\">Promoveaz\u0103 \u00eengrijirea preventiv\u0103 a deficien\u021belor feroce (anemie, oboseal\u0103, sensibilitate la comportamentul feroce)\u00a0<span class=\"\">raceli<\/span><span class=\"\">)<\/span><\/span><\/li>\n<\/ul>\n<p>[\/trp_language]<\/p>","protected":false},"featured_media":49364,"template":"","meta":[],"product_brand":[],"product_cat":[127,158,109,110,137,111,121,139,130],"product_tag":[117,123,136,144],"class_list":{"0":"post-1046","1":"product","2":"type-product","3":"status-publish","4":"has-post-thumbnail","6":"product_cat-dlja-rabotosposobnosti","7":"product_cat-krovetvorenie","8":"product_cat-fitoprodukty","9":"product_cat-zdorovoe-pitanie","10":"product_cat-vitaminy-mineraly-i-kompleksy","11":"product_cat-sistemy-organizma","12":"product_cat-immunnaja","13":"product_cat-kozha-volosy-nogti","14":"product_cat-serdechno-sosudistaja","15":"product_tag-bad","16":"product_tag-vitaminnye-kompleksy","17":"product_tag-krovetvorenie","18":"product_tag-serdechno-sosudistaja-sistema","20":"first","21":"instock","22":"sale","23":"shipping-taxable","24":"purchasable","25":"product-type-simple"},"_links":{"self":[{"href":"http:\/\/svetlana.nsp25.md\/ro\/wp-json\/wp\/v2\/product\/1046","targetHints":{"allow":["GET"]}}],"collection":[{"href":"http:\/\/svetlana.nsp25.md\/ro\/wp-json\/wp\/v2\/product"}],"about":[{"href":"http:\/\/svetlana.nsp25.md\/ro\/wp-json\/wp\/v2\/types\/product"}],"wp:featuredmedia":[{"embeddable":true,"href":"http:\/\/svetlana.nsp25.md\/ro\/wp-json\/wp\/v2\/media\/49364"}],"wp:attachment":[{"href":"http:\/\/svetlana.nsp25.md\/ro\/wp-json\/wp\/v2\/media?parent=1046"}],"wp:term":[{"taxonomy":"product_brand","embeddable":true,"href":"http:\/\/svetlana.nsp25.md\/ro\/wp-json\/wp\/v2\/product_brand?post=1046"},{"taxonomy":"product_cat","embeddable":true,"href":"http:\/\/svetlana.nsp25.md\/ro\/wp-json\/wp\/v2\/product_cat?post=1046"},{"taxonomy":"product_tag","embeddable":true,"href":"http:\/\/svetlana.nsp25.md\/ro\/wp-json\/wp\/v2\/product_tag?post=1046"}],"curies":[{"name":"wp","href":"https:\/\/api.w.org\/{rel}","templated":true}]}}