{"id":1048,"date":"2021-04-23T11:08:47","date_gmt":"2021-04-23T08:08:47","guid":{"rendered":"https:\/\/svetlana.nsp25.md\/product\/lecithin-lecitin"},"modified":"2026-03-10T18:59:23","modified_gmt":"2026-03-10T16:59:23","slug":"lecithin-lecitin","status":"publish","type":"product","link":"http:\/\/svetlana.nsp25.md\/ro\/produs\/lecithin-lecitin","title":{"rendered":"Lecithin"},"content":{"rendered":"","protected":false},"excerpt":{"rendered":"[trp_language language=\"ru_RU\"]\n<ul>\n<li>Stimuleaz\u0103 activitatea creierului;<\/li>\n<li>Hr\u0103ne\u0219te sistemul nervos \u0219i este o component\u0103 a membranelor celulelor nervoase;<\/li>\n<li>Reduce depozitele de gr\u0103sime din ficat;<\/li>\n<li>\u00cembun\u0103t\u0103\u021be\u0219te absorb\u021bia vitaminelor de c\u0103tre tractul intestinal;<\/li>\n<li>Regleaz\u0103 nivelul de colesterol \u0219i acizi gra\u0219i din s\u00e2nge<\/li>\n<\/ul>\n<p>[\/trp_language]<\/p>\n<ul>\n<li>Imbunatateste activitatea cerebrala<\/li>\n<li>Ofera un suport hranitor intregului sistem nervos, intra in componenta tunicii nervoase<\/li>\n<li>Reducerea steatoza hepatica<\/li>\n<li>Normaliseaza nivelul colesterinei si al acizilor grasi din singe<\/li>\n<li>Inlesneste asimilarea vitaminelor A, D, E si K in tractul intestinal<\/li>\n<\/ul>\n<p>[\/trp_language]<\/p>","protected":false},"featured_media":49353,"template":"","meta":[],"product_brand":[],"product_cat":[127,138,146,147,109,110,145,111,129,122,130],"product_tag":[117,131,151,124,135,148,125,144],"class_list":{"0":"post-1048","1":"product","2":"type-product","3":"status-publish","4":"has-post-thumbnail","6":"product_cat-dlja-rabotosposobnosti","7":"product_cat-zrenie","8":"product_cat-kletochnoe-pitanie","9":"product_cat-sportivnoe-pitanie","10":"product_cat-fitoprodukty","11":"product_cat-zdorovoe-pitanie","12":"product_cat-dlja-razvitija-rebenka","13":"product_cat-sistemy-organizma","14":"product_cat-obmen-veshhestv","15":"product_cat-pishhevaritelnaja","16":"product_cat-serdechno-sosudistaja","17":"product_tag-bad","18":"product_tag-golovnoj-mozg-i-nervnaja-sistema","19":"product_tag-dlja-detej","20":"product_tag-dlja-korrekcii-vesa","21":"product_tag-dlja-ochistki-organizma","22":"product_tag-dlja-podderzhanija-fizicheskoj-aktivnosti","23":"product_tag-dlja-pozhilyh","24":"product_tag-serdechno-sosudistaja-sistema","26":"first","27":"instock","28":"sale","29":"shipping-taxable","30":"purchasable","31":"product-type-simple"},"_links":{"self":[{"href":"http:\/\/svetlana.nsp25.md\/ro\/wp-json\/wp\/v2\/product\/1048","targetHints":{"allow":["GET"]}}],"collection":[{"href":"http:\/\/svetlana.nsp25.md\/ro\/wp-json\/wp\/v2\/product"}],"about":[{"href":"http:\/\/svetlana.nsp25.md\/ro\/wp-json\/wp\/v2\/types\/product"}],"wp:featuredmedia":[{"embeddable":true,"href":"http:\/\/svetlana.nsp25.md\/ro\/wp-json\/wp\/v2\/media\/49353"}],"wp:attachment":[{"href":"http:\/\/svetlana.nsp25.md\/ro\/wp-json\/wp\/v2\/media?parent=1048"}],"wp:term":[{"taxonomy":"product_brand","embeddable":true,"href":"http:\/\/svetlana.nsp25.md\/ro\/wp-json\/wp\/v2\/product_brand?post=1048"},{"taxonomy":"product_cat","embeddable":true,"href":"http:\/\/svetlana.nsp25.md\/ro\/wp-json\/wp\/v2\/product_cat?post=1048"},{"taxonomy":"product_tag","embeddable":true,"href":"http:\/\/svetlana.nsp25.md\/ro\/wp-json\/wp\/v2\/product_tag?post=1048"}],"curies":[{"name":"wp","href":"https:\/\/api.w.org\/{rel}","templated":true}]}}