{"id":1054,"date":"2021-04-23T11:08:51","date_gmt":"2021-04-23T08:08:51","guid":{"rendered":"https:\/\/svetlana.nsp25.md\/product\/mega-chel-mega-hel"},"modified":"2026-03-10T19:04:35","modified_gmt":"2026-03-10T17:04:35","slug":"mega-chel-mega-hel","status":"publish","type":"product","link":"http:\/\/svetlana.nsp25.md\/ro\/produs\/mega-chel-mega-hel","title":{"rendered":"Mega Chel"},"content":{"rendered":"","protected":false},"excerpt":{"rendered":"[trp_language language=\"ru_RU\"]\n<ul>\n<li>Contribuie la crearea rezisten\u021bei naturale a organismului la factorii de mediu nefavorabili;<\/li>\n<li>\u00cembun\u0103t\u0103\u021be\u0219te starea mental\u0103 \u0219i bun\u0103starea general\u0103 a organismului;<\/li>\n<li>Are un efect benefic asupra sistemului imunitar;<\/li>\n<li>Este o prevenire excelent\u0103 a bolilor virale;<\/li>\n<li>\u00cembun\u0103t\u0103\u021be\u0219te metabolismul;<\/li>\n<li>Stimuleaz\u0103 eliminarea toxinelor din organism;<\/li>\n<li>Ajut\u0103 organismul s\u0103 inhibe stresul.<\/li>\n<li>Stil de via\u021b\u0103 s\u0103n\u0103tos - reguli de baz\u0103<\/li>\n<\/ul>\n<p>[\/trp_language]<\/p>\n<ul>\n<li>Stimuleaza sinteza acidului hialuronic, intareste tesuturile conjunctive si cartilajele<\/li>\n<li>Inhiba actiunea fermentilor proteolitici, care distrug cartilajul<\/li>\n<li>Sunt actiune analgezica si antiinflamatoare,diminueaza durerea in regiunile articulare si in coloana vertebrala in repaus si in timpul mersului<\/li>\n<li>Este un hondroprotector, intensific\u0103 regenerarea \u0219i amortizarea cartilajelor<\/li>\n<li>Este folosit \u00een scopuri cosmetice<\/li>\n<\/ul>\n<p>[\/trp_language]<\/p>","protected":false},"featured_media":49352,"template":"","meta":[],"product_brand":[],"product_cat":[127,114,109,110,137,111,121,129,130],"product_tag":[117,123,131,148],"class_list":{"0":"post-1054","1":"product","2":"type-product","3":"status-publish","4":"has-post-thumbnail","6":"product_cat-dlja-rabotosposobnosti","7":"product_cat-nervnaja","8":"product_cat-fitoprodukty","9":"product_cat-zdorovoe-pitanie","10":"product_cat-vitaminy-mineraly-i-kompleksy","11":"product_cat-sistemy-organizma","12":"product_cat-immunnaja","13":"product_cat-obmen-veshhestv","14":"product_cat-serdechno-sosudistaja","15":"product_tag-bad","16":"product_tag-vitaminnye-kompleksy","17":"product_tag-golovnoj-mozg-i-nervnaja-sistema","18":"product_tag-dlja-podderzhanija-fizicheskoj-aktivnosti","20":"first","21":"instock","22":"sale","23":"shipping-taxable","24":"purchasable","25":"product-type-simple"},"_links":{"self":[{"href":"http:\/\/svetlana.nsp25.md\/ro\/wp-json\/wp\/v2\/product\/1054","targetHints":{"allow":["GET"]}}],"collection":[{"href":"http:\/\/svetlana.nsp25.md\/ro\/wp-json\/wp\/v2\/product"}],"about":[{"href":"http:\/\/svetlana.nsp25.md\/ro\/wp-json\/wp\/v2\/types\/product"}],"wp:featuredmedia":[{"embeddable":true,"href":"http:\/\/svetlana.nsp25.md\/ro\/wp-json\/wp\/v2\/media\/49352"}],"wp:attachment":[{"href":"http:\/\/svetlana.nsp25.md\/ro\/wp-json\/wp\/v2\/media?parent=1054"}],"wp:term":[{"taxonomy":"product_brand","embeddable":true,"href":"http:\/\/svetlana.nsp25.md\/ro\/wp-json\/wp\/v2\/product_brand?post=1054"},{"taxonomy":"product_cat","embeddable":true,"href":"http:\/\/svetlana.nsp25.md\/ro\/wp-json\/wp\/v2\/product_cat?post=1054"},{"taxonomy":"product_tag","embeddable":true,"href":"http:\/\/svetlana.nsp25.md\/ro\/wp-json\/wp\/v2\/product_tag?post=1054"}],"curies":[{"name":"wp","href":"https:\/\/api.w.org\/{rel}","templated":true}]}}