{"id":1058,"date":"2021-04-23T11:08:54","date_gmt":"2021-04-23T08:08:54","guid":{"rendered":"https:\/\/svetlana.nsp25.md\/product\/msm-msm"},"modified":"2026-03-10T19:05:02","modified_gmt":"2026-03-10T17:05:02","slug":"msm-msm","status":"publish","type":"product","link":"http:\/\/svetlana.nsp25.md\/ro\/produs\/msm-msm","title":{"rendered":"MSM"},"content":{"rendered":"","protected":false},"excerpt":{"rendered":"[trp_language language=\"ru_RU\"]\n<ul>\n<li>\u041d\u043e\u0440\u043c\u0430\u043b\u0438\u0437\u0443\u0435\u0442 \u043e\u0431\u043c\u0435\u043d\u043d\u044b\u0435 \u043f\u0440\u043e\u0446\u0435\u0441\u0441\u044b \u0432 \u043e\u0440\u0433\u0430\u043d\u0438\u0437\u043c\u0435.<\/li>\n<li>\u041e\u0431\u043b\u0430\u0434\u0430\u0435\u0442 \u0441\u0438\u043b\u044c\u043d\u044b\u043c \u0430\u043d\u0442\u0438\u043e\u0441\u043a\u0438\u0434\u0430\u043d\u0442\u043d\u044b\u043c \u0434\u0435\u0439\u0441\u0442\u0432\u0438\u0435\u043c.<\/li>\n<li>\u0423\u0441\u0438\u043b\u0438\u0432\u0430\u0435\u0442 \u0441\u043e\u043f\u0440\u043e\u0442\u0438\u0432\u043b\u044f\u0435\u043c\u043e\u0441\u0442\u044c \u043e\u0440\u0433\u0430\u043d\u0438\u0437\u043c\u0430 \u043a \u0430\u043b\u043b\u0435\u0440\u0433\u0435\u043d\u0430\u043c.<\/li>\n<li>\u0418\u043c\u0435\u0435\u0442, \u044f\u0440\u043a\u043e \u0432\u044b\u0440\u0430\u0436\u0435\u043d\u043d\u044b\u0439, \u043f\u0440\u043e\u0442\u0438\u0432\u043e\u0432\u043e\u0441\u043f\u0430\u043b\u0438\u0442\u0435\u043b\u044c\u043d\u044b\u0439 \u044d\u0444\u0444\u0435\u043a\u0442.<\/li>\n<li>\u0423\u0447\u0430\u0441\u0442\u0432\u0443\u0435\u0442 \u0432 \u0444\u043e\u0440\u043c\u0438\u0440\u043e\u0432\u0430\u043d\u0438\u0438 \u0445\u0440\u044f\u0449\u0435\u0432\u043e\u0439 \u0438 \u0441\u043e\u0435\u0434\u0438\u043d\u0438\u0442\u0435\u043b\u044c\u043d\u043e\u0439 \u0442\u043a\u0430\u043d\u0438.<\/li>\n<li>\u041e\u0431\u043b\u0430\u0434\u0430\u0435\u0442 \u0441\u0438\u043b\u044c\u043d\u044b\u043c\u0438 \u0434\u0435\u0442\u043e\u043a\u0441\u0438\u043a\u0430\u0446\u0438\u043e\u043d\u043d\u044b\u043c\u0438 \u0441\u0432\u043e\u0439\u0441\u0442\u0432\u0430\u043c\u0438.<\/li>\n<li>\u041d\u043e\u0440\u043c\u0430\u043b\u0438\u0437\u0443\u0435\u0442 \u0441\u043e\u0434\u0435\u0440\u0436\u0430\u043d\u0438\u0435 \u0441\u0430\u0445\u0430\u0440\u0430 \u0432 \u043a\u0440\u043e\u0432\u0438.<\/li>\n<\/ul>\n<p>[\/trp_language]<\/p>\n<ul>\n<li>Contine Metilsulfonilmetanul - component structural al cartilajului \u0219i este direct implicat \u00een formarea sa<\/li>\n<li>Sunt ac\u021biune antiinflamatoare, previne \u00een mod eficient \u0219i \u00een special usureaza sindromul inflamator: artrit\u0103, miozit\u0103, entorse, tenosinovite, bursita<\/li>\n<li>Particip\u0103 la formarea conjunctivului, biosinteza colagenului, promovarea elasticit\u0103\u021bii pielii \u0219i \u0219i \u00eent\u0103rirea musculaturii, promovarea vindec\u0103rii ranilor vindec\u0103rii<\/li>\n<li>Sunt un efect detoxifiant asupra organismului ca un tot \u00eentreg<\/li>\n<li>Sunt un efect antialergic, scade sensibilitatea la alergeni<\/li>\n<li>Intensifica protec\u021bie antioxidant\u0103 \u00eempotriva aminoacizilor, sulfului (metionin\u0103, cistein\u0103, serin\u0103, taurin\u0103) implica\u021bi \u00een sinteza antioxidantilor important\u0103 - glutation<\/li>\n<li>Afecteaz\u0103 \u00een mod favorabil procesele metabolice \u0219 i biochimice din organism (producerea de enzime \u0219 i hormoni, digestia \u0219 i transportul vitaminelor).<\/li>\n<li>Stabiliseaza nivelul de zahar din sange, care afecteaz\u0103 \u00een mod favorabil cursul de diabet zaharat \u0219i reduce num\u0103rul de complica\u021bii<\/li>\n<\/ul>\n<p>[\/trp_language]<\/p>","protected":false},"featured_media":49341,"template":"","meta":[],"product_brand":[],"product_cat":[147,109,110,145,157,111,121,139,156,115],"product_tag":[117,123,152],"class_list":{"0":"post-1058","1":"product","2":"type-product","3":"status-publish","4":"has-post-thumbnail","6":"product_cat-sportivnoe-pitanie","7":"product_cat-fitoprodukty","8":"product_cat-zdorovoe-pitanie","9":"product_cat-dlja-razvitija-rebenka","10":"product_cat-sustavy-kosti-zuby","11":"product_cat-sistemy-organizma","12":"product_cat-immunnaja","13":"product_cat-kozha-volosy-nogti","14":"product_cat-oporno-dvigatelnaja-zuby","15":"product_cat-jendokrinnaja","16":"product_tag-bad","17":"product_tag-vitaminnye-kompleksy","18":"product_tag-oporno-dvigatelnaja-sistema","20":"first","21":"instock","22":"sale","23":"shipping-taxable","24":"purchasable","25":"product-type-simple"},"_links":{"self":[{"href":"http:\/\/svetlana.nsp25.md\/ro\/wp-json\/wp\/v2\/product\/1058","targetHints":{"allow":["GET"]}}],"collection":[{"href":"http:\/\/svetlana.nsp25.md\/ro\/wp-json\/wp\/v2\/product"}],"about":[{"href":"http:\/\/svetlana.nsp25.md\/ro\/wp-json\/wp\/v2\/types\/product"}],"wp:featuredmedia":[{"embeddable":true,"href":"http:\/\/svetlana.nsp25.md\/ro\/wp-json\/wp\/v2\/media\/49341"}],"wp:attachment":[{"href":"http:\/\/svetlana.nsp25.md\/ro\/wp-json\/wp\/v2\/media?parent=1058"}],"wp:term":[{"taxonomy":"product_brand","embeddable":true,"href":"http:\/\/svetlana.nsp25.md\/ro\/wp-json\/wp\/v2\/product_brand?post=1058"},{"taxonomy":"product_cat","embeddable":true,"href":"http:\/\/svetlana.nsp25.md\/ro\/wp-json\/wp\/v2\/product_cat?post=1058"},{"taxonomy":"product_tag","embeddable":true,"href":"http:\/\/svetlana.nsp25.md\/ro\/wp-json\/wp\/v2\/product_tag?post=1058"}],"curies":[{"name":"wp","href":"https:\/\/api.w.org\/{rel}","templated":true}]}}