{"id":1064,"date":"2021-04-23T11:08:58","date_gmt":"2021-04-23T08:08:58","guid":{"rendered":"https:\/\/svetlana.nsp25.md\/product\/omega-3-omega-3"},"modified":"2026-03-10T19:08:14","modified_gmt":"2026-03-10T17:08:14","slug":"omega-3-omega-3","status":"publish","type":"product","link":"http:\/\/svetlana.nsp25.md\/ro\/produs\/omega-3-omega-3","title":{"rendered":"Omega 3"},"content":{"rendered":"","protected":false},"excerpt":{"rendered":"[trp_language language=\"ru_RU\"]\n<ul>\n<li>Particip\u0103 la procesele metabolice;<\/li>\n<li>Stimuleaz\u0103 \u0219i \u00eent\u0103re\u0219te ap\u0103rarea organismului (imunitate);<\/li>\n<li>Elimin\u0103 colesterolul din s\u00e2nge;<\/li>\n<li>\u00cembun\u0103t\u0103\u021be\u0219te propriet\u0103\u021bile antioxidante ale organismului;<\/li>\n<li>Normalizeaz\u0103 procesele de transport al lipidelor din s\u00e2nge;<\/li>\n<li>\u00cembun\u0103t\u0103\u021be\u0219te func\u021bia de reparare a membranelor celulare;<\/li>\n<li>Activeaz\u0103 celulele imunocompetente;<\/li>\n<li>Promoveaz\u0103 absorb\u021bia gr\u0103similor care se g\u0103sesc \u00een intestine;<\/li>\n<li>Contribuie la prevenirea \u0219i tratarea bolilor intestinale;<\/li>\n<li>\u00cent\u0103re\u0219te pere\u021bii vaselor de s\u00e2nge, reduce permeabilitatea acestora, cre\u0219te elasticitatea.<\/li>\n<\/ul>\n<p>[\/trp_language]<\/p>\n<ul>\n<li>Regleaza metabolismul grasimilor si colesterolul in singe<\/li>\n<li>Echilibreaza functiile sistemului imun, nervos si cardiovascular<\/li>\n<li>Contribuie la producerea prostoglandinelor antiinflamatoare<\/li>\n<li>Impiedica agregarea trombocitelor<\/li>\n<li>Este o substanta structurala a creierului si a retinei, asigura functionarea optima a acestora<\/li>\n<li>Sporeste tonusul vital, rezistenta fizica si intelectuala<\/li>\n<\/ul>\n<p>[\/trp_language]<\/p>","protected":false},"featured_media":56507,"template":"","meta":[],"product_brand":[],"product_cat":[138,146,114,147,109,110,145,157,111,121,139,129,156,122,130],"product_tag":[117,123,124,135,148,125,142,136,144],"class_list":{"0":"post-1064","1":"product","2":"type-product","3":"status-publish","4":"has-post-thumbnail","6":"product_cat-zrenie","7":"product_cat-kletochnoe-pitanie","8":"product_cat-nervnaja","9":"product_cat-sportivnoe-pitanie","10":"product_cat-fitoprodukty","11":"product_cat-zdorovoe-pitanie","12":"product_cat-dlja-razvitija-rebenka","13":"product_cat-sustavy-kosti-zuby","14":"product_cat-sistemy-organizma","15":"product_cat-immunnaja","16":"product_cat-kozha-volosy-nogti","17":"product_cat-obmen-veshhestv","18":"product_cat-oporno-dvigatelnaja-zuby","19":"product_cat-pishhevaritelnaja","20":"product_cat-serdechno-sosudistaja","21":"product_tag-bad","22":"product_tag-vitaminnye-kompleksy","23":"product_tag-dlja-korrekcii-vesa","24":"product_tag-dlja-ochistki-organizma","25":"product_tag-dlja-podderzhanija-fizicheskoj-aktivnosti","26":"product_tag-dlja-pozhilyh","27":"product_tag-zrenie","28":"product_tag-krovetvorenie","29":"product_tag-serdechno-sosudistaja-sistema","31":"first","32":"instock","33":"sale","34":"shipping-taxable","35":"purchasable","36":"product-type-simple"},"_links":{"self":[{"href":"http:\/\/svetlana.nsp25.md\/ro\/wp-json\/wp\/v2\/product\/1064","targetHints":{"allow":["GET"]}}],"collection":[{"href":"http:\/\/svetlana.nsp25.md\/ro\/wp-json\/wp\/v2\/product"}],"about":[{"href":"http:\/\/svetlana.nsp25.md\/ro\/wp-json\/wp\/v2\/types\/product"}],"wp:featuredmedia":[{"embeddable":true,"href":"http:\/\/svetlana.nsp25.md\/ro\/wp-json\/wp\/v2\/media\/56507"}],"wp:attachment":[{"href":"http:\/\/svetlana.nsp25.md\/ro\/wp-json\/wp\/v2\/media?parent=1064"}],"wp:term":[{"taxonomy":"product_brand","embeddable":true,"href":"http:\/\/svetlana.nsp25.md\/ro\/wp-json\/wp\/v2\/product_brand?post=1064"},{"taxonomy":"product_cat","embeddable":true,"href":"http:\/\/svetlana.nsp25.md\/ro\/wp-json\/wp\/v2\/product_cat?post=1064"},{"taxonomy":"product_tag","embeddable":true,"href":"http:\/\/svetlana.nsp25.md\/ro\/wp-json\/wp\/v2\/product_tag?post=1064"}],"curies":[{"name":"wp","href":"https:\/\/api.w.org\/{rel}","templated":true}]}}