{"id":1068,"date":"2021-04-23T11:09:03","date_gmt":"2021-04-23T08:09:03","guid":{"rendered":"https:\/\/svetlana.nsp25.md\/product\/perfect-eyes-perfekt-ajz"},"modified":"2026-03-10T19:10:14","modified_gmt":"2026-03-10T17:10:14","slug":"perfect-eyes-perfekt-ajz","status":"publish","type":"product","link":"http:\/\/svetlana.nsp25.md\/ro\/produs\/perfect-eyes-perfekt-ajz","title":{"rendered":"Perfect Eyes"},"content":{"rendered":"","protected":false},"excerpt":{"rendered":"[trp_language language=\"ru_RU\"]\n<ul>\n<li>\u0423\u043b\u0443\u0447\u0448\u0430\u0435\u0442 \u0440\u0435\u0437\u043a\u043e\u0441\u0442\u044c \u0437\u0440\u0435\u043d\u0438\u044f;<\/li>\n<li>\u041f\u043e\u0434\u0434\u0435\u0440\u0436\u0438\u0432\u0430\u0435\u0442 \u043d\u043e\u0440\u043c\u0430\u043b\u044c\u043d\u043e\u0435 \u0444\u0443\u043d\u043a\u0446\u0438\u043e\u043d\u0438\u0440\u043e\u0432\u0430\u043d\u0438\u0435 \u0433\u043b\u0430\u0437;<\/li>\n<li>\u0421\u043d\u0438\u043c\u0430\u0435\u0442 \u0443\u0441\u0442\u0430\u043b\u043e\u0441\u0442\u044c;<\/li>\n<li>\u0423\u043b\u0443\u0447\u0448\u0430\u0435\u0442 \u0437\u0440\u0438\u0442\u0435\u043b\u044c\u043d\u044b\u0435 \u0444\u0443\u043d\u043a\u0446\u0438\u0438;<\/li>\n<li>\u0423\u0441\u0438\u043b\u0438\u0432\u0430\u0435\u0442 \u0437\u0430\u0449\u0438\u0442\u043d\u044b\u0435 \u0444\u0443\u043d\u043a\u0446\u0438\u0438 \u0433\u043b\u0430\u0437;<\/li>\n<li>\u0423\u043b\u0443\u0447\u0448\u0430\u0435\u0442 \u0437\u0440\u0438\u0442\u0435\u043b\u044c\u043d\u0443\u044e \u0430\u0434\u0430\u043f\u0442\u0430\u0446\u0438\u044e \u043a \u0442\u0435\u043c\u043d\u043e\u0442\u0435;<\/li>\n<li>\u041f\u0440\u0435\u0434\u043e\u0442\u0432\u0440\u0430\u0449\u0430\u0435\u0442 \u0432\u043e\u0437\u0434\u0435\u0439\u0441\u0442\u0432\u0438\u0435 \u0432\u0440\u0435\u0434\u043d\u044b\u0445 \u0440\u0430\u0434\u0438\u043a\u0430\u043b\u043e\u0432.<\/li>\n<\/ul>\n<p>[\/trp_language]<\/p>\n<ul>\n<li>\u00cembun\u0103t\u0103\u021be\u0219te claritatea vederii;<\/li>\n<li>Men\u021bine func\u021bia normal\u0103 a ochilor;<\/li>\n<li>\u00cembun\u0103t\u0103\u021be\u0219te oboseala;<\/li>\n<li>\u00cembun\u0103t\u0103\u021be\u0219te func\u021bia vizual\u0103;<\/li>\n<li>\u00cembun\u0103t\u0103\u021be\u0219te func\u021biile de protec\u021bie ale ochilor;<\/li>\n<li>\u00cembun\u0103t\u0103\u021be\u0219te adaptarea vizual\u0103 la \u00eentuneric;<\/li>\n<li>\u00cempiedic\u0103 expunerea la radicalii nocivi.<\/li>\n<\/ul>\n<p>[\/trp_language]<\/p>","protected":false},"featured_media":49336,"template":"","meta":[],"product_brand":[],"product_cat":[138,114,109,110,137,145,111],"product_tag":[140,117,123,131,125,142,144,120],"class_list":{"0":"post-1068","1":"product","2":"type-product","3":"status-publish","4":"has-post-thumbnail","6":"product_cat-zrenie","7":"product_cat-nervnaja","8":"product_cat-fitoprodukty","9":"product_cat-zdorovoe-pitanie","10":"product_cat-vitaminy-mineraly-i-kompleksy","11":"product_cat-dlja-razvitija-rebenka","12":"product_cat-sistemy-organizma","13":"product_tag-antioksidanty","14":"product_tag-bad","15":"product_tag-vitaminnye-kompleksy","16":"product_tag-golovnoj-mozg-i-nervnaja-sistema","17":"product_tag-dlja-pozhilyh","18":"product_tag-zrenie","19":"product_tag-serdechno-sosudistaja-sistema","20":"product_tag-jendokrinnaja-sistema","22":"first","23":"instock","24":"sale","25":"shipping-taxable","26":"purchasable","27":"product-type-simple"},"_links":{"self":[{"href":"http:\/\/svetlana.nsp25.md\/ro\/wp-json\/wp\/v2\/product\/1068","targetHints":{"allow":["GET"]}}],"collection":[{"href":"http:\/\/svetlana.nsp25.md\/ro\/wp-json\/wp\/v2\/product"}],"about":[{"href":"http:\/\/svetlana.nsp25.md\/ro\/wp-json\/wp\/v2\/types\/product"}],"wp:featuredmedia":[{"embeddable":true,"href":"http:\/\/svetlana.nsp25.md\/ro\/wp-json\/wp\/v2\/media\/49336"}],"wp:attachment":[{"href":"http:\/\/svetlana.nsp25.md\/ro\/wp-json\/wp\/v2\/media?parent=1068"}],"wp:term":[{"taxonomy":"product_brand","embeddable":true,"href":"http:\/\/svetlana.nsp25.md\/ro\/wp-json\/wp\/v2\/product_brand?post=1068"},{"taxonomy":"product_cat","embeddable":true,"href":"http:\/\/svetlana.nsp25.md\/ro\/wp-json\/wp\/v2\/product_cat?post=1068"},{"taxonomy":"product_tag","embeddable":true,"href":"http:\/\/svetlana.nsp25.md\/ro\/wp-json\/wp\/v2\/product_tag?post=1068"}],"curies":[{"name":"wp","href":"https:\/\/api.w.org\/{rel}","templated":true}]}}