{"id":1079,"date":"2021-04-23T11:09:13","date_gmt":"2021-04-23T08:09:13","guid":{"rendered":"https:\/\/svetlana.nsp25.md\/product\/tea-tree-oil-maslo-chajnogo-dereva"},"modified":"2026-03-10T19:42:27","modified_gmt":"2026-03-10T17:42:27","slug":"tea-tree-oil-maslo-chajnogo-dereva","status":"publish","type":"product","link":"http:\/\/svetlana.nsp25.md\/ro\/produs\/tea-tree-oil-maslo-chajnogo-dereva","title":{"rendered":"Tea Tree Oil"},"content":{"rendered":"","protected":false},"excerpt":{"rendered":"[trp_language language=\"ru_RU\"]\n<ul>\n<li>\u0418\u043c\u0435\u0435\u0442 \u0441\u0438\u043b\u044c\u043d\u044b\u0435 \u0430\u043d\u0442\u0438\u0433\u0440\u0438\u0431\u043a\u043e\u0432\u044b\u0435, \u0430\u043d\u0442\u0438\u0441\u0435\u043f\u0442\u0438\u0447\u0435\u0441\u043a\u0438\u0435 \u0438 \u0431\u0430\u043a\u0442\u0435\u0440\u0438\u0446\u0438\u0434\u043d\u044b\u0435 \u0441\u0432\u043e\u0439\u0441\u0442\u0432\u0430 (\u043d\u0430\u0440\u0443\u0436\u043d\u043e\u0435 \u043f\u0440\u0438\u043c\u0435\u043d\u0435\u043d\u0438\u0435)<\/li>\n<li>\u0418\u043c\u0435\u0435\u0442 \u0443\u0432\u043b\u0430\u0436\u043d\u044f\u044e\u0449\u0438\u0435 \u0438 \u0443\u0441\u043f\u043e\u043a\u0430\u0438\u0432\u0430\u044e\u0449\u0438\u0435 \u0441\u0432\u043e\u0439\u0441\u0442\u0432\u0430, \u043f\u0440\u0438\u043c\u0435\u043d\u044f\u0435\u043c\u044b\u0435 \u043f\u0440\u0438 \u0443\u043a\u0443\u0441\u0430\u0445 \u0436\u0430\u043b\u044f\u0449\u0438\u0445 \u0438 \u0441\u043e\u0441\u0443\u0449\u0438\u0445 \u043d\u0430\u0441\u0435\u043a\u043e\u043c\u044b\u0445, \u0440\u0430\u0441\u0442\u0438\u0442\u0435\u043b\u044c\u043d\u044b\u0445 \u043e\u0436\u043e\u0433\u0430\u0445, \u0441\u0443\u0445\u043e\u0441\u0442\u0438 \u043a\u043e\u0436\u0438, \u0441\u044b\u043f\u0438.<\/li>\n<li>\u0418\u0441\u043f\u043e\u043b\u044c\u0437\u0443\u0435\u0442\u0441\u044f \u043f\u0440\u0438 \u043b\u0435\u0447\u0435\u043d\u0438\u0438 \u0437\u0430\u0431\u043e\u043b\u0435\u0432\u0430\u043d\u0438\u0439 \u043a\u043e\u0436\u043d\u044b\u0445 \u043f\u043e\u043a\u0440\u043e\u0432\u043e\u0432, \u043e\u0436\u043e\u0433\u043e\u0432, \u043f\u043e\u0440\u0435\u0437\u043e\u0432, \u0441\u0441\u0430\u0434\u0438\u043d.<\/li>\n<\/ul>\n<p>[\/trp_language]<\/p>\n<ul>\n<li>Sunt propriet\u0103\u021bi puternice antifungice, antiseptice \u0219i bactericide (utilizare extern\u0103)<\/li>\n<li>Sunt propriet\u0103\u021bi hidratante \u0219i calmante pentru mu\u0219c\u0103turile insectelor intepate \u0219i suge, arsurile plantelor, pielea uscat\u0103, erup\u021biile cutanate.<\/li>\n<li>Se utilizeaz\u0103 \u00een tratamentul bolilor de piele, arsuri, t\u0103ieturi, abraziuni.<\/li>\n<\/ul>\n<p>[\/trp_language]<\/p>","protected":false},"featured_media":1212,"template":"","meta":[],"product_brand":[],"product_cat":[109,111,139],"product_tag":[143,159],"class_list":{"0":"post-1079","1":"product","2":"type-product","3":"status-publish","4":"has-post-thumbnail","6":"product_cat-fitoprodukty","7":"product_cat-sistemy-organizma","8":"product_cat-kozha-volosy-nogti","9":"product_tag-kozha","10":"product_tag-lechebnaja-kosmetika","12":"first","13":"instock","14":"sale","15":"shipping-taxable","16":"purchasable","17":"product-type-simple"},"_links":{"self":[{"href":"http:\/\/svetlana.nsp25.md\/ro\/wp-json\/wp\/v2\/product\/1079","targetHints":{"allow":["GET"]}}],"collection":[{"href":"http:\/\/svetlana.nsp25.md\/ro\/wp-json\/wp\/v2\/product"}],"about":[{"href":"http:\/\/svetlana.nsp25.md\/ro\/wp-json\/wp\/v2\/types\/product"}],"wp:featuredmedia":[{"embeddable":true,"href":"http:\/\/svetlana.nsp25.md\/ro\/wp-json\/wp\/v2\/media\/1212"}],"wp:attachment":[{"href":"http:\/\/svetlana.nsp25.md\/ro\/wp-json\/wp\/v2\/media?parent=1079"}],"wp:term":[{"taxonomy":"product_brand","embeddable":true,"href":"http:\/\/svetlana.nsp25.md\/ro\/wp-json\/wp\/v2\/product_brand?post=1079"},{"taxonomy":"product_cat","embeddable":true,"href":"http:\/\/svetlana.nsp25.md\/ro\/wp-json\/wp\/v2\/product_cat?post=1079"},{"taxonomy":"product_tag","embeddable":true,"href":"http:\/\/svetlana.nsp25.md\/ro\/wp-json\/wp\/v2\/product_tag?post=1079"}],"curies":[{"name":"wp","href":"https:\/\/api.w.org\/{rel}","templated":true}]}}