{"id":1080,"date":"2021-04-23T11:09:13","date_gmt":"2021-04-23T08:09:13","guid":{"rendered":"https:\/\/svetlana.nsp25.md\/product\/tnt-total-nutrition-today-napitok-tnt"},"modified":"2026-03-01T23:34:34","modified_gmt":"2026-03-01T21:34:34","slug":"tnt-total-nutrition-today-napitok-tnt","status":"publish","type":"product","link":"http:\/\/svetlana.nsp25.md\/ro\/produs\/tnt-total-nutrition-today-napitok-tnt","title":{"rendered":"TNT - Nutri\u021bie total\u0103 ast\u0103zi - b\u0103utur\u0103 TNT."},"content":{"rendered":"<p>Este bine cunoscut faptul ca, hrana omului trebuie sa contina peste 600 de substante nutritive pentru o functionare normala a intregului organism. Fiecare din aceste substante isi are rolul sau in organism. 96% din hrana trebuie sa aiba efect curativ.<\/p>\n<p>In timpul de fata intrebarile ce tin de hrana au un caracter actual. Toate produsele alimentare sunt supuse prelucrarii culinare, in urma careia dispar sau se reduc calitatile lor vitaminice si minerale, cu un con\u021binut sc\u0103zut \u00een proteine animaliere, gr\u0103simi vegetale, fibre, vitamine \u0219i minerale. Un astfel de regim alimentar duce la aprovizionare insuficient\u0103 a organismului in ingredientele vitale.<\/p>\n<p><img decoding=\"async\" class=\"alignright wp-image-713\" src=\"https:\/\/svetlana.nsp25.md\/wp-content\/uploads\/2019\/05\/4300_2.jpg\" alt=\"\" width=\"341\" height=\"400\">Compania NSP va prezinta un supliment nutritiv din noua generatie. Total Nutrition Today \u2013 este o bautura bogata in vitamine si minerale, fibre alimentare, cu gust de fructe, necesar atit adultilor,cit si copiilor.Vitaminele constituie o parte componenta indispensabila si necesara bunei functionari a organismului. Ele participa la procesele de asimilare a altor substante nutritive, stimuleaza reactia organismului la diverse patologii si actiuni nocive din exterior, sporesc rezistenta fizica si intelectuala.Mineralele sunt necesare in constructia tesuturilor, mentinerea continua a sanatatii organismului, regleaza echilibrul acido-bazic, mecanismul hidro-salin, impiedica aparitia diverselor maladii.Pentru a mentine sanatos tractul gastrointestinal este nevoie de celuloza. Deficitul de celuloza duce la cancerul intestinului gros.<\/p>\n<p>Concentrat de broccoli, ro\u0219ii, morcov, inclus \u00een b\u0103utura contin antioxidanti, care reduc nu doar riscul de multe boli, dar, de asemenea, incetinesc procesul de imbatranire.<\/p>\n<p>Va recomandam, sa includeti in alimentatia dumneavoastra zilnica aceasta bautura a sanatatii si vitalitatii zilnice, deoarece, va va compensa deficitul de vitamine, minerale si celuloza \u2013 veti fi mereu energic si bine dispus.<\/p>\n<p>Pentru a atinge efectul scontat, este necesar doar sa\u2013l dizolvati in apa si bautura e gata!<\/p>\n<p>Total Nutrition Today \u2013 este o sursa suplimentara de energie, care stimuleaza procesele vitale!<\/p>\n<p>Este un adaos alimentar la regimul Dvs zilnic!<\/p>\n<h3>Continutul Total Nutrition Ast\u0103zi<\/h3>\n<p>Cristalin de fructoza, guma arabica, fibra de soia, ulei de floarea soarelui, acid oleic, porumb de mare, arome naturale, maltodextrina, fibra de ov\u0103z, fosfat de calciu, acid citric, fosfat de potasiu, beta-caroten, cazeinat de sodiu, fibre alimentare, oxid de magneziu, mono \u0219i digliceride, guma guar, clorur\u0103 de sodiu, citrat de potasiu, clorur\u0103 de potasiu, vitamina C (acid ascorbic), niacin\u0103, citrice pectina, d-alfa tocoferol acetat (vitamina E), biotina, vitamina A, lecitin\u0103 din soia, fumarat de fier, d-pantotenat de calciu (acid pantotenic), concentrat de ro\u0219ii, broccoli, varz\u0103, morcovi, spanac, \u021belin\u0103, vitamina B6, vitamina B12, vitamina B2, oxid de zinc, vitamina B1, supliment de vitamina D3, acid folic, gluconat cup, citrat molibden, selenometionina, citrat de mangan, clorur\u0103 de crom, iodura de potasiu.<img decoding=\"async\" class=\"size-full wp-image-714 aligncenter\" src=\"https:\/\/svetlana.nsp25.md\/wp-content\/uploads\/2019\/05\/4300_3.jpg\" alt=\"\" width=\"600\" height=\"399\"><\/p>\n<p><code><strong>Mod de intrebuintare si dozare:<\/strong> se dilueaza 1-2 lingurite dozatoare in 120-240 ml apa. Se amesteca pina la dizolvarea totala. Se poate servi atit rece, cit si cald. Nu utilizati apa clocotita.<\/code><\/p>\n<p><code><strong>Contraindica\u021bii:<\/strong> absente.<\/code><\/p>\n<div style=\"display: none;\">4300 - TNT; Total Nutrition Today; TotalNutritionToday; TNT; Everyday essentials; Fructoz\u0103 cristalin\u0103; gum\u0103 arabic\u0103; fibre de soia; sirop de cereale<\/div>\n<p><\/p>","protected":false},"excerpt":{"rendered":"[trp_language language=\"ru_RU\"]\n<ul>\n<li>\u0421\u043f\u043e\u0441\u043e\u0431\u0441\u0442\u0432\u0443\u0435\u0442 \u0443\u043a\u0440\u0435\u043f\u043b\u0435\u043d\u0438\u044e \u0438\u043c\u043c\u0443\u043d\u043d\u043e\u0439 \u0441\u0438\u0441\u0442\u0435\u043c\u044b, \u0430 \u0442\u0430\u043a\u0436\u0435 \u044f\u0432\u043b\u044f\u0435\u0442\u0441\u044f \u043e\u0442\u043b\u0438\u0447\u043d\u043e\u0439 \u043f\u0440\u043e\u0444\u0438\u043b\u0430\u043a\u0442\u0438\u043a\u043e\u0439 \u0432\u0438\u0440\u0443\u0441\u043d\u044b\u0445 \u0438\u043d\u0444\u0435\u043a\u0446\u0438\u0439;<\/li>\n<li>\u041c\u043e\u0436\u043d\u043e \u0438\u0441\u043f\u043e\u043b\u044c\u0437\u043e\u0432\u0430\u0442\u044c \u0432 \u043a\u0430\u0447\u0435\u0441\u0442\u0432\u0435 \u043f\u0440\u043e\u0444\u0438\u043b\u0430\u043a\u0442\u0438\u043a\u0438 \u043e\u043d\u043a\u043e\u0437\u0430\u0431\u043e\u043b\u0435\u0432\u0430\u043d\u0438\u0439;<\/li>\n<li>\u0423\u0432\u0435\u043b\u0438\u0447\u0438\u0432\u0430\u0435\u0442 \u0436\u0438\u0437\u043d\u0435\u043d\u043d\u044b\u0435 \u0441\u0438\u043b\u044b, \u043f\u043e\u0432\u044b\u0448\u0430\u044f \u0440\u0430\u0431\u043e\u0442\u043e\u0441\u043f\u043e\u0441\u043e\u0431\u043d\u043e\u0441\u0442\u044c \u043e\u0440\u0433\u0430\u043d\u0438\u0437\u043c\u0430;<\/li>\n<li>\u0423\u043c\u0435\u043d\u044c\u0448\u0430\u0435\u0442 \u043d\u0435\u0431\u043b\u0430\u0433\u043e\u043f\u0440\u0438\u044f\u0442\u043d\u043e\u0435 \u0432\u043e\u0437\u0434\u0435\u0439\u0441\u0442\u0432\u0438\u0435 \u043e\u043a\u0440\u0443\u0436\u0430\u044e\u0449\u0435\u0439 \u0441\u0440\u0435\u0434\u044b \u043d\u0430 \u043e\u0440\u0433\u0430\u043d\u0438\u0437\u043c,<\/li>\n<li>\u0421\u043f\u043e\u0441\u043e\u0431\u0441\u0442\u0432\u0443\u0435\u0442 \u0437\u0430\u043c\u0435\u0434\u043b\u0435\u043d\u0438\u044e \u0441\u0442\u0430\u0440\u0435\u043d\u0438\u044f.<\/li>\n<\/ul>\n<p>[\/trp_language]<\/p>\n<ul>\n<li>Ajut\u0103 la \u00eent\u0103rirea sistemului imunitar \u0219i este, de asemenea, o excelent\u0103 prevenire a infec\u021biilor virale;<\/li>\n<li>Poate fi folosit ca profilaxie a cancerului;<\/li>\n<li>Creste vitalitatea prin cresterea performantei corpului;<\/li>\n<li>Reduce efectele negative ale mediului asupra corpului,<\/li>\n<li>Ajut\u0103 la \u00eencetinirea \u00eemb\u0103tr\u00e2nirii.<\/li>\n<\/ul>\n<p>[\/trp_language]<\/p>","protected":false},"featured_media":1903,"template":"","meta":[],"product_brand":[],"product_cat":[127,147,109,110,137,145,128,154,111,129],"product_tag":[140,117,123,131,124,148,125,149,141,132,143,136,144],"class_list":{"0":"post-1080","1":"product","2":"type-product","3":"status-publish","4":"has-post-thumbnail","6":"product_cat-dlja-rabotosposobnosti","7":"product_cat-sportivnoe-pitanie","8":"product_cat-fitoprodukty","9":"product_cat-zdorovoe-pitanie","10":"product_cat-vitaminy-mineraly-i-kompleksy","11":"product_cat-dlja-razvitija-rebenka","12":"product_cat-koktejli-i-napitki","13":"product_cat-ochishhenie-organizma","14":"product_cat-sistemy-organizma","15":"product_cat-obmen-veshhestv","16":"product_tag-antioksidanty","17":"product_tag-bad","18":"product_tag-vitaminnye-kompleksy","19":"product_tag-golovnoj-mozg-i-nervnaja-sistema","20":"product_tag-dlja-korrekcii-vesa","21":"product_tag-dlja-podderzhanija-fizicheskoj-aktivnosti","22":"product_tag-dlja-pozhilyh","23":"product_tag-dlja-sportsmenov","24":"product_tag-dyhatelnaja-sistema","25":"product_tag-immunnaja-sistema","26":"product_tag-kozha","27":"product_tag-krovetvorenie","28":"product_tag-serdechno-sosudistaja-sistema","30":"first","31":"instock","32":"sale","33":"shipping-taxable","34":"purchasable","35":"product-type-simple"},"_links":{"self":[{"href":"http:\/\/svetlana.nsp25.md\/ro\/wp-json\/wp\/v2\/product\/1080","targetHints":{"allow":["GET"]}}],"collection":[{"href":"http:\/\/svetlana.nsp25.md\/ro\/wp-json\/wp\/v2\/product"}],"about":[{"href":"http:\/\/svetlana.nsp25.md\/ro\/wp-json\/wp\/v2\/types\/product"}],"wp:featuredmedia":[{"embeddable":true,"href":"http:\/\/svetlana.nsp25.md\/ro\/wp-json\/wp\/v2\/media\/1903"}],"wp:attachment":[{"href":"http:\/\/svetlana.nsp25.md\/ro\/wp-json\/wp\/v2\/media?parent=1080"}],"wp:term":[{"taxonomy":"product_brand","embeddable":true,"href":"http:\/\/svetlana.nsp25.md\/ro\/wp-json\/wp\/v2\/product_brand?post=1080"},{"taxonomy":"product_cat","embeddable":true,"href":"http:\/\/svetlana.nsp25.md\/ro\/wp-json\/wp\/v2\/product_cat?post=1080"},{"taxonomy":"product_tag","embeddable":true,"href":"http:\/\/svetlana.nsp25.md\/ro\/wp-json\/wp\/v2\/product_tag?post=1080"}],"curies":[{"name":"wp","href":"https:\/\/api.w.org\/{rel}","templated":true}]}}