{"id":1087,"date":"2021-04-23T11:09:18","date_gmt":"2021-04-23T08:09:18","guid":{"rendered":"https:\/\/svetlana.nsp25.md\/product\/zinc-lozenge-pastilki-s-cinkom"},"modified":"2026-03-10T19:09:06","modified_gmt":"2026-03-10T17:09:06","slug":"zinc-lozenge-pastilki-s-cinkom","status":"publish","type":"product","link":"http:\/\/svetlana.nsp25.md\/ro\/produs\/zinc-lozenge-pastilki-s-cinkom","title":{"rendered":"Zinc Lozenge"},"content":{"rendered":"<p><code><\/code><\/p>\n<div style=\"display: none;\">1596 &#8212; Zinc Lozenge; \u0421inc Lozenge; Zinclozenge; Zinc Lozeng; \u041f\u0430\u0441\u0442\u0438\u043b\u043a\u0438 \u0441 \u0446\u0438\u043d\u043a\u043e\u043c; \u041f\u043e\u0441\u0442\u0438\u043b\u043a\u0438 \u0441 \u0446\u0438\u043d\u043a\u043e\u043c; \u0446\u0438\u043d\u043a; Zn; \u0433\u043b\u0438\u0446\u0438\u043d; \u0444\u0440\u0443\u043a\u0442\u043e\u0437\u0430; \u043c\u0430\u0433\u043d\u0438\u0439<\/div>","protected":false},"excerpt":{"rendered":"[trp_language language=\"ru_RU\"]\n<ul>\n<li>\u0421\u0442\u0438\u043c\u0443\u043b\u0438\u0440\u0443\u0435\u0442 \u0434\u0435\u044f\u0442\u0435\u043b\u044c\u043d\u043e\u0441\u0442\u044c \u0438\u043c\u043c\u0443\u043d\u043d\u043e\u0439 \u0441\u0438\u0441\u0442\u0435\u043c\u044b<\/li>\n<li>\u042d\u0444\u0444\u0435\u043a\u0442\u0438\u0432\u0435\u043d \u0432\u043e \u0432\u0440\u0435\u043c\u044f \u043f\u0440\u043e\u0444\u0438\u043b\u0430\u043a\u0442\u0438\u043a\u0438 \u0438\u043d\u0444\u0435\u043a\u0446\u0438\u043e\u043d\u043d\u044b\u0445 \u0437\u0430\u0431\u043e\u043b\u0435\u0432\u0430\u043d\u0438\u0439<\/li>\n<li>\u0423\u043b\u0443\u0447\u0448\u0430\u0435\u0442 \u0441\u043e\u0441\u0442\u043e\u044f\u043d\u0438\u0435 \u043f\u0440\u0438 \u0437\u0430\u0431\u043e\u043b\u0435\u0432\u0430\u043d\u0438\u044f\u0445 \u0434\u044b\u0445\u0430\u0442\u0435\u043b\u044c\u043d\u044b\u0445 \u043f\u0443\u0442\u0435\u0439 (\u0432\u0435\u0440\u0445\u043d\u0438\u0445 \u0438 \u043d\u0438\u0436\u043d\u0438\u0445)<\/li>\n<li>\u041a\u043e\u043e\u0440\u0434\u0438\u043d\u0438\u0440\u0443\u0435\u0442 \u0434\u0435\u044f\u0442\u0435\u043b\u044c\u043d\u043e\u0441\u0442\u044c \u044d\u043d\u0434\u043e\u043a\u0440\u0438\u043d\u043d\u043e\u0439 \u0441\u0438\u0441\u0442\u0435\u043c\u044b<\/li>\n<li>\u0420\u0435\u0433\u0443\u043b\u0438\u0440\u0443\u0435\u0442 \u043c\u0443\u0436\u0441\u043a\u043e\u0435 \u0440\u0435\u043f\u0440\u043e\u0434\u0443\u043a\u0442\u0438\u0432\u043d\u043e\u0435 \u0437\u0434\u043e\u0440\u043e\u0432\u044c\u0435, \u0443\u0447\u0430\u0441\u0442\u0432\u0443\u0435\u0442 \u0432 \u0433\u0430\u0440\u043c\u043e\u043d\u0438\u0447\u043d\u043e\u043c \u043f\u043e\u043b\u043e\u0432\u043e\u043c \u0441\u043e\u0437\u0440\u0435\u0432\u0430\u043d\u0438\u0438<\/li>\n<li>\u041f\u043e\u0432\u044b\u0448\u0430\u0435\u0442 \u0440\u0435\u0433\u0435\u043d\u0435\u0440\u0430\u0442\u0438\u0432\u043d\u044b\u0435 \u043f\u043e\u043a\u0430\u0437\u0430\u0442\u0435\u043b\u0438, \u0441\u043e\u0434\u0435\u0439\u0441\u0442\u0432\u0443\u0435\u0442 \u0431\u044b\u0441\u0442\u0440\u043e\u043c\u0443 \u0440\u0430\u043d\u043e\u0437\u0430\u0436\u0438\u0432\u043b\u0435\u043d\u0438\u044e<\/li>\n<\/ul>\n<p>[\/trp_language]<\/p>\n<ul>\n<li>Stimuleaz\u0103 sistemul imunitar<\/li>\n<li>Eficace \u00een timpul prevenirii bolilor infec\u021bioase<\/li>\n<li>\u00cembun\u0103t\u0103\u021be\u0219te starea bolilor tractului respirator (superioar\u0103 \u0219i inferioar\u0103)<\/li>\n<li>Coordonarea sistemului endocrin<\/li>\n<li>Regleazaz\u0103 s\u0103n\u0103tatea reproductiv\u0103 masculin\u0103, particip\u0103 la publicarea armonioas\u0103<\/li>\n<li>Cre\u0219te performan\u021ba regenerativ\u0103, promoveaz\u0103 vindecarea rapid\u0103 a r\u0103nilor<\/li>\n<\/ul>\n<p>[\/trp_language]<\/p>","protected":false},"featured_media":49327,"template":"","meta":[],"product_brand":[],"product_cat":[147,109,110,137,145,157,111,153,121,139,113,129,156,115],"product_tag":[117,123,118,141,132,120],"class_list":{"0":"post-1087","1":"product","2":"type-product","3":"status-publish","4":"has-post-thumbnail","6":"product_cat-sportivnoe-pitanie","7":"product_cat-fitoprodukty","8":"product_cat-zdorovoe-pitanie","9":"product_cat-vitaminy-mineraly-i-kompleksy","10":"product_cat-dlja-razvitija-rebenka","11":"product_cat-sustavy-kosti-zuby","12":"product_cat-sistemy-organizma","13":"product_cat-dyhatelnaja","14":"product_cat-immunnaja","15":"product_cat-kozha-volosy-nogti","16":"product_cat-muzhskaja-reproduktivnaja","17":"product_cat-obmen-veshhestv","18":"product_cat-oporno-dvigatelnaja-zuby","19":"product_cat-jendokrinnaja","20":"product_tag-bad","21":"product_tag-vitaminnye-kompleksy","22":"product_tag-dlja-muzhchin","23":"product_tag-dyhatelnaja-sistema","24":"product_tag-immunnaja-sistema","25":"product_tag-jendokrinnaja-sistema","27":"first","28":"instock","29":"sale","30":"shipping-taxable","31":"purchasable","32":"product-type-simple"},"_links":{"self":[{"href":"http:\/\/svetlana.nsp25.md\/ro\/wp-json\/wp\/v2\/product\/1087","targetHints":{"allow":["GET"]}}],"collection":[{"href":"http:\/\/svetlana.nsp25.md\/ro\/wp-json\/wp\/v2\/product"}],"about":[{"href":"http:\/\/svetlana.nsp25.md\/ro\/wp-json\/wp\/v2\/types\/product"}],"wp:featuredmedia":[{"embeddable":true,"href":"http:\/\/svetlana.nsp25.md\/ro\/wp-json\/wp\/v2\/media\/49327"}],"wp:attachment":[{"href":"http:\/\/svetlana.nsp25.md\/ro\/wp-json\/wp\/v2\/media?parent=1087"}],"wp:term":[{"taxonomy":"product_brand","embeddable":true,"href":"http:\/\/svetlana.nsp25.md\/ro\/wp-json\/wp\/v2\/product_brand?post=1087"},{"taxonomy":"product_cat","embeddable":true,"href":"http:\/\/svetlana.nsp25.md\/ro\/wp-json\/wp\/v2\/product_cat?post=1087"},{"taxonomy":"product_tag","embeddable":true,"href":"http:\/\/svetlana.nsp25.md\/ro\/wp-json\/wp\/v2\/product_tag?post=1087"}],"curies":[{"name":"wp","href":"https:\/\/api.w.org\/{rel}","templated":true}]}}