{"id":1089,"date":"2021-04-23T11:09:20","date_gmt":"2021-04-23T08:09:20","guid":{"rendered":"https:\/\/svetlana.nsp25.md\/product\/sunshine-brite-green-tea-zubnaja-pasta-s-jekstraktom-zelenogo-chaja"},"modified":"2026-03-10T19:43:14","modified_gmt":"2026-03-10T17:43:14","slug":"sunshine-brite-green-tea-zubnaja-pasta-s-jekstraktom-zelenogo-chaja","status":"publish","type":"product","link":"http:\/\/svetlana.nsp25.md\/ro\/produs\/sunshine-brite-green-tea-zubnaja-pasta-s-jekstraktom-zelenogo-chaja","title":{"rendered":"Sunshine Brite Green Tea - past\u0103 de din\u021bi cu extract de ceai verde"},"content":{"rendered":"","protected":false},"excerpt":{"rendered":"[trp_language language=\"ru_RU\"]\n<ul>\n<li>\u0417\u0443\u0431\u043d\u0430\u044f \u043f\u0430\u0441\u0442\u0430 \u0441 \u043d\u0430\u0442\u0443\u0440\u0430\u043b\u044c\u043d\u044b\u043c\u0438 \u043a\u043e\u043c\u043f\u043e\u043d\u0435\u043d\u0442\u0430\u043c\u0438<\/li>\n<li>\u041e\u0441\u0432\u0435\u0436\u0430\u0435\u0442 \u043f\u043e\u043b\u043e\u0441\u0442\u044c \u0440\u0442\u0430<\/li>\n<li>\u041d\u0435 \u0441\u043e\u0434\u0435\u0440\u0436\u0438\u0442 \u0444\u0442\u043e\u0440<\/li>\n<li>\u0418\u043c\u0435\u0435\u0442 \u0430\u043d\u0442\u0438\u0431\u0430\u043a\u0442\u0435\u0440\u0438\u0430\u043b\u044c\u043d\u044b\u0435 \u0441\u0432\u043e\u0439\u0441\u0442\u0432\u0430<\/li>\n<li>\u041e\u0447\u0438\u0449\u0430\u0435\u0442 \u0437\u0443\u0431\u043d\u043e\u0439 \u043d\u0430\u043b\u0435\u0442<\/li>\n<li>\u0418\u043c\u0435\u0435\u0442 \u0441\u0432\u0435\u0436\u0438\u0439 \u0432\u043a\u0443\u0441 \u043c\u044f\u0442\u044b<\/li>\n<li>\u0411\u0435\u0440\u0435\u0436\u043d\u043e \u043e\u0442\u043d\u043e\u0441\u0438\u0442\u0441\u044f \u043a \u044d\u043c\u0430\u043b\u0438 \u0437\u0443\u0431\u043e\u0432<\/li>\n<li>\u0420\u0435\u043a\u043e\u043c\u0435\u043d\u0434\u043e\u0432\u0430\u043d\u0430 \u0438 \u0434\u043b\u044f \u0434\u0435\u0442\u0435\u0439<\/li>\n<\/ul>\n<p>[\/trp_language]<\/p>\n<ul>\n<li>Paste de din\u021bi cu ingrediente naturale<\/li>\n<li>Redeschiderea cavit\u0103\u021bii bucale<\/li>\n<li>Nu con\u021bine fluor<\/li>\n<li>sunt agen\u021bi antibacterieni breveta\u021bi<\/li>\n<li>Cur\u0103\u021b\u0103 placa<\/li>\n<li>Sunt o arom\u0103 proasp\u0103t\u0103 de ment\u0103.<\/li>\n<li>Aten\u021bie la smal\u021bul din\u021bilor<\/li>\n<li>Recomandat pentru copii<\/li>\n<\/ul>\n<p>[\/trp_language]<\/p>","protected":false},"featured_media":1513,"template":"","meta":[],"product_brand":[],"product_cat":[160,161],"product_tag":[163,159],"class_list":{"0":"post-1089","1":"product","2":"type-product","3":"status-publish","4":"has-post-thumbnail","6":"product_cat-kosmetika-i-uhod","7":"product_cat-mojushhie-sredstva-i-gigiena","8":"product_tag-zubnaja-pasta","9":"product_tag-lechebnaja-kosmetika","11":"first","12":"instock","13":"sale","14":"shipping-taxable","15":"purchasable","16":"product-type-simple"},"_links":{"self":[{"href":"http:\/\/svetlana.nsp25.md\/ro\/wp-json\/wp\/v2\/product\/1089","targetHints":{"allow":["GET"]}}],"collection":[{"href":"http:\/\/svetlana.nsp25.md\/ro\/wp-json\/wp\/v2\/product"}],"about":[{"href":"http:\/\/svetlana.nsp25.md\/ro\/wp-json\/wp\/v2\/types\/product"}],"wp:featuredmedia":[{"embeddable":true,"href":"http:\/\/svetlana.nsp25.md\/ro\/wp-json\/wp\/v2\/media\/1513"}],"wp:attachment":[{"href":"http:\/\/svetlana.nsp25.md\/ro\/wp-json\/wp\/v2\/media?parent=1089"}],"wp:term":[{"taxonomy":"product_brand","embeddable":true,"href":"http:\/\/svetlana.nsp25.md\/ro\/wp-json\/wp\/v2\/product_brand?post=1089"},{"taxonomy":"product_cat","embeddable":true,"href":"http:\/\/svetlana.nsp25.md\/ro\/wp-json\/wp\/v2\/product_cat?post=1089"},{"taxonomy":"product_tag","embeddable":true,"href":"http:\/\/svetlana.nsp25.md\/ro\/wp-json\/wp\/v2\/product_tag?post=1089"}],"curies":[{"name":"wp","href":"https:\/\/api.w.org\/{rel}","templated":true}]}}