{"id":1104,"date":"2021-04-23T11:09:32","date_gmt":"2021-04-23T08:09:32","guid":{"rendered":"https:\/\/svetlana.nsp25.md\/product\/cleansing-gel-ochishhajushhij-gel-dlja-lica"},"modified":"2025-04-08T10:39:34","modified_gmt":"2025-04-08T07:39:34","slug":"cleansing-gel-ochishhajushhij-gel-dlja-lica","status":"publish","type":"product","link":"http:\/\/svetlana.nsp25.md\/ro\/produs\/cleansing-gel-ochishhajushhij-gel-dlja-lica","title":{"rendered":"Cleansing Gel"},"content":{"rendered":"","protected":false},"excerpt":{"rendered":"[trp_language language=\"ru_RU\"]\n<ul>\n<li>\u0414\u043b\u044f \u043b\u044e\u0431\u043e\u0439 \u043a\u043e\u0436\u0438;<\/li>\n<li>\u0421\u043e\u0434\u0435\u0440\u0436\u0438\u0442 \u0432\u0438\u0442\u0430\u043c\u0438\u043d\u044b A, B5, \u0421, E;<\/li>\n<li>\u0421\u043f\u043e\u0441\u043e\u0431\u0435\u043d \u043f\u0440\u043e\u043d\u0438\u043a\u0430\u0442\u044c \u0433\u043b\u0443\u0431\u043e\u043a\u043e \u0432 \u043a\u043e\u0436\u043d\u044b\u0435 \u043f\u043e\u0440\u044b;<\/li>\n<li>\u041e\u0441\u0432\u0435\u0436\u0430\u0435\u0442 \u0438 \u043e\u0447\u0438\u0449\u0430\u0435\u0442 \u043a\u043e\u0436\u0443.<\/li>\n<\/ul>\n<p>[\/trp_language]<\/p>\n<ul>\n<li>Pentru orice piele;<\/li>\n<li>con\u021bine vitaminele A, B5, C, E;<\/li>\n<li>Poate p\u0103trunde ad\u00e2nc \u00een porii pielii;<\/li>\n<li>\u00cemprosp\u0103teaz\u0103 \u0219i cur\u0103\u021b\u0103 pielea.<\/li>\n<\/ul>\n<p>[\/trp_language]<\/p>","protected":false},"featured_media":1893,"template":"","meta":[],"product_brand":[],"product_cat":[160,161],"product_tag":[134,171,168],"class_list":{"0":"post-1104","1":"product","2":"type-product","3":"status-publish","4":"has-post-thumbnail","6":"product_cat-kosmetika-i-uhod","7":"product_cat-mojushhie-sredstva-i-gigiena","8":"product_tag-dlja-zhenshhin","9":"product_tag-kosmetika-natria","10":"product_tag-uhod-za-licom-i-sheej","12":"first","13":"outofstock","14":"sale","15":"shipping-taxable","16":"purchasable","17":"product-type-simple"},"_links":{"self":[{"href":"http:\/\/svetlana.nsp25.md\/ro\/wp-json\/wp\/v2\/product\/1104","targetHints":{"allow":["GET"]}}],"collection":[{"href":"http:\/\/svetlana.nsp25.md\/ro\/wp-json\/wp\/v2\/product"}],"about":[{"href":"http:\/\/svetlana.nsp25.md\/ro\/wp-json\/wp\/v2\/types\/product"}],"wp:featuredmedia":[{"embeddable":true,"href":"http:\/\/svetlana.nsp25.md\/ro\/wp-json\/wp\/v2\/media\/1893"}],"wp:attachment":[{"href":"http:\/\/svetlana.nsp25.md\/ro\/wp-json\/wp\/v2\/media?parent=1104"}],"wp:term":[{"taxonomy":"product_brand","embeddable":true,"href":"http:\/\/svetlana.nsp25.md\/ro\/wp-json\/wp\/v2\/product_brand?post=1104"},{"taxonomy":"product_cat","embeddable":true,"href":"http:\/\/svetlana.nsp25.md\/ro\/wp-json\/wp\/v2\/product_cat?post=1104"},{"taxonomy":"product_tag","embeddable":true,"href":"http:\/\/svetlana.nsp25.md\/ro\/wp-json\/wp\/v2\/product_tag?post=1104"}],"curies":[{"name":"wp","href":"https:\/\/api.w.org\/{rel}","templated":true}]}}