{"id":1105,"date":"2021-04-23T11:09:33","date_gmt":"2021-04-23T08:09:33","guid":{"rendered":"https:\/\/svetlana.nsp25.md\/product\/cocoa-butter-cream-krem-s-maslom-kakao"},"modified":"2026-03-10T19:44:50","modified_gmt":"2026-03-10T17:44:50","slug":"cocoa-butter-cream-krem-s-maslom-kakao","status":"publish","type":"product","link":"http:\/\/svetlana.nsp25.md\/ro\/produs\/cocoa-butter-cream-krem-s-maslom-kakao","title":{"rendered":"Crem\u0103 de unt de cacao - Crem\u0103 de unt de cacao"},"content":{"rendered":"","protected":false},"excerpt":{"rendered":"[trp_language language=\"ru_RU\"]\n<ul>\n<li>\u00cembog\u0103\u021be\u0219te pielea cu substan\u021be nutritive;<\/li>\n<li>Are propriet\u0103\u021bi r\u0103coritoare;<\/li>\n<li>\u00cembun\u0103t\u0103\u021be\u0219te aspectul pielii;<\/li>\n<li>Are un efect de \u00eentinerire<\/li>\n<li>\u00cembun\u0103t\u0103\u021be\u0219te culoarea pielii;<\/li>\n<li>Calmeaz\u0103, \u00eenmoaie \u0219i hidrateaz\u0103 pielea sensibil\u0103;<\/li>\n<li>Contracareaz\u0103 efectele adverse ale radicalilor liberi;<\/li>\n<li>Con\u021bine vitaminele A, C;<\/li>\n<li>Protejeaz\u0103 \u00eempotriva deger\u0103turilor;<\/li>\n<li>Protejeaz\u0103 \u00eempotriva influen\u021belor nefavorabile ale mediului;<\/li>\n<li>Neteze\u0219te ridurile;<\/li>\n<li>\u00cengrije\u0219te delicat pielea ars\u0103 de soare \u0219i de vreme;<\/li>\n<li>Trateaz\u0103 pielea sensibil\u0103, uscat\u0103, problematic\u0103, inflamat\u0103.<\/li>\n<\/ul>\n<p>[\/trp_language]<\/p>\n<ul>\n<li>\u00cembog\u0103\u021be\u0219te pielea cu substan\u021be nutritive;<\/li>\n<li>Sunt propriet\u0103\u021bi revigorante;<\/li>\n<li>\u00cembun\u0103t\u0103\u021be\u0219te atractivitatea pielii;<\/li>\n<li>Sunt un efect de \u00eentinerire<\/li>\n<li>\u00cembun\u0103t\u0103\u021be\u0219te culoarea pielii;<\/li>\n<li>calmeaz\u0103, \u00eenmoaie \u0219i hidrateaz\u0103 pielea sensibil\u0103;<\/li>\n<li>Legea nu ar trebui s\u0103 fie utilizat\u0103 ca mijloc de prevenire a efectelor negative ale radicaliz\u0103rii libert\u0103\u021bii;<\/li>\n<li>Con\u021bine vitaminele A, C;<\/li>\n<li>Protejeaz\u0103 \u00eempotriva deger\u0103turilor;<\/li>\n<li>Protejeaz\u0103 \u00eempotriva efectelor negative asupra mediului;<\/li>\n<li>\u00cendep\u0103rteaz\u0103 ridurile;<\/li>\n<li>\u00cengrijoreaz\u0103 cu aten\u021bie pielea r\u0103nit\u0103 de soare \u0219i r\u0103nit\u0103;<\/li>\n<li>Grija pentru pielea sensibil\u0103, uscat\u0103, cu probleme, inflamat\u0103.<\/li>\n<\/ul>\n<p>[\/trp_language]<\/p>","protected":false},"featured_media":1261,"template":"","meta":[],"product_brand":[],"product_cat":[174,160],"product_tag":[134,118,125,175,168],"class_list":{"0":"post-1105","1":"product","2":"type-product","3":"status-publish","4":"has-post-thumbnail","6":"product_cat-tropical-mists","7":"product_cat-kosmetika-i-uhod","8":"product_tag-dlja-zhenshhin","9":"product_tag-dlja-muzhchin","10":"product_tag-dlja-pozhilyh","11":"product_tag-kosmetika-tropical-mists","12":"product_tag-uhod-za-licom-i-sheej","14":"first","15":"instock","16":"sale","17":"shipping-taxable","18":"purchasable","19":"product-type-simple"},"_links":{"self":[{"href":"http:\/\/svetlana.nsp25.md\/ro\/wp-json\/wp\/v2\/product\/1105","targetHints":{"allow":["GET"]}}],"collection":[{"href":"http:\/\/svetlana.nsp25.md\/ro\/wp-json\/wp\/v2\/product"}],"about":[{"href":"http:\/\/svetlana.nsp25.md\/ro\/wp-json\/wp\/v2\/types\/product"}],"wp:featuredmedia":[{"embeddable":true,"href":"http:\/\/svetlana.nsp25.md\/ro\/wp-json\/wp\/v2\/media\/1261"}],"wp:attachment":[{"href":"http:\/\/svetlana.nsp25.md\/ro\/wp-json\/wp\/v2\/media?parent=1105"}],"wp:term":[{"taxonomy":"product_brand","embeddable":true,"href":"http:\/\/svetlana.nsp25.md\/ro\/wp-json\/wp\/v2\/product_brand?post=1105"},{"taxonomy":"product_cat","embeddable":true,"href":"http:\/\/svetlana.nsp25.md\/ro\/wp-json\/wp\/v2\/product_cat?post=1105"},{"taxonomy":"product_tag","embeddable":true,"href":"http:\/\/svetlana.nsp25.md\/ro\/wp-json\/wp\/v2\/product_tag?post=1105"}],"curies":[{"name":"wp","href":"https:\/\/api.w.org\/{rel}","templated":true}]}}