{"id":1106,"date":"2021-04-23T11:09:33","date_gmt":"2021-04-23T08:09:33","guid":{"rendered":"https:\/\/svetlana.nsp25.md\/product\/apri-cleanse-abrikosovyj-skrab"},"modified":"2026-03-10T19:45:16","modified_gmt":"2026-03-10T17:45:16","slug":"apri-cleanse-abrikosovyj-skrab","status":"publish","type":"product","link":"http:\/\/svetlana.nsp25.md\/ro\/produs\/apri-cleanse-abrikosovyj-skrab","title":{"rendered":"Apri-Cleanse"},"content":{"rendered":"","protected":false},"excerpt":{"rendered":"[trp_language language=\"ru_RU\"]\n<ul>\n<li>Are un efect u\u0219or de cur\u0103\u021bare<\/li>\n<li>Promoveaz\u0103 regenerarea pielii<\/li>\n<li>\u00cent\u0103re\u0219te func\u021biile de ap\u0103rare ale pielii<\/li>\n<li>Elimin\u0103 inflama\u021bia<\/li>\n<li>Are propriet\u0103\u021bi antioxidante<\/li>\n<\/ul>\n<p>[\/trp_language]<\/p>\n<ul>\n<li>Sunt un efect u\u0219or de cur\u0103\u021bare<\/li>\n<li>Ajut\u0103 la restaurarea pielii<\/li>\n<li>\u00cembun\u0103t\u0103\u021be\u0219te func\u021biile de protec\u021bie a pielii<\/li>\n<li>\u00cendep\u0103rteaz\u0103 inflama\u021bia<\/li>\n<li>Sunt propriet\u0103\u021bi antioxidante brevetate<\/li>\n<\/ul>\n<p>[\/trp_language]<\/p>","protected":false},"featured_media":1594,"template":"","meta":[],"product_brand":[],"product_cat":[174,160],"product_tag":[134,118,125,175,168],"class_list":{"0":"post-1106","1":"product","2":"type-product","3":"status-publish","4":"has-post-thumbnail","6":"product_cat-tropical-mists","7":"product_cat-kosmetika-i-uhod","8":"product_tag-dlja-zhenshhin","9":"product_tag-dlja-muzhchin","10":"product_tag-dlja-pozhilyh","11":"product_tag-kosmetika-tropical-mists","12":"product_tag-uhod-za-licom-i-sheej","14":"first","15":"instock","16":"sale","17":"shipping-taxable","18":"purchasable","19":"product-type-simple"},"_links":{"self":[{"href":"http:\/\/svetlana.nsp25.md\/ro\/wp-json\/wp\/v2\/product\/1106","targetHints":{"allow":["GET"]}}],"collection":[{"href":"http:\/\/svetlana.nsp25.md\/ro\/wp-json\/wp\/v2\/product"}],"about":[{"href":"http:\/\/svetlana.nsp25.md\/ro\/wp-json\/wp\/v2\/types\/product"}],"wp:featuredmedia":[{"embeddable":true,"href":"http:\/\/svetlana.nsp25.md\/ro\/wp-json\/wp\/v2\/media\/1594"}],"wp:attachment":[{"href":"http:\/\/svetlana.nsp25.md\/ro\/wp-json\/wp\/v2\/media?parent=1106"}],"wp:term":[{"taxonomy":"product_brand","embeddable":true,"href":"http:\/\/svetlana.nsp25.md\/ro\/wp-json\/wp\/v2\/product_brand?post=1106"},{"taxonomy":"product_cat","embeddable":true,"href":"http:\/\/svetlana.nsp25.md\/ro\/wp-json\/wp\/v2\/product_cat?post=1106"},{"taxonomy":"product_tag","embeddable":true,"href":"http:\/\/svetlana.nsp25.md\/ro\/wp-json\/wp\/v2\/product_tag?post=1106"}],"curies":[{"name":"wp","href":"https:\/\/api.w.org\/{rel}","templated":true}]}}