{"id":1107,"date":"2021-04-23T11:09:34","date_gmt":"2021-04-23T08:09:34","guid":{"rendered":"https:\/\/svetlana.nsp25.md\/product\/relaxing-tt-oil-boleutoljajushhee-maslo"},"modified":"2026-03-10T19:46:00","modified_gmt":"2026-03-10T17:46:00","slug":"relaxing-tt-oil-boleutoljajushhee-maslo","status":"publish","type":"product","link":"http:\/\/svetlana.nsp25.md\/ro\/produs\/relaxing-tt-oil-boleutoljajushhee-maslo","title":{"rendered":"Relaxing TT Oil"},"content":{"rendered":"","protected":false},"excerpt":{"rendered":"[trp_language language=\"ru_RU\"]\n<ul>\n<li>\u0421\u043d\u0438\u043c\u0430\u0435\u0442 \u043c\u044b\u0448\u0435\u0447\u043d\u044b\u0435 \u0441\u043f\u0430\u0437\u043c\u044b \u0438 \u0440\u0430\u0437\u0433\u043b\u0430\u0436\u0438\u0432\u0430\u0435\u0442 \u043a\u043e\u0436\u0443<\/li>\n<li>\u041f\u043e\u0432\u044b\u0448\u0430\u0435\u0442 \u043e\u0431\u043c\u0435\u043d\u043d\u044b\u0435 \u043f\u0440\u043e\u0446\u0435\u0441\u0441\u044b \u0438 \u0443\u043b\u0443\u0447\u0448\u0430\u0435\u0442 \u0440\u0435\u0433\u0435\u043d\u0435\u0440\u0430\u0446\u0438\u044e \u043f\u043e\u0432\u0440\u0435\u0436\u0434\u0435\u043d\u043d\u044b\u0445 \u0442\u043a\u0430\u043d\u0435\u0439<\/li>\n<li>\u0423\u043b\u0443\u0447\u0448\u0430\u0435\u0442 \u043e\u0431\u0449\u0435\u0435 \u0441\u0430\u043c\u043e\u0447\u0443\u0432\u0441\u0442\u0432\u0438\u0435, \u0441\u043d\u0438\u043c\u0430\u0435\u0442 \u0443\u0441\u0442\u0430\u043b\u043e\u0441\u0442\u044c<\/li>\n<li>\u0423\u0441\u043a\u043e\u0440\u044f\u0435\u0442 \u043a\u0440\u043e\u0432\u043e\u043e\u0431\u0440\u0430\u0449\u0435\u043d\u0438\u0435 \u0438 \u0443\u043b\u0443\u0447\u0448\u0430\u0435\u0442 \u043f\u0438\u0442\u0430\u043d\u0438\u0435 \u043a\u043e\u0436\u043d\u044b\u0445 \u043f\u043e\u043a\u0440\u043e\u0432\u043e\u0432<\/li>\n<li>\u041e\u043a\u0430\u0437\u044b\u0432\u0430\u0435\u0442 \u0445\u043e\u0440\u043e\u0448\u0435\u0435 \u043e\u0431\u0435\u0437\u0431\u043e\u043b\u0438\u0432\u0430\u044e\u0449\u0435\u0435 \u0434\u0435\u0439\u0441\u0442\u0432\u0438\u0435 \u043f\u0440\u0438 \u0440\u0430\u0437\u043b\u0438\u0447\u043d\u044b\u0445 \u0432\u0438\u0434\u0430\u0445 \u0442\u0440\u0430\u0432\u043c \u0438 \u043e\u0431\u043e\u0441\u0442\u0440\u0435\u043d\u0438\u044f\u0445 \u0437\u0430\u0431\u043e\u043b\u0435\u0432\u0430\u043d\u0438\u0439 \u0441\u0443\u0441\u0442\u0430\u0432\u043e\u0432<\/li>\n<\/ul>\n<p>[\/trp_language]<\/p>\n<ul>\n<li>\u00cembun\u0103t\u0103\u021be\u0219te spasmele musculare \u0219i \u00eemplete\u0219te pielea<\/li>\n<li>Creste procesele metabolice si imbunatateste regenerarea tesuturilor deteriorate<\/li>\n<li>\u00cembun\u0103t\u0103\u021be\u0219te bun\u0103starea general\u0103, amelioreoreaz\u0103 oboseala<\/li>\n<li>Accelereaz\u0103 circula\u021bia s\u00e2ngelui \u0219i \u00eembun\u0103t\u0103\u021be\u0219te nutri\u021bia pielii<\/li>\n<li>Sunt un efect analgezic bun \u00een diferite tipuri de leziuni \u0219i exacerb\u0103ri ale afec\u021biunilor articula\u021biiloror<\/li>\n<\/ul>\n<p>[\/trp_language]<\/p>","protected":false},"featured_media":1348,"template":"","meta":[],"product_brand":[],"product_cat":[174,160],"product_tag":[175],"class_list":{"0":"post-1107","1":"product","2":"type-product","3":"status-publish","4":"has-post-thumbnail","6":"product_cat-tropical-mists","7":"product_cat-kosmetika-i-uhod","8":"product_tag-kosmetika-tropical-mists","10":"first","11":"outofstock","12":"sale","13":"shipping-taxable","14":"purchasable","15":"product-type-simple"},"_links":{"self":[{"href":"http:\/\/svetlana.nsp25.md\/ro\/wp-json\/wp\/v2\/product\/1107","targetHints":{"allow":["GET"]}}],"collection":[{"href":"http:\/\/svetlana.nsp25.md\/ro\/wp-json\/wp\/v2\/product"}],"about":[{"href":"http:\/\/svetlana.nsp25.md\/ro\/wp-json\/wp\/v2\/types\/product"}],"wp:featuredmedia":[{"embeddable":true,"href":"http:\/\/svetlana.nsp25.md\/ro\/wp-json\/wp\/v2\/media\/1348"}],"wp:attachment":[{"href":"http:\/\/svetlana.nsp25.md\/ro\/wp-json\/wp\/v2\/media?parent=1107"}],"wp:term":[{"taxonomy":"product_brand","embeddable":true,"href":"http:\/\/svetlana.nsp25.md\/ro\/wp-json\/wp\/v2\/product_brand?post=1107"},{"taxonomy":"product_cat","embeddable":true,"href":"http:\/\/svetlana.nsp25.md\/ro\/wp-json\/wp\/v2\/product_cat?post=1107"},{"taxonomy":"product_tag","embeddable":true,"href":"http:\/\/svetlana.nsp25.md\/ro\/wp-json\/wp\/v2\/product_tag?post=1107"}],"curies":[{"name":"wp","href":"https:\/\/api.w.org\/{rel}","templated":true}]}}