{"id":1109,"date":"2021-04-23T11:09:35","date_gmt":"2021-04-23T08:09:35","guid":{"rendered":"https:\/\/svetlana.nsp25.md\/product\/sea-salt-roll-sharikovyj-antiperspirant"},"modified":"2026-03-10T19:46:47","modified_gmt":"2026-03-10T17:46:47","slug":"sea-salt-roll-sharikovyj-antiperspirant","status":"publish","type":"product","link":"http:\/\/svetlana.nsp25.md\/ro\/produs\/sea-salt-roll-sharikovyj-antiperspirant","title":{"rendered":"Sare de mare Roll - Ball Antiperspirant."},"content":{"rendered":"","protected":false},"excerpt":{"rendered":"[trp_language language=\"ru_RU\"]\n<ul>\n<li>\u041e\u0442\u043b\u0438\u0447\u043d\u043e \u043f\u043e\u0434\u0445\u043e\u0434\u0438\u0442 \u043b\u044e\u0431\u043e\u043c\u0443 \u0442\u0438\u043f\u0443 \u043a\u043e\u0436\u0438<\/li>\n<li>\u0423\u043c\u0435\u043d\u044c\u0448\u0430\u0435\u0442 \u043f\u043e\u0442\u043e\u043e\u0442\u0434\u0435\u043b\u0435\u043d\u0438\u0435 \u0438 \u0443\u0441\u0442\u0440\u0430\u043d\u044f\u0435\u0442 \u043d\u0435\u043f\u0440\u0438\u044f\u0442\u043d\u044b\u0439 \u0437\u0430\u043f\u0430\u0445<\/li>\n<li>\u0418\u043c\u0435\u0435\u0442 \u043f\u0440\u043e\u0442\u0438\u0432\u043e\u0441\u043f\u0430\u043b\u0438\u0442\u0435\u043b\u044c\u043d\u043e\u0435, \u0431\u0430\u043a\u0442\u0435\u0440\u0438\u0446\u0438\u0434\u043d\u043e\u0435 \u0438 \u0430\u043d\u0442\u0438\u0441\u0435\u043f\u0442\u0438\u0447\u0435\u0441\u043a\u043e\u0435 \u0434\u0435\u0439\u0441\u0442\u0432\u0438\u0435<\/li>\n<li>\u041d\u0435 \u0432\u044b\u0437\u044b\u0432\u0430\u0435\u0442 \u0430\u043b\u043b\u0435\u0440\u0433\u0438\u0438<\/li>\n<li>\u0421\u043c\u044f\u0433\u0447\u0430\u0435\u0442 \u043a\u043e\u0436\u0443, \u043d\u0435 \u0441\u043e\u0434\u0435\u0440\u0436\u0438\u0442 \u0441\u043f\u0438\u0440\u0442\u0430<\/li>\n<\/ul>\n<p>[\/trp_language]<\/p>\n<ul>\n<li>Perfect pentru orice tip de piele.<\/li>\n<li>Reducerea transportului \u0219i eliminarea mirosolului neplacut<\/li>\n<li>Efect antiinflamator, bactericid \u0219i antiseptic<\/li>\n<li>Nu provoac\u0103 alergii<\/li>\n<li>\u00cendep\u0103rteaz\u0103 pielea, nu con\u021bine alcool<\/li>\n<\/ul>\n<p>[\/trp_language]<\/p>","protected":false},"featured_media":1403,"template":"","meta":[],"product_brand":[],"product_cat":[174,160],"product_tag":[176,175],"class_list":{"0":"post-1109","1":"product","2":"type-product","3":"status-publish","4":"has-post-thumbnail","6":"product_cat-tropical-mists","7":"product_cat-kosmetika-i-uhod","8":"product_tag-dezodoranty","9":"product_tag-kosmetika-tropical-mists","11":"first","12":"instock","13":"sale","14":"shipping-taxable","15":"purchasable","16":"product-type-simple"},"_links":{"self":[{"href":"http:\/\/svetlana.nsp25.md\/ro\/wp-json\/wp\/v2\/product\/1109","targetHints":{"allow":["GET"]}}],"collection":[{"href":"http:\/\/svetlana.nsp25.md\/ro\/wp-json\/wp\/v2\/product"}],"about":[{"href":"http:\/\/svetlana.nsp25.md\/ro\/wp-json\/wp\/v2\/types\/product"}],"wp:featuredmedia":[{"embeddable":true,"href":"http:\/\/svetlana.nsp25.md\/ro\/wp-json\/wp\/v2\/media\/1403"}],"wp:attachment":[{"href":"http:\/\/svetlana.nsp25.md\/ro\/wp-json\/wp\/v2\/media?parent=1109"}],"wp:term":[{"taxonomy":"product_brand","embeddable":true,"href":"http:\/\/svetlana.nsp25.md\/ro\/wp-json\/wp\/v2\/product_brand?post=1109"},{"taxonomy":"product_cat","embeddable":true,"href":"http:\/\/svetlana.nsp25.md\/ro\/wp-json\/wp\/v2\/product_cat?post=1109"},{"taxonomy":"product_tag","embeddable":true,"href":"http:\/\/svetlana.nsp25.md\/ro\/wp-json\/wp\/v2\/product_tag?post=1109"}],"curies":[{"name":"wp","href":"https:\/\/api.w.org\/{rel}","templated":true}]}}