{"id":1110,"date":"2021-04-23T11:09:35","date_gmt":"2021-04-23T08:09:35","guid":{"rendered":"https:\/\/svetlana.nsp25.md\/product\/cool-comfort-gel-posle-britja"},"modified":"2026-03-10T19:47:04","modified_gmt":"2026-03-10T17:47:04","slug":"cool-comfort-gel-posle-britja","status":"publish","type":"product","link":"http:\/\/svetlana.nsp25.md\/ro\/produs\/cool-comfort-gel-posle-britja","title":{"rendered":"Cool Comfort"},"content":{"rendered":"<\/p>\n<h2>Protec\u021bie eficient\u0103 a pielii<\/h2>\n<p>Ca parte a produsului CoolComfortAftershaveGel con\u021bine o plant\u0103 unic\u0103 &#8212; aloe de Barbados, care are o vindecare excelent\u0103 a r\u0103nilor, un efect bactericid \u0219i tonic, care este un factor important pentru pielea sensibil\u0103 \u0219i cu probleme.<\/p>\n<blockquote><p>Sucul de aloe con\u021bine vitaminele C \u0219i E, protejeaz\u0103 \u00eempotriva expunerii la UV \u0219i are un efect de hidratare pronun\u021bat. <img decoding=\"async\" class=\"size-full wp-image-867 alignright\" src=\"https:\/\/svetlana.nsp25.md\/wp-content\/uploads\/2019\/05\/61570-10.jpg\" alt=\"\" width=\"314\" height=\"448\"><\/p><\/blockquote>\n<h3>Propriet\u0103\u021bi de vindecare a r\u0103nilor<\/h3>\n<p>Ingredientele naturale de plante care alc\u0103tuiesc CoolComfortAftershaveGel au propriet\u0103\u021bi unice de vindecare. La urma urmei, c\u00e2nd se rade, foarte des exist\u0103 microtraume, motiv pentru care este at\u00e2t de important s\u0103 ave\u021bi o solu\u021bie eficient\u0103 cu efect antibacterian.<\/p>\n<p>Extractul farmaceutic de mu\u0219e\u021bel amelioreaz\u0103 inflama\u021bia, promoveaz\u0103 vindecarea microfracturilor \u0219i a t\u0103ieturilor \u0219i are un efect analgezic mic.<\/p>\n<p>Toat\u0103 lumea \u0219tie despre propriet\u0103\u021bile ceaiului verde. Extractul de frunze de Camellia Chinese este cel mai bun antioxidant natural, datorit\u0103 con\u021binutului ridicat de substan\u021be active &#8212; polifenoli, dep\u0103\u0219ind de mai multe ori efectul protector al vitaminei E de mai multe ori.<\/p>\n<h3>Agen\u021bi antibacterieni breveta\u021bi \u00een gelului<\/h3>\n<p>O parte din extractul de frunze de rozmarin CoolComfortAftershaveGel (Cool Cool Cool After Shave Gel) nu numai c\u0103re\u0219te circula\u021bia sanguin\u0103 local\u0103, dar sunt \u0219i un puternic efect antiinflamator \u0219i antiseptic.<\/p>\n<blockquote><p>Extractul de ceai verde contine cafeina, care stimuleaza alimentarea pielii si amelioreaza suptul, iar taninurile cresc elasticitatea pielii.<\/p><\/blockquote>\n<p>Polifenolii din ceai nu numai c\u0103 au un efect antibacterian, ci \u0219i \u00eembun\u0103t\u0103\u021besc penetrarea substan\u021belor biologice active \u0219i \u00eembog\u0103\u021besc pielea cu oligoelemente utile.<\/p>\n<p>Utilizarea regulat\u0103 a gelului are un efect benefic asupra pielii, amelioreaz\u0103 iritarea \u0219i contribuie la restaurarea rapid\u0103 a pielii.<\/p>","protected":false},"excerpt":{"rendered":"[trp_language language=\"ru_RU\"]\n<ul>\n<li>\u0421\u043d\u0438\u043c\u0430\u0435\u0442 \u0440\u0430\u0437\u0434\u0440\u0430\u0436\u0435\u043d\u0438\u044f \u0438 \u043e\u043a\u0430\u0437\u044b\u0432\u0430\u0435\u0442 \u0443\u0432\u043b\u0430\u0436\u043d\u044f\u044e\u0449\u0435\u0435 \u0434\u0435\u0439\u0441\u0442\u0432\u0438\u0435<\/li>\n<li>\u0423\u043c\u0435\u043d\u044c\u0448\u0430\u0435\u0442 \u0432\u0435\u0440\u043e\u044f\u0442\u043d\u043e\u0441\u0442\u044c \u0432\u043e\u0437\u043d\u0438\u043a\u043d\u043e\u0432\u0435\u043d\u0438\u044f \u0432\u043e\u0441\u043f\u0430\u043b\u0438\u0442\u0435\u043b\u044c\u043d\u044b\u0445 \u043f\u0440\u043e\u0446\u0435\u0441\u0441\u043e\u0432, \u043e\u0431\u043b\u0430\u0434\u0430\u0435\u0442 \u0443\u0441\u043f\u043e\u043a\u0430\u0438\u0432\u0430\u044e\u0449\u0438\u043c \u0434\u0435\u0439\u0441\u0442\u0432\u0438\u0435\u043c<\/li>\n<li>\u0423\u0441\u0438\u043b\u0438\u0432\u0430\u0435\u0442 \u0440\u0435\u0433\u0435\u043d\u0435\u0440\u0438\u0440\u0443\u044e\u0449\u0438\u0435 \u0444\u0443\u043d\u043a\u0446\u0438\u0438, \u0441\u043f\u043e\u0441\u043e\u0431\u0441\u0442\u0432\u0443\u0435\u0442 \u0437\u0430\u0436\u0438\u0432\u043b\u0435\u043d\u0438\u044e \u0440\u0430\u043d\u043e\u043a<\/li>\n<li>\u041e\u0431\u043b\u0430\u0434\u0430\u0435\u0442 \u0437\u0430\u043c\u0435\u0442\u043d\u044b\u043c\u0438 \u0430\u043d\u0442\u0438\u043e\u043a\u0441\u0438\u0434\u0430\u043d\u0442\u043d\u044b\u043c\u0438 \u0441\u0432\u043e\u0439\u0441\u0442\u0432\u0430\u043c\u0438<\/li>\n<\/ul>\n<p>[\/trp_language]<\/p>\n<ul>\n<li>\u00cembun\u0103t\u0103\u021be\u0219te iritarea \u0219i sunt un efect de hidratare<\/li>\n<li>Reduc probabilitatea proceselor inflamatorii, sunt un efect calmant<\/li>\n<li>\u00cembun\u0103t\u0103\u021be\u0219te func\u021biile regenerative, promoveaz\u0103 vindecarea r\u0103nilor<\/li>\n<li>Sunt agen\u021bi vizibili antioxidan\u021bi breveta\u021bi<\/li>\n<\/ul>\n<p>[\/trp_language]<\/p>","protected":false},"featured_media":1241,"template":"","meta":[],"product_brand":[],"product_cat":[174,160],"product_tag":[118,177,175,178],"class_list":{"0":"post-1110","1":"product","2":"type-product","3":"status-publish","4":"has-post-thumbnail","6":"product_cat-tropical-mists","7":"product_cat-kosmetika-i-uhod","8":"product_tag-dlja-muzhchin","9":"product_tag-kosmetika-riptide","10":"product_tag-kosmetika-tropical-mists","11":"product_tag-sredstva-dlja-britja","13":"first","14":"outofstock","15":"sale","16":"shipping-taxable","17":"purchasable","18":"product-type-simple"},"_links":{"self":[{"href":"http:\/\/svetlana.nsp25.md\/ro\/wp-json\/wp\/v2\/product\/1110","targetHints":{"allow":["GET"]}}],"collection":[{"href":"http:\/\/svetlana.nsp25.md\/ro\/wp-json\/wp\/v2\/product"}],"about":[{"href":"http:\/\/svetlana.nsp25.md\/ro\/wp-json\/wp\/v2\/types\/product"}],"wp:featuredmedia":[{"embeddable":true,"href":"http:\/\/svetlana.nsp25.md\/ro\/wp-json\/wp\/v2\/media\/1241"}],"wp:attachment":[{"href":"http:\/\/svetlana.nsp25.md\/ro\/wp-json\/wp\/v2\/media?parent=1110"}],"wp:term":[{"taxonomy":"product_brand","embeddable":true,"href":"http:\/\/svetlana.nsp25.md\/ro\/wp-json\/wp\/v2\/product_brand?post=1110"},{"taxonomy":"product_cat","embeddable":true,"href":"http:\/\/svetlana.nsp25.md\/ro\/wp-json\/wp\/v2\/product_cat?post=1110"},{"taxonomy":"product_tag","embeddable":true,"href":"http:\/\/svetlana.nsp25.md\/ro\/wp-json\/wp\/v2\/product_tag?post=1110"}],"curies":[{"name":"wp","href":"https:\/\/api.w.org\/{rel}","templated":true}]}}