{"id":1114,"date":"2021-04-23T11:09:37","date_gmt":"2021-04-23T08:09:37","guid":{"rendered":"https:\/\/svetlana.nsp25.md\/product\/night-anti-age-face-cream-intensivnyj-nochnoj-antivozrastnoj-krem-dlja-lica-40"},"modified":"2026-03-10T19:38:39","modified_gmt":"2026-03-10T17:38:39","slug":"night-anti-age-face-cream-intensivnyj-nochnoj-antivozrastnoj-krem-dlja-lica-40","status":"publish","type":"product","link":"http:\/\/svetlana.nsp25.md\/ro\/produs\/night-anti-age-face-cream-intensivnyj-nochnoj-antivozrastnoj-krem-dlja-lica-40","title":{"rendered":"Crem\u0103 de noapte anti-\u00eemb\u0103tr\u00e2nire pentru fa\u021b\u0103 - Crem\u0103 de noapte intensiv\u0103 anti-\u00eemb\u0103tr\u00e2nire pentru fa\u021b\u0103 40+"},"content":{"rendered":"","protected":false},"excerpt":{"rendered":"[trp_language language=\"ru_RU\"]\n<ul>\n<li>Hidratare<\/li>\n<li>\u00cengrijire anti-\u00eemb\u0103tr\u00e2nire<\/li>\n<li>Combaterea ridurilor<\/li>\n<li>Str\u00e2ngerea \u0219i consolidarea cadrului<\/li>\n<li>Propriet\u0103\u021bi antioxidante<\/li>\n<li>Lumineaz\u0103 \u0219i \u00eent\u0103re\u0219te pielea<\/li>\n<\/ul>\n<p>[\/trp_language]<\/p>\n<ul>\n<li>Hidratant<\/li>\n<li>\u00cengrijire m\u0103suri \u00eempotriva jen\u0103rii<\/li>\n<li>Anti-rid<\/li>\n<li>Str\u00e2ngerea \u0219i \u00eent\u0103rirea cadrului<\/li>\n<li>Propriet\u0103\u021bi antioxidante<\/li>\n<li>\u00cendep\u0103rteaz\u0103 \u0219i str\u00e2nge pielea<\/li>\n<\/ul>\n<p>[\/trp_language]<\/p>","protected":false},"featured_media":1516,"template":"","meta":[],"product_brand":[],"product_cat":[179,160],"product_tag":[180,181],"class_list":{"0":"post-1114","1":"product","2":"type-product","3":"status-publish","4":"has-post-thumbnail","6":"product_cat-bremani-care","7":"product_cat-kosmetika-i-uhod","8":"product_tag-bremani-care","9":"product_tag-kosmetika-bremani","11":"first","12":"instock","13":"sale","14":"shipping-taxable","15":"purchasable","16":"product-type-simple"},"_links":{"self":[{"href":"http:\/\/svetlana.nsp25.md\/ro\/wp-json\/wp\/v2\/product\/1114","targetHints":{"allow":["GET"]}}],"collection":[{"href":"http:\/\/svetlana.nsp25.md\/ro\/wp-json\/wp\/v2\/product"}],"about":[{"href":"http:\/\/svetlana.nsp25.md\/ro\/wp-json\/wp\/v2\/types\/product"}],"wp:featuredmedia":[{"embeddable":true,"href":"http:\/\/svetlana.nsp25.md\/ro\/wp-json\/wp\/v2\/media\/1516"}],"wp:attachment":[{"href":"http:\/\/svetlana.nsp25.md\/ro\/wp-json\/wp\/v2\/media?parent=1114"}],"wp:term":[{"taxonomy":"product_brand","embeddable":true,"href":"http:\/\/svetlana.nsp25.md\/ro\/wp-json\/wp\/v2\/product_brand?post=1114"},{"taxonomy":"product_cat","embeddable":true,"href":"http:\/\/svetlana.nsp25.md\/ro\/wp-json\/wp\/v2\/product_cat?post=1114"},{"taxonomy":"product_tag","embeddable":true,"href":"http:\/\/svetlana.nsp25.md\/ro\/wp-json\/wp\/v2\/product_tag?post=1114"}],"curies":[{"name":"wp","href":"https:\/\/api.w.org\/{rel}","templated":true}]}}