{"id":1115,"date":"2021-04-23T11:09:38","date_gmt":"2021-04-23T08:09:38","guid":{"rendered":"https:\/\/svetlana.nsp25.md\/product\/anti-age-eye-contour-cream-antivozrastnoj-krem-dlja-kozhi-vokrug-glaz-spf15-40"},"modified":"2026-03-10T19:35:29","modified_gmt":"2026-03-10T17:35:29","slug":"anti-age-eye-contour-cream-antivozrastnoj-krem-dlja-kozhi-vokrug-glaz-spf15-40","status":"publish","type":"product","link":"http:\/\/svetlana.nsp25.md\/ro\/produs\/anti-age-eye-contour-cream-antivozrastnoj-krem-dlja-kozhi-vokrug-glaz-spf15-40","title":{"rendered":"Anti-age Eye Contour Cream - Crem\u0103 de ochi anti-\u00eemb\u0103tr\u00e2nire SPF15 40+"},"content":{"rendered":"","protected":false},"excerpt":{"rendered":"[trp_language language=\"ru_RU\"]\n<ul>\n<li>Protec\u021bie \u00eempotriva foto-\u00eemb\u0103tr\u00e2nirii<\/li>\n<li>\u00cengrijire anti-\u00eemb\u0103tr\u00e2nire<\/li>\n<li>Combaterea ridurilor<\/li>\n<li>Efect de iluminare<\/li>\n<li>Combate cercurile \u00eentunecate \u0219i pungile de sub ochi<\/li>\n<li>Hidrateaz\u0103<\/li>\n<\/ul>\n<p>[\/trp_language]<\/p>\n<ul>\n<li>Protec\u021bia \u00eempotriva \u00eemb\u0103tr\u00e2nirii fotografilor<\/li>\n<li>\u00cengrijire m\u0103suri \u00eempotriva jen\u0103rii<\/li>\n<li>Anti-rid<\/li>\n<li>Efect de luminare<\/li>\n<li>Lupte\u0219te cercurile \u0219i pungile \u00eentunecate sub ochi<\/li>\n<li>Hidratare<\/li>\n<\/ul>\n<p>[\/trp_language]<\/p>","protected":false},"featured_media":1422,"template":"","meta":[],"product_brand":[],"product_cat":[179,160],"product_tag":[180,181],"class_list":{"0":"post-1115","1":"product","2":"type-product","3":"status-publish","4":"has-post-thumbnail","6":"product_cat-bremani-care","7":"product_cat-kosmetika-i-uhod","8":"product_tag-bremani-care","9":"product_tag-kosmetika-bremani","11":"first","12":"instock","13":"sale","14":"shipping-taxable","15":"purchasable","16":"product-type-simple"},"_links":{"self":[{"href":"http:\/\/svetlana.nsp25.md\/ro\/wp-json\/wp\/v2\/product\/1115","targetHints":{"allow":["GET"]}}],"collection":[{"href":"http:\/\/svetlana.nsp25.md\/ro\/wp-json\/wp\/v2\/product"}],"about":[{"href":"http:\/\/svetlana.nsp25.md\/ro\/wp-json\/wp\/v2\/types\/product"}],"wp:featuredmedia":[{"embeddable":true,"href":"http:\/\/svetlana.nsp25.md\/ro\/wp-json\/wp\/v2\/media\/1422"}],"wp:attachment":[{"href":"http:\/\/svetlana.nsp25.md\/ro\/wp-json\/wp\/v2\/media?parent=1115"}],"wp:term":[{"taxonomy":"product_brand","embeddable":true,"href":"http:\/\/svetlana.nsp25.md\/ro\/wp-json\/wp\/v2\/product_brand?post=1115"},{"taxonomy":"product_cat","embeddable":true,"href":"http:\/\/svetlana.nsp25.md\/ro\/wp-json\/wp\/v2\/product_cat?post=1115"},{"taxonomy":"product_tag","embeddable":true,"href":"http:\/\/svetlana.nsp25.md\/ro\/wp-json\/wp\/v2\/product_tag?post=1115"}],"curies":[{"name":"wp","href":"https:\/\/api.w.org\/{rel}","templated":true}]}}