{"id":1117,"date":"2021-04-23T11:09:39","date_gmt":"2021-04-23T08:09:39","guid":{"rendered":"https:\/\/svetlana.nsp25.md\/product\/revitalizing-eye-contour-cream-vosstanavlivajushhij-krem-dlja-kozhi-vokrug-glaz-spf15"},"modified":"2026-03-10T19:35:01","modified_gmt":"2026-03-10T17:35:01","slug":"revitalizing-eye-contour-cream-vosstanavlivajushhij-krem-dlja-kozhi-vokrug-glaz-spf15","status":"publish","type":"product","link":"http:\/\/svetlana.nsp25.md\/ro\/produs\/revitalizing-eye-contour-cream-vosstanavlivajushhij-krem-dlja-kozhi-vokrug-glaz-spf15","title":{"rendered":"Crem\u0103 revitalizant\u0103 pentru conturul ochilor - Crem\u0103 revitalizant\u0103 pentru conturul ochilor SPF15"},"content":{"rendered":"","protected":false},"excerpt":{"rendered":"[trp_language language=\"ru_RU\"]\n<ul>\n<li>Protec\u021bie \u00eempotriva foto-\u00eemb\u0103tr\u00e2nirii<\/li>\n<li>\u00cengrijire anti-\u00eemb\u0103tr\u00e2nire<\/li>\n<li>\u0411\u043e\u0440\u0435\u0442\u0441\u044f \u0441 \u043c\u043e\u0440\u0449\u0438\u043d\u0430\u043c\u0438<\/li>\n<li>Hidrateaz\u0103<\/li>\n<li>\u041e\u0442 \u0442\u0435\u043c\u043d\u044b\u0445 \u043a\u0440\u0443\u0433\u043e\u0432<\/li>\n<\/ul>\n<p>[\/trp_language]<\/p>\n<ul>\n<li>Protec\u021bia \u00eempotriva \u00eemb\u0103tr\u00e2nirii fotografilor<\/li>\n<li>\u00cengrijire m\u0103suri \u00eempotriva jen\u0103rii<\/li>\n<li>Combate ridurile<\/li>\n<li>Hidratare<\/li>\n<li>Din cercurile \u00eentunecate<\/li>\n<\/ul>\n<p>[\/trp_language]<\/p>","protected":false},"featured_media":1194,"template":"","meta":[],"product_brand":[],"product_cat":[179,160],"product_tag":[180,181],"class_list":{"0":"post-1117","1":"product","2":"type-product","3":"status-publish","4":"has-post-thumbnail","6":"product_cat-bremani-care","7":"product_cat-kosmetika-i-uhod","8":"product_tag-bremani-care","9":"product_tag-kosmetika-bremani","11":"first","12":"instock","13":"sale","14":"shipping-taxable","15":"purchasable","16":"product-type-simple"},"_links":{"self":[{"href":"http:\/\/svetlana.nsp25.md\/ro\/wp-json\/wp\/v2\/product\/1117","targetHints":{"allow":["GET"]}}],"collection":[{"href":"http:\/\/svetlana.nsp25.md\/ro\/wp-json\/wp\/v2\/product"}],"about":[{"href":"http:\/\/svetlana.nsp25.md\/ro\/wp-json\/wp\/v2\/types\/product"}],"wp:featuredmedia":[{"embeddable":true,"href":"http:\/\/svetlana.nsp25.md\/ro\/wp-json\/wp\/v2\/media\/1194"}],"wp:attachment":[{"href":"http:\/\/svetlana.nsp25.md\/ro\/wp-json\/wp\/v2\/media?parent=1117"}],"wp:term":[{"taxonomy":"product_brand","embeddable":true,"href":"http:\/\/svetlana.nsp25.md\/ro\/wp-json\/wp\/v2\/product_brand?post=1117"},{"taxonomy":"product_cat","embeddable":true,"href":"http:\/\/svetlana.nsp25.md\/ro\/wp-json\/wp\/v2\/product_cat?post=1117"},{"taxonomy":"product_tag","embeddable":true,"href":"http:\/\/svetlana.nsp25.md\/ro\/wp-json\/wp\/v2\/product_tag?post=1117"}],"curies":[{"name":"wp","href":"https:\/\/api.w.org\/{rel}","templated":true}]}}