{"id":1129,"date":"2021-04-23T11:09:47","date_gmt":"2021-04-23T08:09:47","guid":{"rendered":"https:\/\/svetlana.nsp25.md\/product\/nabor-zdorove-zhkt-kak-osnova"},"modified":"2026-03-10T19:25:40","modified_gmt":"2026-03-10T17:25:40","slug":"nabor-zdorove-zhkt-kak-osnova","status":"publish","type":"product","link":"http:\/\/svetlana.nsp25.md\/ro\/produs\/nabor-zdorove-zhkt-kak-osnova","title":{"rendered":"Set \u00abS\u0103n\u0103tatea tractului digestiv ca baz\u0103\u00bb"},"content":{"rendered":"","protected":false},"excerpt":{"rendered":"[trp_language language=\"ru_RU\"]\n<ul>\n<li>\u041f\u043e\u043c\u043e\u0433\u0430\u0435\u0442 \u043e\u0431\u043d\u043e\u0432\u043b\u0435\u043d\u0438\u044e \u0442\u043a\u0430\u043d\u0435\u0439, \u0441\u0442\u0438\u043c\u0443\u043b\u0438\u0440\u0443\u0435\u0442 \u0438 \u043f\u043e\u0434\u0434\u0435\u0440\u0436\u0438\u0432\u0430\u0435\u0442 \u043a\u0440\u043e\u0432\u0435\u0442\u0432\u043e\u0440\u043d\u0443\u044e \u0441\u0438\u0441\u0442\u0435\u043c\u0443, \u0430 \u0442\u0430\u043a\u0436\u0435 \u0441\u0442\u0438\u043c\u0443\u043b\u0438\u0440\u0443\u0435\u0442 \u0438\u043c\u043c\u0443\u043d\u043d\u0443\u044e \u0441\u0438\u0441\u0442\u0435\u043c\u0443;<\/li>\n<li>\u041e\u0431\u043b\u0430\u0434\u0430\u0435\u0442 \u043f\u0440\u043e\u0442\u0438\u0432\u043e\u0433\u0440\u0438\u0431\u043a\u043e\u0432\u044b\u043c \u044d\u0444\u0444\u0435\u043a\u0442\u043e\u043c, \u0441\u0438\u043b\u044c\u043d\u044b\u043c \u0430\u043d\u0442\u0438\u0432\u0438\u0440\u0443\u0441\u043d\u044b\u043c \u0438 \u0430\u043d\u0442\u0438\u0431\u0430\u043a\u0442\u0435\u0440\u0438\u0430\u043b\u044c\u043d\u044b\u043c \u044d\u0444\u0444\u0435\u043a\u0442\u043e\u043c, \u043e\u0431\u0448\u0438\u0440\u043d\u043e \u043f\u043e\u0434\u0434\u0435\u0440\u0436\u0438\u0432\u0430\u0435\u0442 \u0438\u043c\u043c\u0443\u043d\u043d\u0443\u044e \u0441\u0438\u0441\u0442\u0435\u043c\u0443;<\/li>\n<li>\u041e\u0441\u043b\u0430\u0431\u043b\u044f\u0435\u0442 \u0432\u0440\u0435\u0434\u043e\u043d\u043e\u0441\u043d\u044b\u0435 \u0431\u0430\u043a\u0442\u0435\u0440\u0438\u0438, \u0432\u044b\u0437\u044b\u0432\u0430\u044e\u0449\u0438\u0435 \u044f\u0437\u0432\u0443 \u0436\u0435\u043b\u0443\u0434\u043a\u0430 (\u041delicobacter pylori), \u043f\u043e\u0432\u044b\u0448\u0430\u0435\u0442 \u0432\u044b\u0440\u0430\u0431\u043e\u0442\u043a\u0443 \u0437\u0430\u0449\u0438\u0442\u043d\u043e\u0439 \u0441\u043b\u0438\u0437\u0438 \u043f\u0438\u0449\u0435\u0432\u0430\u0440\u0435\u043d\u0438\u044f, \u043e\u0431\u0435\u0441\u043f\u0435\u0447\u0438\u0432\u0430\u044f \u0434\u043e\u043f\u043e\u043b\u043d\u0438\u0442\u0435\u043b\u044c\u043d\u044b\u0439 \u043c\u043e\u0449\u043d\u044b\u0439<\/li>\n<li>\u041f\u0440\u043e\u0442\u0438\u0432\u043e\u0432\u043e\u0441\u043f\u0430\u043b\u0438\u0442\u0435\u043b\u044c\u043d\u044b\u0439 \u044d\u0444\u0444\u0435\u043a\u0442 \u0432 \u043e\u0440\u0433\u0430\u043d\u0438\u0437\u043c\u0435;<\/li>\n<li>\u041d\u043e\u0440\u043c\u0430\u043b\u0438\u0437\u0443\u0435\u0442 \u0438 \u043f\u043e\u0434\u0434\u0435\u0440\u0436\u0438\u0432\u0430\u0435\u0442 \u0440\u0430\u0431\u043e\u0442\u0443 \u043f\u0438\u0449\u0435\u0432\u0430\u0440\u0438\u0442\u0435\u043b\u044c\u043d\u043e\u0439 \u0441\u0438\u0441\u0442\u0435\u043c\u044b, \u043f\u0440\u0435\u0434\u043e\u0442\u0432\u0440\u0430\u0449\u0430\u0435\u0442 \u0440\u043e\u0441\u0442 \u0434\u0440\u043e\u0436\u0436\u0435\u0439;<\/li>\n<\/ul>\n<p>[\/trp_language]<\/p>\n<ul>\n<li>Ajut\u0103 la regenerarea tisular\u0103, stimuleaz\u0103 \u0219i sprijin\u0103 sistemul hematopoietic \u0219i stimuleaz\u0103, de asemenea, sistemul imunitar;<\/li>\n<li>Sunt efect antifungic, un efect puternic antiviral \u0219i antibacterian, sus\u021bine pe scar\u0103 larg\u0103 sistemul imunitar;<\/li>\n<li>Sc\u0103derea bacteriilor d\u0103un\u0103toare care provoac\u0103 ulcera\u021bia stomal\u0103 (Helicobacter pylori), producerea de mucus pentru protec\u021bia sistemului digestiv, oferind o putere suplimentar\u0103<\/li>\n<li>Efectul antiinflamator \u00een organism;<\/li>\n<li>Normalizeaz\u0103 \u0219i sprijin\u0103 sistemul digestiv, previne cre\u0219terea drojdiei;<\/li>\n<\/ul>\n<p>[\/trp_language]<\/p>","protected":false},"featured_media":1890,"template":"","meta":[],"product_brand":[],"product_cat":[189],"product_tag":[117,123,134,118],"class_list":{"0":"post-1129","1":"product","2":"type-product","3":"status-publish","4":"has-post-thumbnail","6":"product_cat-gotovye-nabory","7":"product_tag-bad","8":"product_tag-vitaminnye-kompleksy","9":"product_tag-dlja-zhenshhin","10":"product_tag-dlja-muzhchin","12":"first","13":"instock","14":"sale","15":"shipping-taxable","16":"purchasable","17":"product-type-simple"},"_links":{"self":[{"href":"http:\/\/svetlana.nsp25.md\/ro\/wp-json\/wp\/v2\/product\/1129","targetHints":{"allow":["GET"]}}],"collection":[{"href":"http:\/\/svetlana.nsp25.md\/ro\/wp-json\/wp\/v2\/product"}],"about":[{"href":"http:\/\/svetlana.nsp25.md\/ro\/wp-json\/wp\/v2\/types\/product"}],"wp:featuredmedia":[{"embeddable":true,"href":"http:\/\/svetlana.nsp25.md\/ro\/wp-json\/wp\/v2\/media\/1890"}],"wp:attachment":[{"href":"http:\/\/svetlana.nsp25.md\/ro\/wp-json\/wp\/v2\/media?parent=1129"}],"wp:term":[{"taxonomy":"product_brand","embeddable":true,"href":"http:\/\/svetlana.nsp25.md\/ro\/wp-json\/wp\/v2\/product_brand?post=1129"},{"taxonomy":"product_cat","embeddable":true,"href":"http:\/\/svetlana.nsp25.md\/ro\/wp-json\/wp\/v2\/product_cat?post=1129"},{"taxonomy":"product_tag","embeddable":true,"href":"http:\/\/svetlana.nsp25.md\/ro\/wp-json\/wp\/v2\/product_tag?post=1129"}],"curies":[{"name":"wp","href":"https:\/\/api.w.org\/{rel}","templated":true}]}}