{"id":1132,"date":"2021-04-23T11:09:50","date_gmt":"2021-04-23T08:09:50","guid":{"rendered":"https:\/\/svetlana.nsp25.md\/product\/nabor-zdorovoe-serdce"},"modified":"2026-01-26T11:48:58","modified_gmt":"2026-01-26T09:48:58","slug":"nabor-zdorovoe-serdce","status":"publish","type":"product","link":"http:\/\/svetlana.nsp25.md\/ro\/produs\/nabor-zdorovoe-serdce","title":{"rendered":"Set \u00abInima s\u0103n\u0103toas\u0103\u00bb"},"content":{"rendered":"","protected":false},"excerpt":{"rendered":"[trp_language language=\"ru_RU\"]\n<ul>\n<li>\u041e\u043a\u0430\u0437\u044b\u0432\u0430\u0435\u0442 \u043f\u0438\u0442\u0430\u0442\u0435\u043b\u044c\u043d\u0443\u044e \u0438 \u043c\u0435\u0442\u0430\u0431\u043e\u043b\u0438\u0447\u0435\u0441\u043a\u0443\u044e \u043f\u043e\u0434\u0434\u0435\u0440\u0436\u043a\u0443 \u043c\u0438\u043e\u043a\u0430\u0440\u0434\u0443, \u0447\u0442\u043e \u043f\u043e\u0437\u0432\u043e\u043b\u044f\u0435\u0442 \u043f\u043e\u0434\u0434\u0435\u0440\u0436\u0438\u0432\u0430\u0442\u044c \u0432\u044b\u0441\u043e\u043a\u0443\u044e \u0440\u0430\u0431\u043e\u0442\u043e\u0441\u043f\u043e\u0441\u043e\u0431\u043d\u043e\u0441\u0442\u044c \u0441\u0435\u0440\u0434\u0435\u0447\u043d\u043e\u0439 \u043c\u044b\u0448\u0446\u044b<\/li>\n<li>\u041f\u0440\u0435\u0434\u0443\u043f\u0440\u0435\u0436\u0434\u0430\u0435\u0442 \u0440\u0430\u0437\u0432\u0438\u0442\u0438\u0435 \u043a\u0430\u0440\u0434\u0438\u043e\u0441\u043a\u043b\u0435\u0440\u043e\u0437\u0430<\/li>\n<li>\u041f\u0440\u043e\u0442\u0438\u0432\u043e\u0441\u0442\u043e\u0438\u0442 \u043e\u043a\u0438\u0441\u043b\u0438\u0442\u0435\u043b\u044c\u043d\u043e\u043c\u0443 \u0441\u0442\u0440\u0435\u0441\u0441\u0443, \u0434\u0435\u0444\u0438\u0446\u0438\u0442\u0443 \u044d\u043d\u0435\u0440\u0433\u0438\u0438 \u0438 \u0434\u0440\u0443\u0433\u0438\u043c \u043f\u0440\u043e\u0431\u043b\u0435\u043c\u0430\u043c.<\/li>\n<\/ul>\n<p>[\/trp_language]<\/p>\n<ul>\n<li>Ofer\u0103 un suport nutri\u021bional \u0219i metabolic pentru miocard, care permite reducerea performan\u021bei mu\u0219chiului cardiac<\/li>\n<li>\u00cempiedic\u0103 dezvoltarea cardiocicrozei<\/li>\n<li>Rezist\u0103 stresului oxidativ, deficien\u021bei energetice \u0219i altor probleme.<\/li>\n<\/ul>\n<p>[\/trp_language]<\/p>","protected":false},"featured_media":1879,"template":"","meta":[],"product_brand":[],"product_cat":[189],"product_tag":[117,123,134,118],"class_list":{"0":"post-1132","1":"product","2":"type-product","3":"status-publish","4":"has-post-thumbnail","6":"product_cat-gotovye-nabory","7":"product_tag-bad","8":"product_tag-vitaminnye-kompleksy","9":"product_tag-dlja-zhenshhin","10":"product_tag-dlja-muzhchin","12":"first","13":"outofstock","14":"sale","15":"shipping-taxable","16":"purchasable","17":"product-type-simple"},"_links":{"self":[{"href":"http:\/\/svetlana.nsp25.md\/ro\/wp-json\/wp\/v2\/product\/1132","targetHints":{"allow":["GET"]}}],"collection":[{"href":"http:\/\/svetlana.nsp25.md\/ro\/wp-json\/wp\/v2\/product"}],"about":[{"href":"http:\/\/svetlana.nsp25.md\/ro\/wp-json\/wp\/v2\/types\/product"}],"wp:featuredmedia":[{"embeddable":true,"href":"http:\/\/svetlana.nsp25.md\/ro\/wp-json\/wp\/v2\/media\/1879"}],"wp:attachment":[{"href":"http:\/\/svetlana.nsp25.md\/ro\/wp-json\/wp\/v2\/media?parent=1132"}],"wp:term":[{"taxonomy":"product_brand","embeddable":true,"href":"http:\/\/svetlana.nsp25.md\/ro\/wp-json\/wp\/v2\/product_brand?post=1132"},{"taxonomy":"product_cat","embeddable":true,"href":"http:\/\/svetlana.nsp25.md\/ro\/wp-json\/wp\/v2\/product_cat?post=1132"},{"taxonomy":"product_tag","embeddable":true,"href":"http:\/\/svetlana.nsp25.md\/ro\/wp-json\/wp\/v2\/product_tag?post=1132"}],"curies":[{"name":"wp","href":"https:\/\/api.w.org\/{rel}","templated":true}]}}