{"id":1134,"date":"2021-04-23T11:09:51","date_gmt":"2021-04-23T08:09:51","guid":{"rendered":"https:\/\/svetlana.nsp25.md\/product\/nabor-silnyj-immunitet-stop-prostuda"},"modified":"2026-01-26T11:48:58","modified_gmt":"2026-01-26T09:48:58","slug":"nabor-silnyj-immunitet-stop-prostuda","status":"publish","type":"product","link":"http:\/\/svetlana.nsp25.md\/ro\/produs\/nabor-silnyj-immunitet-stop-prostuda","title":{"rendered":"Kit imunitate puternic\u0103 (Stop Cold)"},"content":{"rendered":"","protected":false},"excerpt":{"rendered":"[trp_language language=\"ru_RU\"]\n<ul>\n<li>\u041f\u043e\u0434\u0433\u043e\u0442\u0430\u0432\u043b\u0438\u0432\u0430\u0435\u0442 \u0438\u043c\u043c\u0443\u043d\u0438\u0442\u0435\u0442 \u043a \u043f\u0435\u0440\u0438\u043e\u0434\u0443 \u043d\u0430\u0438\u0431\u043e\u043b\u044c\u0448\u0435\u0433\u043e \u0440\u0438\u0441\u043a\u0430 \u0432\u043e\u0437\u043d\u0438\u043a\u043d\u043e\u0432\u0435\u043d\u0438\u044f \u043f\u0440\u043e\u0441\u0442\u0443\u0434\u043d\u044b\u0445 \u0437\u0430\u0431\u043e\u043b\u0435\u0432\u0430\u043d\u0438\u0439<\/li>\n<li>\u0421\u0435\u0440\u044c\u0435\u0437\u043d\u043e \u0441\u043d\u0438\u0436\u0430\u0435\u0442 \u0440\u0438\u0441\u043a \u0437\u0430\u0431\u043e\u043b\u0435\u0432\u0430\u043d\u0438\u044f \u041e\u0420\u0412\u0418 \u0438 \u0434\u0440\u0443\u0433\u0438\u043c\u0438 \u043f\u0440\u043e\u0441\u0442\u0443\u0434\u043d\u044b\u043c\u0438 \u0437\u0430\u0431\u043e\u043b\u0435\u0432\u0430\u043d\u0438\u044f\u043c\u0438<\/li>\n<li>\u0417\u043d\u0430\u0447\u0438\u0442\u0435\u043b\u044c\u043d\u043e \u0443\u043c\u0435\u043d\u044c\u0448\u0430\u0435\u0442 \u0432\u0440\u0435\u043c\u044f \u043f\u0440\u043e\u0442\u0435\u043a\u0430\u043d\u0438\u044f \u0431\u043e\u043b\u0435\u0437\u043d\u0438<\/li>\n<li>\u0423\u043c\u0435\u043d\u044c\u0448\u0430\u0435\u0442 \u0443\u0433\u0440\u043e\u0437\u0443 \u043f\u043e\u044f\u0432\u043b\u0435\u043d\u0438\u044f \u043e\u0441\u043b\u043e\u0436\u043d\u0435\u043d\u0438\u0439<\/li>\n<\/ul>\n<p>[\/trp_language]<\/p>\n<ul>\n<li>Preg\u0103te\u0219te imunitatea pentru perioada cea mai expus\u0103 riscului de r\u0103ceal\u0103<\/li>\n<li>Serios reduce riscul de SRAS \u0219i alte r\u0103celi<\/li>\n<li>Reduce considerabil durata bolii<\/li>\n<li>Reducerea riscului complica\u021biilor<\/li>\n<\/ul>\n<p>[\/trp_language]<\/p>","protected":false},"featured_media":1872,"template":"","meta":[],"product_brand":[],"product_cat":[189],"product_tag":[117,123,134,118],"class_list":{"0":"post-1134","1":"product","2":"type-product","3":"status-publish","4":"has-post-thumbnail","6":"product_cat-gotovye-nabory","7":"product_tag-bad","8":"product_tag-vitaminnye-kompleksy","9":"product_tag-dlja-zhenshhin","10":"product_tag-dlja-muzhchin","12":"first","13":"outofstock","14":"sale","15":"shipping-taxable","16":"purchasable","17":"product-type-simple"},"_links":{"self":[{"href":"http:\/\/svetlana.nsp25.md\/ro\/wp-json\/wp\/v2\/product\/1134","targetHints":{"allow":["GET"]}}],"collection":[{"href":"http:\/\/svetlana.nsp25.md\/ro\/wp-json\/wp\/v2\/product"}],"about":[{"href":"http:\/\/svetlana.nsp25.md\/ro\/wp-json\/wp\/v2\/types\/product"}],"wp:featuredmedia":[{"embeddable":true,"href":"http:\/\/svetlana.nsp25.md\/ro\/wp-json\/wp\/v2\/media\/1872"}],"wp:attachment":[{"href":"http:\/\/svetlana.nsp25.md\/ro\/wp-json\/wp\/v2\/media?parent=1134"}],"wp:term":[{"taxonomy":"product_brand","embeddable":true,"href":"http:\/\/svetlana.nsp25.md\/ro\/wp-json\/wp\/v2\/product_brand?post=1134"},{"taxonomy":"product_cat","embeddable":true,"href":"http:\/\/svetlana.nsp25.md\/ro\/wp-json\/wp\/v2\/product_cat?post=1134"},{"taxonomy":"product_tag","embeddable":true,"href":"http:\/\/svetlana.nsp25.md\/ro\/wp-json\/wp\/v2\/product_tag?post=1134"}],"curies":[{"name":"wp","href":"https:\/\/api.w.org\/{rel}","templated":true}]}}