{"id":1135,"date":"2021-04-23T11:09:52","date_gmt":"2021-04-23T08:09:52","guid":{"rendered":"https:\/\/svetlana.nsp25.md\/product\/nabor-antistress"},"modified":"2026-01-26T11:48:58","modified_gmt":"2026-01-26T09:48:58","slug":"nabor-antistress","status":"publish","type":"product","link":"http:\/\/svetlana.nsp25.md\/ro\/produs\/nabor-antistress","title":{"rendered":"Set \u00abAnti-stres\u00bb"},"content":{"rendered":"","protected":false},"excerpt":{"rendered":"[trp_language language=\"ru_RU\"]\n<ul>\n<li>\u0423\u0441\u0442\u0440\u0430\u043d\u044f\u0435\u0442 \u0442\u0440\u0435\u0432\u043e\u0433\u0443 \u0438 \u043d\u0435\u0440\u0432\u043d\u043e\u0435 \u043d\u0430\u043f\u0440\u044f\u0436\u0435\u043d\u0438\u0435<\/li>\n<li>\u041f\u0440\u043e\u0442\u0438\u0432\u043e\u0441\u0442\u043e\u0438\u0442 \u0434\u0435\u043f\u0440\u0435\u0441\u0441\u0438\u044f\u043c<\/li>\n<li>\u0423\u043b\u0443\u0447\u0448\u0430\u0435\u0442 \u0441\u043e\u043d<\/li>\n<li>\u0421\u043f\u043e\u0441\u043e\u0431\u0441\u0442\u0432\u0443\u0435\u0442 \u0432\u044b\u0440\u0430\u0431\u043e\u0442\u043a\u0435 \u0441\u0435\u0440\u043e\u0442\u043e\u043d\u0438\u043d\u0430 \u0432 \u043a\u0440\u043e\u0432\u0438<\/li>\n<\/ul>\n<p>[\/trp_language]<\/p>\n<ul>\n<li>Eliminarea anxiet\u0103\u021bii \u0219i a tensiunii nervoase<\/li>\n<li>Rezist\u0103 depresiei<\/li>\n<li>\u00cembun\u0103t\u0103\u021be\u0219te somnul<\/li>\n<li>Promoveaz\u0103 produc\u021bia de serotonin\u0103 \u00een s\u00e2nge<\/li>\n<\/ul>\n<p>[\/trp_language]<\/p>","protected":false},"featured_media":1869,"template":"","meta":[],"product_brand":[],"product_cat":[189],"product_tag":[117,123,134,118],"class_list":{"0":"post-1135","1":"product","2":"type-product","3":"status-publish","4":"has-post-thumbnail","6":"product_cat-gotovye-nabory","7":"product_tag-bad","8":"product_tag-vitaminnye-kompleksy","9":"product_tag-dlja-zhenshhin","10":"product_tag-dlja-muzhchin","12":"first","13":"outofstock","14":"sale","15":"shipping-taxable","16":"purchasable","17":"product-type-simple"},"_links":{"self":[{"href":"http:\/\/svetlana.nsp25.md\/ro\/wp-json\/wp\/v2\/product\/1135","targetHints":{"allow":["GET"]}}],"collection":[{"href":"http:\/\/svetlana.nsp25.md\/ro\/wp-json\/wp\/v2\/product"}],"about":[{"href":"http:\/\/svetlana.nsp25.md\/ro\/wp-json\/wp\/v2\/types\/product"}],"wp:featuredmedia":[{"embeddable":true,"href":"http:\/\/svetlana.nsp25.md\/ro\/wp-json\/wp\/v2\/media\/1869"}],"wp:attachment":[{"href":"http:\/\/svetlana.nsp25.md\/ro\/wp-json\/wp\/v2\/media?parent=1135"}],"wp:term":[{"taxonomy":"product_brand","embeddable":true,"href":"http:\/\/svetlana.nsp25.md\/ro\/wp-json\/wp\/v2\/product_brand?post=1135"},{"taxonomy":"product_cat","embeddable":true,"href":"http:\/\/svetlana.nsp25.md\/ro\/wp-json\/wp\/v2\/product_cat?post=1135"},{"taxonomy":"product_tag","embeddable":true,"href":"http:\/\/svetlana.nsp25.md\/ro\/wp-json\/wp\/v2\/product_tag?post=1135"}],"curies":[{"name":"wp","href":"https:\/\/api.w.org\/{rel}","templated":true}]}}