{"id":1136,"date":"2021-04-23T11:09:52","date_gmt":"2021-04-23T08:09:52","guid":{"rendered":"https:\/\/svetlana.nsp25.md\/product\/nabor-jasnaja-golova"},"modified":"2025-04-08T19:55:14","modified_gmt":"2025-04-08T16:55:14","slug":"nabor-jasnaja-golova","status":"publish","type":"product","link":"http:\/\/svetlana.nsp25.md\/ro\/produs\/nabor-jasnaja-golova","title":{"rendered":"Set \u00abClear Head\u00bb"},"content":{"rendered":"","protected":false},"excerpt":{"rendered":"[trp_language language=\"ru_RU\"]\n<ul>\n<li>\u0423\u043b\u0443\u0447\u0448\u0430\u044e\u0442 \u0440\u0430\u0431\u043e\u0442\u043e\u0441\u043f\u043e\u0441\u043e\u0431\u043d\u043e\u0441\u0442\u044c \u043a\u043b\u0435\u0442\u043e\u043a \u0433\u043e\u043b\u043e\u0432\u043d\u043e\u0433\u043e \u043c\u043e\u0437\u0433\u0430<\/li>\n<li>\u041f\u043e\u0434\u0434\u0435\u0440\u0436\u0438\u0432\u0430\u044e\u0442 \u043e\u0431\u043c\u0435\u043d \u0432\u0435\u0449\u0435\u0441\u0442\u0432 \u0432 \u043d\u0435\u0439\u0440\u043e\u043d\u0430\u0445<\/li>\n<li>\u0421\u043f\u043e\u0441\u043e\u0431\u0441\u0442\u0432\u0443\u044e\u0442 \u0432\u044b\u0440\u0430\u0431\u043e\u0442\u043a\u0435 \u044d\u043d\u0435\u0440\u0433\u0438\u0438<\/li>\n<li>\u0423\u043b\u0443\u0447\u0448\u0430\u0435\u0442 \u043f\u0430\u043c\u044f\u0442\u044c, \u043d\u0430\u0441\u0442\u0440\u043e\u0435\u043d\u0438\u0435, \u043c\u044b\u0448\u043b\u0435\u043d\u0438\u0435<\/li>\n<li>\u0421\u043d\u0438\u043c\u0430\u0435\u0442 \u0443\u0442\u043e\u043c\u043b\u0435\u043d\u0438\u0435, \u043e\u0431\u043e\u0441\u0442\u0440\u044f\u0435\u0442 \u0432\u043e\u0441\u043f\u0440\u0438\u044f\u0442\u0438\u0435 \u0438\u043d\u0444\u043e\u0440\u043c\u0430\u0446\u0438\u0438<\/li>\n<\/ul>\n<p>[\/trp_language]<\/p>\n<ul>\n<li>\u00cembun\u0103t\u0103\u021birea performan\u021bei celulelor creierului<\/li>\n<li>Sprijin\u0103 metabolismul neuronilor<\/li>\n<li>Promovarea produc\u021biei de energie<\/li>\n<li>\u00cembun\u0103t\u0103\u021be\u0219te memoria, starea de spirit, g\u00e2ndirea<\/li>\n<li>Reduce oboseala, accentueaz\u0103 perp\u021bia informa\u021biilor<\/li>\n<\/ul>\n<p>[\/trp_language]<\/p>","protected":false},"featured_media":1870,"template":"","meta":[],"product_brand":[],"product_cat":[189],"product_tag":[140,117,123,131,151,134,124,135,148,125,149,142,143,136,190,152,144],"class_list":{"0":"post-1136","1":"product","2":"type-product","3":"status-publish","4":"has-post-thumbnail","6":"product_cat-gotovye-nabory","7":"product_tag-antioksidanty","8":"product_tag-bad","9":"product_tag-vitaminnye-kompleksy","10":"product_tag-golovnoj-mozg-i-nervnaja-sistema","11":"product_tag-dlja-detej","12":"product_tag-dlja-zhenshhin","13":"product_tag-dlja-korrekcii-vesa","14":"product_tag-dlja-ochistki-organizma","15":"product_tag-dlja-podderzhanija-fizicheskoj-aktivnosti","16":"product_tag-dlja-pozhilyh","17":"product_tag-dlja-sportsmenov","18":"product_tag-zrenie","19":"product_tag-kozha","20":"product_tag-krovetvorenie","21":"product_tag-nabory","22":"product_tag-oporno-dvigatelnaja-sistema","23":"product_tag-serdechno-sosudistaja-sistema","25":"first","26":"instock","27":"sale","28":"shipping-taxable","29":"purchasable","30":"product-type-simple"},"_links":{"self":[{"href":"http:\/\/svetlana.nsp25.md\/ro\/wp-json\/wp\/v2\/product\/1136","targetHints":{"allow":["GET"]}}],"collection":[{"href":"http:\/\/svetlana.nsp25.md\/ro\/wp-json\/wp\/v2\/product"}],"about":[{"href":"http:\/\/svetlana.nsp25.md\/ro\/wp-json\/wp\/v2\/types\/product"}],"wp:featuredmedia":[{"embeddable":true,"href":"http:\/\/svetlana.nsp25.md\/ro\/wp-json\/wp\/v2\/media\/1870"}],"wp:attachment":[{"href":"http:\/\/svetlana.nsp25.md\/ro\/wp-json\/wp\/v2\/media?parent=1136"}],"wp:term":[{"taxonomy":"product_brand","embeddable":true,"href":"http:\/\/svetlana.nsp25.md\/ro\/wp-json\/wp\/v2\/product_brand?post=1136"},{"taxonomy":"product_cat","embeddable":true,"href":"http:\/\/svetlana.nsp25.md\/ro\/wp-json\/wp\/v2\/product_cat?post=1136"},{"taxonomy":"product_tag","embeddable":true,"href":"http:\/\/svetlana.nsp25.md\/ro\/wp-json\/wp\/v2\/product_tag?post=1136"}],"curies":[{"name":"wp","href":"https:\/\/api.w.org\/{rel}","templated":true}]}}