{"id":1139,"date":"2021-04-23T11:09:54","date_gmt":"2021-04-23T08:09:54","guid":{"rendered":"https:\/\/svetlana.nsp25.md\/product\/nabor-kozha-volosy-nogti"},"modified":"2026-01-26T11:48:58","modified_gmt":"2026-01-26T09:48:58","slug":"nabor-kozha-volosy-nogti","status":"publish","type":"product","link":"http:\/\/svetlana.nsp25.md\/ro\/produs\/nabor-kozha-volosy-nogti","title":{"rendered":"Set \u00abPiele, p\u0103r, unghii\u00bb"},"content":{"rendered":"","protected":false},"excerpt":{"rendered":"[trp_language language=\"ru_RU\"]\n<ul>\n<li>\u041f\u043e\u0434\u0434\u0435\u0440\u0436\u0438\u0432\u0430\u0435\u0442 \u0430\u043a\u0442\u0438\u0432\u043d\u043e\u0435 \u043e\u0431\u043d\u043e\u0432\u043b\u0435\u043d\u0438\u0435 \u043a\u043b\u0435\u0442\u043e\u043a \u044d\u043f\u0438\u0434\u0435\u0440\u043c\u0438\u0441\u0430.<\/li>\n<li>\u0421\u0442\u0438\u043c\u0443\u043b\u0438\u0440\u0443\u0435\u0442 \u0438 \u0437\u0430\u0449\u0438\u0449\u0430\u0435\u0442 \u043f\u0440\u043e\u0446\u0435\u0441\u0441 \u0441\u0438\u043d\u0442\u0435\u0437\u0430 \u043a\u043e\u043b\u043b\u0430\u0433\u0435\u043d\u0430 \u0434\u0435\u0440\u043c\u044b.<\/li>\n<li>\u0421\u043d\u0438\u0436\u0430\u0435\u0442 \u043e\u0442\u0435\u0447\u043d\u043e\u0441\u0442\u044c \u043a\u043e\u0436\u0438 \u0438 \u043f\u043e\u0434\u0434\u0435\u0440\u0436\u0438\u0432\u0430\u0435\u0442 \u0438\u043c\u043c\u0443\u043d\u043d\u0443\u044e \u0441\u0438\u0441\u0442\u0435\u043c\u0443.<\/li>\n<li>\u041d\u043e\u0440\u043c\u0430\u043b\u0438\u0437\u0443\u0435\u0442 \u0430\u043a\u0442\u0438\u0432\u043d\u043e\u0441\u0442\u044c \u0441\u0430\u043b\u044c\u043d\u044b\u0445 \u0436\u0435\u043b\u0435\u0437<\/li>\n<\/ul>\n<p>[\/trp_language]<\/p>\n<ul>\n<li>Suport\u0103 re\u00eennoirea celular\u0103 activ\u0103 a epidermei.<\/li>\n<li>Stimuleaz\u0103 \u0219i protejeaz\u0103 procesul de sintez\u0103 a colagenului \u00een derm\u0103.<\/li>\n<li>Reduce umflarea pielii \u0219i sus\u021bine sistemul imunitar.<\/li>\n<li>Normalizarea activit\u0103\u021bii glandelor sebacee<\/li>\n<\/ul>\n<p>[\/trp_language]<\/p>","protected":false},"featured_media":1867,"template":"","meta":[],"product_brand":[],"product_cat":[189],"product_tag":[117,123,134,118],"class_list":{"0":"post-1139","1":"product","2":"type-product","3":"status-publish","4":"has-post-thumbnail","6":"product_cat-gotovye-nabory","7":"product_tag-bad","8":"product_tag-vitaminnye-kompleksy","9":"product_tag-dlja-zhenshhin","10":"product_tag-dlja-muzhchin","12":"first","13":"outofstock","14":"sale","15":"shipping-taxable","16":"purchasable","17":"product-type-simple"},"_links":{"self":[{"href":"http:\/\/svetlana.nsp25.md\/ro\/wp-json\/wp\/v2\/product\/1139","targetHints":{"allow":["GET"]}}],"collection":[{"href":"http:\/\/svetlana.nsp25.md\/ro\/wp-json\/wp\/v2\/product"}],"about":[{"href":"http:\/\/svetlana.nsp25.md\/ro\/wp-json\/wp\/v2\/types\/product"}],"wp:featuredmedia":[{"embeddable":true,"href":"http:\/\/svetlana.nsp25.md\/ro\/wp-json\/wp\/v2\/media\/1867"}],"wp:attachment":[{"href":"http:\/\/svetlana.nsp25.md\/ro\/wp-json\/wp\/v2\/media?parent=1139"}],"wp:term":[{"taxonomy":"product_brand","embeddable":true,"href":"http:\/\/svetlana.nsp25.md\/ro\/wp-json\/wp\/v2\/product_brand?post=1139"},{"taxonomy":"product_cat","embeddable":true,"href":"http:\/\/svetlana.nsp25.md\/ro\/wp-json\/wp\/v2\/product_cat?post=1139"},{"taxonomy":"product_tag","embeddable":true,"href":"http:\/\/svetlana.nsp25.md\/ro\/wp-json\/wp\/v2\/product_tag?post=1139"}],"curies":[{"name":"wp","href":"https:\/\/api.w.org\/{rel}","templated":true}]}}