{"id":1143,"date":"2021-04-23T11:09:56","date_gmt":"2021-04-23T08:09:56","guid":{"rendered":"https:\/\/svetlana.nsp25.md\/product\/nabor-brosajushhim-kurit"},"modified":"2025-04-08T19:55:16","modified_gmt":"2025-04-08T16:55:16","slug":"nabor-brosajushhim-kurit","status":"publish","type":"product","link":"http:\/\/svetlana.nsp25.md\/ro\/produs\/nabor-brosajushhim-kurit","title":{"rendered":"Set \u00abQuit Smoking\u00bb"},"content":{"rendered":"","protected":false},"excerpt":{"rendered":"<p>Programul \u201ePentru ajuta s\u0103 renun\u021ba\u021bi la fumat\u201d v\u0103 v\u0103 ajuta s\u0103 face\u021bi fa\u021b\u0103 acestui pas decisiv c\u0103tre s\u0103n\u0103tate \u0219 \u0219i v\u0103 v\u0103 permite corpul dvs. s\u0103 mearg\u0103 la un alt nivel pe calea c\u0103tre restabilirea s\u0103n\u0103t\u0103\u021bii.<\/p>","protected":false},"featured_media":1861,"template":"","meta":[],"product_brand":[],"product_cat":[189],"product_tag":[117,123,134,118],"class_list":{"0":"post-1143","1":"product","2":"type-product","3":"status-publish","4":"has-post-thumbnail","6":"product_cat-gotovye-nabory","7":"product_tag-bad","8":"product_tag-vitaminnye-kompleksy","9":"product_tag-dlja-zhenshhin","10":"product_tag-dlja-muzhchin","12":"first","13":"instock","14":"sale","15":"shipping-taxable","16":"purchasable","17":"product-type-simple"},"_links":{"self":[{"href":"http:\/\/svetlana.nsp25.md\/ro\/wp-json\/wp\/v2\/product\/1143","targetHints":{"allow":["GET"]}}],"collection":[{"href":"http:\/\/svetlana.nsp25.md\/ro\/wp-json\/wp\/v2\/product"}],"about":[{"href":"http:\/\/svetlana.nsp25.md\/ro\/wp-json\/wp\/v2\/types\/product"}],"wp:featuredmedia":[{"embeddable":true,"href":"http:\/\/svetlana.nsp25.md\/ro\/wp-json\/wp\/v2\/media\/1861"}],"wp:attachment":[{"href":"http:\/\/svetlana.nsp25.md\/ro\/wp-json\/wp\/v2\/media?parent=1143"}],"wp:term":[{"taxonomy":"product_brand","embeddable":true,"href":"http:\/\/svetlana.nsp25.md\/ro\/wp-json\/wp\/v2\/product_brand?post=1143"},{"taxonomy":"product_cat","embeddable":true,"href":"http:\/\/svetlana.nsp25.md\/ro\/wp-json\/wp\/v2\/product_cat?post=1143"},{"taxonomy":"product_tag","embeddable":true,"href":"http:\/\/svetlana.nsp25.md\/ro\/wp-json\/wp\/v2\/product_tag?post=1143"}],"curies":[{"name":"wp","href":"https:\/\/api.w.org\/{rel}","templated":true}]}}