{"id":1144,"date":"2021-04-23T11:09:57","date_gmt":"2021-04-23T08:09:57","guid":{"rendered":"https:\/\/svetlana.nsp25.md\/product\/magnolia-charm-body-lotion-molochko-dlja-tela-ocharovanie-magnolii"},"modified":"2026-03-10T19:38:17","modified_gmt":"2026-03-10T17:38:17","slug":"magnolia-charm-body-lotion-molochko-dlja-tela-ocharovanie-magnolii","status":"publish","type":"product","link":"http:\/\/svetlana.nsp25.md\/ro\/produs\/magnolia-charm-body-lotion-molochko-dlja-tela-ocharovanie-magnolii","title":{"rendered":"Lo\u021biune de corp Magnolia Charm - Lapte de corp Magnolia Charm.\u00ab"},"content":{"rendered":"<strong>Afost tradus cu ajutor Google Translate<\/strong><\/p>\n<h2>Lapte corporal<\/h2>\n<p>\u00cen inima formulei se afl\u0103 extractul de Magnolie, care este folosit \u00eentr-un mod eficient pentru a reduce sensibilit\u0103\u021bile \u0219i a reduce pufule\u021bea \u0219i a avea un efect relaxant. Aroma magnific\u0103 \u0219i delicat\u0103 a magnoliei cu o not\u0103 de citrice u\u0219oare creeaz\u0103 un efect relaxant deosebit. Rezultat: piele de catifea, bine \u00eengrijit\u0103. <img decoding=\"async\" class=\"alignright wp-image-2703\" src=\"https:\/\/svetlana.nsp25.md\/wp-content\/uploads\/2019\/07\/magnoliya-900x900.png\" alt=\"\" width=\"250\"><\/p>\n<h3>Ingredient activ<\/h3>\n<p>Extractul de magnolie &#8212; ob\u021binut din flori \u0219i muguri, reduce umflarea \u0219i are un efect relaxant. Utilizat eficient \u00een \u00eengrijirea pielii sensibile.<\/p>\n<p>Glicerina &#8212; formeaz\u0103 o pelicul\u0103 umed\u0103 pe suprafa\u021ba epidermei. Returna elasticitatea pielii, catifelarea \u0219i netezimea.<\/p>\n<blockquote><p>Nu con\u021bine: parabeni, produse petroliere, silicoane, alcool denaturat, substan\u021be care con\u021bin formaldehid\u0103, PEG.<\/p><\/blockquote>\n<p><code> Aplica\u021bie<\/code><\/p>\n<p>Aplica\u021bi pe piele dup\u0103 du\u0219 sau \u00een orice moment, de c\u00e2te ori este necesar. Freca\u021bi-v\u0103 cu mi\u0219c\u0103ri de masaj u\u0219oare.<\/p>\n<p><code> Compozi\u021bie<\/code><\/p>\n<p>Ap\u0103, palmitat de etilhexil, parfum, cetearetth-3, stearat de gliceril, alcool cetearil, glicerin\u0103, fenixietanol, alcool cetilic, dimeticon\u0103, cetearetth-20, alcool benzilic, carbomer, etilhexylglicerol, triethylteniltrimetanolate, dimetiltolate , citronellol, citral, izoeugenol, butilenglicol, extract de muguri \/ flori de magnolia biondi. <\/p>","protected":false},"excerpt":{"rendered":"[trp_language language=\"ru_RU\"]\n<ul>\n<li>Aromaterapie pentru relaxare<\/li>\n<li>\u041e\u0441\u0442\u0430\u0432\u043b\u044f\u0435\u0442 \u043a\u043e\u0436\u0443 \u0431\u0430\u0440\u0445\u0430\u0442\u043d\u043e\u0439<\/li>\n<li>\u041f\u0440\u0435\u043a\u0440\u0430\u0441\u043d\u043e \u0441\u043c\u044f\u0433\u0447\u0430\u0435\u0442<\/li>\n<\/ul>\n<p>[\/trp_language]<\/p>\n<ul>\n<li>Aromaterapie pentru relaxare<\/li>\n<li>Lasa pielea catifelat\u0103<\/li>\n<li>\u00cenmoaie perfect<\/li>\n<\/ul>\n<p>[\/trp_language]<\/p>","protected":false},"featured_media":1423,"template":"","meta":[],"product_brand":[],"product_cat":[179,160],"product_tag":[134],"class_list":{"0":"post-1144","1":"product","2":"type-product","3":"status-publish","4":"has-post-thumbnail","6":"product_cat-bremani-care","7":"product_cat-kosmetika-i-uhod","8":"product_tag-dlja-zhenshhin","10":"first","11":"instock","12":"sale","13":"shipping-taxable","14":"purchasable","15":"product-type-simple"},"_links":{"self":[{"href":"http:\/\/svetlana.nsp25.md\/ro\/wp-json\/wp\/v2\/product\/1144","targetHints":{"allow":["GET"]}}],"collection":[{"href":"http:\/\/svetlana.nsp25.md\/ro\/wp-json\/wp\/v2\/product"}],"about":[{"href":"http:\/\/svetlana.nsp25.md\/ro\/wp-json\/wp\/v2\/types\/product"}],"wp:featuredmedia":[{"embeddable":true,"href":"http:\/\/svetlana.nsp25.md\/ro\/wp-json\/wp\/v2\/media\/1423"}],"wp:attachment":[{"href":"http:\/\/svetlana.nsp25.md\/ro\/wp-json\/wp\/v2\/media?parent=1144"}],"wp:term":[{"taxonomy":"product_brand","embeddable":true,"href":"http:\/\/svetlana.nsp25.md\/ro\/wp-json\/wp\/v2\/product_brand?post=1144"},{"taxonomy":"product_cat","embeddable":true,"href":"http:\/\/svetlana.nsp25.md\/ro\/wp-json\/wp\/v2\/product_cat?post=1144"},{"taxonomy":"product_tag","embeddable":true,"href":"http:\/\/svetlana.nsp25.md\/ro\/wp-json\/wp\/v2\/product_tag?post=1144"}],"curies":[{"name":"wp","href":"https:\/\/api.w.org\/{rel}","templated":true}]}}