{"id":1145,"date":"2021-04-23T11:09:58","date_gmt":"2021-04-23T08:09:58","guid":{"rendered":"https:\/\/svetlana.nsp25.md\/product\/magnolia-charm-shower-gel-gel-dlja-dusha-ocharovanie-magnolii"},"modified":"2026-03-10T19:32:52","modified_gmt":"2026-03-10T17:32:52","slug":"magnolia-charm-shower-gel-gel-dlja-dusha-ocharovanie-magnolii","status":"publish","type":"product","link":"http:\/\/svetlana.nsp25.md\/ro\/produs\/magnolia-charm-shower-gel-gel-dlja-dusha-ocharovanie-magnolii","title":{"rendered":"Gel de du\u0219 Magnolia Charm - Gel de du\u0219 Magnolia Charm\u00ab"},"content":{"rendered":"<strong>Afost tradus cu ajutor Google Translate<\/strong><\/p>\n<h2>Pentru pielea matasoasa<\/h2>\n<p>Fac\u00e2nd un du\u0219 cu acest gel zilnic, cur\u0103\u021ba\u021bi u\u0219or pielea, l\u0103s\u00e2nd pe ea o arom\u0103 captivant\u0103 de parfum senzual, dulce cu o not\u0103 u\u0219oar\u0103 de citrice. Bucura\u021bi-v\u0103 de acest ritual \u0219i p\u0103stra\u021bi aroma magnoliei pe pielea voastr\u0103. <img decoding=\"async\" class=\"alignright wp-image-2703\" src=\"https:\/\/svetlana.nsp25.md\/wp-content\/uploads\/2019\/07\/magnoliya-900x900.png\" alt=\"\" width=\"250\"><\/p>\n<h3>Ingredient activ<\/h3>\n<p>Extractul de magnolie &#8212; ob\u021binut din flori \u0219i muguri, reduce umflarea \u0219i are un efect relaxant. Utilizat eficient \u00een \u00eengrijirea pielii sensibile.<\/p>\n<p>Glicerina &#8212; formeaz\u0103 o pelicul\u0103 umed\u0103 pe suprafa\u021ba epidermei. Returna elasticitatea pielii, catifelarea \u0219i netezimea.<\/p>\n<p>Cocamidopropil Betaina este un amestec de agen\u021bi tensioactivi cu un indice de irita\u021bie sc\u0103zut. Reduce efectul iritant al SLES. Potrivit pentru pielea sensibil\u0103.<\/p>\n<blockquote><p>Nu con\u021bine: SLS, alcool denaturat, parabeni, formaldehid\u0103.<\/p><\/blockquote>\n<p><code> Aplica\u021bie<\/code><\/p>\n<p>Se aplic\u0103 pe pielea umed\u0103, se maseaz\u0103, se cl\u0103te\u0219te cu ap\u0103. <\/Cod><\/p>\n<p><code> Compozi\u021bie<\/code><\/p>\n<p>Apa, sodium lauret sulfatul, sodium clorura, cocamidopropyl betaina, parfum, benzotriazolil sodium butilfenol sulfonat, acid citric, EDTA disodic, geraniol, butilfenil metilpropional, citronelol, azotat de magneziu, glicerol, butilen glicol, metilhloroizotiazolinon, metilizotiazolinon\u0103, muguri extract \/ flori de magnolie Biondi , clorur\u0103 de magneziu, C117200, C119140. <\/p>","protected":false},"excerpt":{"rendered":"[trp_language language=\"ru_RU\"]\n<ul>\n<li>Aromaterapie pentru relaxare<\/li>\n<li>Cur\u0103\u021bare delicat\u0103<\/li>\n<\/ul>\n<p>[\/trp_language]<\/p>\n<ul>\n<li>Aromaterapie pentru relaxare<\/li>\n<li>Cur\u0103\u021bare bl\u00e2nd\u0103<\/li>\n<\/ul>\n<p>[\/trp_language]<\/p>","protected":false},"featured_media":1306,"template":"","meta":[],"product_brand":[],"product_cat":[179,160],"product_tag":[134],"class_list":{"0":"post-1145","1":"product","2":"type-product","3":"status-publish","4":"has-post-thumbnail","6":"product_cat-bremani-care","7":"product_cat-kosmetika-i-uhod","8":"product_tag-dlja-zhenshhin","10":"first","11":"instock","12":"sale","13":"shipping-taxable","14":"purchasable","15":"product-type-simple"},"_links":{"self":[{"href":"http:\/\/svetlana.nsp25.md\/ro\/wp-json\/wp\/v2\/product\/1145","targetHints":{"allow":["GET"]}}],"collection":[{"href":"http:\/\/svetlana.nsp25.md\/ro\/wp-json\/wp\/v2\/product"}],"about":[{"href":"http:\/\/svetlana.nsp25.md\/ro\/wp-json\/wp\/v2\/types\/product"}],"wp:featuredmedia":[{"embeddable":true,"href":"http:\/\/svetlana.nsp25.md\/ro\/wp-json\/wp\/v2\/media\/1306"}],"wp:attachment":[{"href":"http:\/\/svetlana.nsp25.md\/ro\/wp-json\/wp\/v2\/media?parent=1145"}],"wp:term":[{"taxonomy":"product_brand","embeddable":true,"href":"http:\/\/svetlana.nsp25.md\/ro\/wp-json\/wp\/v2\/product_brand?post=1145"},{"taxonomy":"product_cat","embeddable":true,"href":"http:\/\/svetlana.nsp25.md\/ro\/wp-json\/wp\/v2\/product_cat?post=1145"},{"taxonomy":"product_tag","embeddable":true,"href":"http:\/\/svetlana.nsp25.md\/ro\/wp-json\/wp\/v2\/product_tag?post=1145"}],"curies":[{"name":"wp","href":"https:\/\/api.w.org\/{rel}","templated":true}]}}