{"id":1147,"date":"2021-04-23T11:09:59","date_gmt":"2021-04-23T08:09:59","guid":{"rendered":"https:\/\/svetlana.nsp25.md\/product\/makeover-shampoo-normal-damaged-hair-shampun-perevoploshhenie-volos-sila-sijanie-i-gladkost"},"modified":"2026-03-10T19:41:06","modified_gmt":"2026-03-10T17:41:06","slug":"makeover-shampoo-normal-damaged-hair-shampun-perevoploshhenie-volos-sila-sijanie-i-gladkost","status":"publish","type":"product","link":"http:\/\/svetlana.nsp25.md\/ro\/produs\/makeover-shampoo-normal-damaged-hair-shampun-perevoploshhenie-volos-sila-sijanie-i-gladkost","title":{"rendered":"\u0218ampon Makeover. P\u0103r normal \u0219i deteriorat - \u0218ampon Makeover. Putere, str\u0103lucire \u0219i netezime\u00ab"},"content":{"rendered":"<strong>Afost tradus cu ajutor Google Translate<\/strong><\/p>\n<h2>\u0218ampon pentru p\u0103r<\/h2>\n<p>P\u0103r str\u0103lucitor, moale de la prima aplica\u021bie. Potrivit pentru b\u0103rba\u021bi \u0219i femei. \u0218ampon gros \u0219i bogat, cu un complex exclusiv, keratin\u0103 \u0219i pantenol. Sunt un efect hidratant \u0219i ferm, confer\u0103 p\u0103rului o str\u0103lucire \u0219i un aspect bine \u00eengrijit.<\/p>\n<h3>Ingredient activ<\/h3>\n<p>Particulele de condi\u021bionare cationic\u0103 sunt particule de polimer cu un pozitiv, care au o structur\u0103 asem\u0103n\u0103toare cu cea a celulelor pirului. \u00cen cazul unui efect vindecare, acesta este pronun\u021bat asupra zonelor foarte deteriorate. <img decoding=\"async\" class=\"size-full wp-image-2721 alignright\" src=\"https:\/\/svetlana.nsp25.md\/wp-content\/uploads\/2019\/07\/amaranth.png\" alt=\"\"><\/p>\n<p>Pantenolul este un precursor al acidului pantotenic (vitamina B5). Datorit\u0103 capacit\u0103\u021bii sale de a re\u021bine umiditatea, pantenolul are un efect benefic asupra p\u0103rului deteriorat \u0219i uscat.<\/p>\n<p>Extract de frunze de Amaranth &#8212; bogat \u00een antioxidan\u021bi. Ajut\u0103 la refacerea deterior\u0103rii p\u0103rului \u00een timpul procesului de oxidare, restabile\u0219te str\u0103lucirea natural\u0103, moale, nivelul de umiditate, ofer\u0103 p\u0103rului un aspect s\u0103n\u0103tos.<\/p>\n<p>Illuminating Active este o substan\u021b\u0103 hidratant\u0103 \u0219i regenerant\u0103 care d\u0103 str\u0103lucire oric\u0103rui tip de p\u0103r. Compus biotehnologic de zaharuri naturale derivate din lemn \u0219i alge brune. Reface cuticula p\u0103rului deteriorat, restabilindu-i str\u0103lucirea natural\u0103, moliciunea \u0219i umiditatea. Parul recapata un aspect sanatos. Rezultat vizibil dup\u0103 prima aplica\u021bie.<\/p>\n<p>Keratina vegetal\u0103 (aprobat\u0103 de COSMOS &#8212; standardul european pentru cosmetice naturale \u0219i organice) &#8212; const\u0103 din peptide cu greutate molecular\u0103 mic\u0103, derivate din proteinele de soia \u0219i capabile s\u0103 p\u0103trund\u0103 ad\u00e2nc \u00een p\u0103r. Ajut\u0103 la refacerea suprafe\u021bei deteriorate a p\u0103rului \u0219i a structurii acestuia, revenindu-i la un aspect s\u0103n\u0103tos, rezisten\u021b\u0103.<\/p>\n<blockquote><p>Nu con\u021bine: uleiuri minerale, parabeni, formaldehid\u0103, alcool denaturat.<\/p><\/blockquote>\n<p><code> Aplica\u021bie<\/code><\/p>\n<p>Se folose\u0219te masaj masaj cu mi\u0219c\u0103ri de masaj la pl\u0103m\u00e2ni, pornind de la v\u00e2rfuri. Se las\u0103 2-3 minute, se cl\u0103te\u0219te bine cu ap\u0103. <\/Cod><\/p>\n<p><code> Compozi\u021bie<\/code><\/p>\n<p>Ap\u0103, alcool cetearil, hidroxipropyl metil celuloz\u0103, stearamidopropyl dimethylamin\u0103, nuc\u0103 de cocos, fenoxietanol, clorur\u0103 de begentrimoniu, glicerin\u0103, parfum, acid lactic, xilitil glucoside, dipropylene glicol, etililantol glicol, anhidroxilitol glicol, capolic propanediol, sodium benzoate, etilhexyl glicerol, pelvin canelat extract, amarant triste frunze extract, C117200, acid citric. <\/p>","protected":false},"excerpt":{"rendered":"[trp_language language=\"ru_RU\"]\n<ul>\n<li>Pentru p\u0103r normal \u0219i deteriorat<\/li>\n<li>Cur\u0103\u021b\u0103 delicat<\/li>\n<li>Restaureaz\u0103<\/li>\n<li>Reface densitatea \u0219i rezisten\u021ba p\u0103rului<\/li>\n<li>Ofer\u0103 un aspect radiant \u0219i bine \u00eengrijit<\/li>\n<\/ul>\n<p>[\/trp_language]<strong>Afost tradus cu ajutor Google Translate<\/strong><\/p>\n<ul>\n<li>Pentru p\u0103r normal \u0219i deteriorat<\/li>\n<li>Cur\u0103\u021b\u0103 u\u0219or<\/li>\n<li>Restaureaz\u0103<\/li>\n<li>Restabile\u0219te densitatea \u0219i rezisten\u021ba p\u0103rului<\/li>\n<li>D\u0103 str\u0103lucire \u0219i un aspect bine \u00eengrijit<\/li>\n<\/ul>\n<p>[\/trp_language]<\/p>","protected":false},"featured_media":1364,"template":"","meta":[],"product_brand":[],"product_cat":[179,160],"product_tag":[134],"class_list":{"0":"post-1147","1":"product","2":"type-product","3":"status-publish","4":"has-post-thumbnail","6":"product_cat-bremani-care","7":"product_cat-kosmetika-i-uhod","8":"product_tag-dlja-zhenshhin","10":"first","11":"instock","12":"sale","13":"shipping-taxable","14":"purchasable","15":"product-type-simple"},"_links":{"self":[{"href":"http:\/\/svetlana.nsp25.md\/ro\/wp-json\/wp\/v2\/product\/1147","targetHints":{"allow":["GET"]}}],"collection":[{"href":"http:\/\/svetlana.nsp25.md\/ro\/wp-json\/wp\/v2\/product"}],"about":[{"href":"http:\/\/svetlana.nsp25.md\/ro\/wp-json\/wp\/v2\/types\/product"}],"wp:featuredmedia":[{"embeddable":true,"href":"http:\/\/svetlana.nsp25.md\/ro\/wp-json\/wp\/v2\/media\/1364"}],"wp:attachment":[{"href":"http:\/\/svetlana.nsp25.md\/ro\/wp-json\/wp\/v2\/media?parent=1147"}],"wp:term":[{"taxonomy":"product_brand","embeddable":true,"href":"http:\/\/svetlana.nsp25.md\/ro\/wp-json\/wp\/v2\/product_brand?post=1147"},{"taxonomy":"product_cat","embeddable":true,"href":"http:\/\/svetlana.nsp25.md\/ro\/wp-json\/wp\/v2\/product_cat?post=1147"},{"taxonomy":"product_tag","embeddable":true,"href":"http:\/\/svetlana.nsp25.md\/ro\/wp-json\/wp\/v2\/product_tag?post=1147"}],"curies":[{"name":"wp","href":"https:\/\/api.w.org\/{rel}","templated":true}]}}