{"id":1149,"date":"2021-04-23T11:09:59","date_gmt":"2021-04-23T08:09:59","guid":{"rendered":"https:\/\/svetlana.nsp25.md\/product\/energy-shampoo-oily-normal-hair-shampun-jenergija-vosstanovlenie-i-zdorove-balans-kozhi-golovy"},"modified":"2026-03-02T00:30:12","modified_gmt":"2026-03-01T22:30:12","slug":"energy-shampoo-oily-normal-hair-shampun-jenergija-vosstanovlenie-i-zdorove-balans-kozhi-golovy","status":"publish","type":"product","link":"http:\/\/svetlana.nsp25.md\/ro\/produs\/energy-shampoo-oily-normal-hair-shampun-jenergija-vosstanovlenie-i-zdorove-balans-kozhi-golovy","title":{"rendered":"\u0218ampon energizant. P\u0103r gras \u0219i normal. - \u0218ampon \u00abEnergie, regenerare \u0219i s\u0103n\u0103tate. Echilibrul scalpului\u00bb"},"content":{"rendered":"<strong>Afost tradus cu ajutor Google Translate<\/strong><\/p>\n<h2>\u0218ampon pentru p\u0103r<\/h2>\n<p>Formula moale pentru utilizare zilnic\u0103. Potrivit pentru b\u0103rba\u021bi \u0219i femei. Normalizarea echilibrului scalpului. D\u0103 aspect str\u0103lucitor \u0219i s\u0103n\u0103tos p\u0103rului plictisitor, f\u0103c\u00e2ndu-i moi.<\/p>\n<h3>Ingredient activ<\/h3>\n<p>Gluconatul de zinc &#8212; str\u00e2nge u\u0219or porii \u0219i regleaz\u0103 produc\u021bia de sebum. Are un efect puternic anti-\u00eemb\u0103tr\u00e2nire, actualiz\u00e2nd matricea de colagen. Zincul are propriet\u0103\u021bi imunomodulante, antiseptice, protejeaz\u0103 structura p\u0103rului \u0219i \u00eel face moale. Este un cofactor al enzimelor implicate \u00een sinteza acizilor nucleici \u0219i a proteinelor.<\/p>\n<p>Arginina este un aminoacid care stimuleaz\u0103 cre\u0219terea capilarelor. <img decoding=\"async\" class=\"size-full wp-image-2729 alignright\" src=\"https:\/\/svetlana.nsp25.md\/wp-content\/uploads\/2019\/07\/vitamin-e_index.jpg\" alt=\"\" width=\"275\"><\/p>\n<p>Pantenolul este un precursor al acidului pantotenic (vitamina B5). Datorit\u0103 capacit\u0103\u021bii sale de a re\u021bine umiditatea, pantenolul are un efect benefic asupra p\u0103rului deteriorat \u0219i uscat.<\/p>\n<p>Vitamina E este un antioxidant. Cre\u0219te absorb\u021bia oxigenului, \u00eembun\u0103t\u0103\u021be\u0219te circula\u021bia s\u00e2ngelui la nivelul scalpului. Promoveaz\u0103 cre\u0219terea p\u0103rului. Previne pierderea culorii \u0219i a luciului. Sprijin\u0103 s\u0103n\u0103tatea general\u0103 a p\u0103rului.<\/p>\n<p>Polyquaternium-7 este un polimer cationic. Balsamul (\u00eembun\u0103t\u0103\u021be\u0219te piept\u0103narea p\u0103rului), confer\u0103 p\u0103rului moale, maturitate, str\u0103lucire. Suprima capacitatea p\u0103rului de a absorbi umezeala, deci este mai u\u0219or s\u0103 se men\u021bin\u0103 \u00een form\u0103.<\/p>\n<blockquote><p>Nu con\u021bine: uleiuri minerale, parabeni, formaldehid\u0103, alcool denaturat.<\/p><\/blockquote>\n<p><code> Aplica\u021bie<\/code><\/p>\n<p>Aplica\u021bi o cantitate mic\u0103 de \u0219ampon pe scalp \u0219i p\u0103r, folosind mi\u0219c\u0103ri bl\u00e2nde de masaj. Cl\u0103ti\u021bi bine cu ap\u0103 cald\u0103.<\/p>\n<p><code> Compozi\u021bie<\/code><\/p>\n<p>Ap\u0103, sulfat de sodiu, cocamidopropil betain\u0103, clorur\u0103 de sodiu, glucosid\u0103 decil, benzoat de sodiu, parfum, fenoxietanol, acid lactic, gluconat de zinc, etilhexil glicerol, disodiu EDTA, PEG-150 pentaerytritol tetrastearat, acid guaric hidroxipropil clorhidrat , linalool, polyquaternium-7, pantenol, limonen, gliceride caprilice \/ caprice PEG-6, acid citric. <\/p>","protected":false},"excerpt":{"rendered":"[trp_language language=\"ru_RU\"]\n<ul>\n<li>\u00a0Pentru p\u0103r normal p\u00e2n\u0103 la gras<\/li>\n<li>Men\u021bine echilibrul pH-ului scalpului<\/li>\n<li>Cur\u0103\u021bare<\/li>\n<li>Combate m\u0103trea\u021ba<\/li>\n<li>Condi\u021bionare<\/li>\n<\/ul>\n<p>[\/trp_language]<\/p>\n<ul>\n<li>Pentru p\u0103r normal p\u00e2n\u0103 la ulei<\/li>\n<li>Pestreaseaz\u0103 echilibrul pH al scalpului.<\/li>\n<li>Cur\u0103\u021b\u0103<\/li>\n<li>Lupte \u00eempotriva matre\u021bii<\/li>\n<li>Conditionare<\/li>\n<\/ul>\n<p>[\/trp_language]<\/p>","protected":false},"featured_media":1260,"template":"","meta":[],"product_brand":[],"product_cat":[179,160],"product_tag":[134,118,172],"class_list":{"0":"post-1149","1":"product","2":"type-product","3":"status-publish","4":"has-post-thumbnail","6":"product_cat-bremani-care","7":"product_cat-kosmetika-i-uhod","8":"product_tag-dlja-zhenshhin","9":"product_tag-dlja-muzhchin","10":"product_tag-uhod-za-volosami","12":"first","13":"instock","14":"sale","15":"shipping-taxable","16":"purchasable","17":"product-type-simple"},"_links":{"self":[{"href":"http:\/\/svetlana.nsp25.md\/ro\/wp-json\/wp\/v2\/product\/1149","targetHints":{"allow":["GET"]}}],"collection":[{"href":"http:\/\/svetlana.nsp25.md\/ro\/wp-json\/wp\/v2\/product"}],"about":[{"href":"http:\/\/svetlana.nsp25.md\/ro\/wp-json\/wp\/v2\/types\/product"}],"wp:featuredmedia":[{"embeddable":true,"href":"http:\/\/svetlana.nsp25.md\/ro\/wp-json\/wp\/v2\/media\/1260"}],"wp:attachment":[{"href":"http:\/\/svetlana.nsp25.md\/ro\/wp-json\/wp\/v2\/media?parent=1149"}],"wp:term":[{"taxonomy":"product_brand","embeddable":true,"href":"http:\/\/svetlana.nsp25.md\/ro\/wp-json\/wp\/v2\/product_brand?post=1149"},{"taxonomy":"product_cat","embeddable":true,"href":"http:\/\/svetlana.nsp25.md\/ro\/wp-json\/wp\/v2\/product_cat?post=1149"},{"taxonomy":"product_tag","embeddable":true,"href":"http:\/\/svetlana.nsp25.md\/ro\/wp-json\/wp\/v2\/product_tag?post=1149"}],"curies":[{"name":"wp","href":"https:\/\/api.w.org\/{rel}","templated":true}]}}