{"id":1151,"date":"2021-04-23T11:10:01","date_gmt":"2021-04-23T08:10:01","guid":{"rendered":"https:\/\/svetlana.nsp25.md\/product\/programma-stop-otek"},"modified":"2025-04-08T19:55:17","modified_gmt":"2025-04-08T16:55:17","slug":"programma-stop-otek","status":"publish","type":"product","link":"http:\/\/svetlana.nsp25.md\/ro\/produs\/programma-stop-otek","title":{"rendered":"Programul Stop Edem"},"content":{"rendered":"","protected":false},"excerpt":{"rendered":"<p>Programul Stop Edem este conceput pentru a ajuta organismul s\u0103 reduc\u0103 permeabilitatea sistemului vascular, s\u0103 \u00eembun\u0103t\u0103\u021beasc\u0103 sistemul limfatic \u0219i microcircula\u021bia slab\u0103, care este cauza edemului.<\/p>","protected":false},"featured_media":1859,"template":"","meta":[],"product_brand":[],"product_cat":[189,109],"product_tag":[140,117,123,131,124,135,148,125,149,143,136,119,190,152,126],"class_list":{"0":"post-1151","1":"product","2":"type-product","3":"status-publish","4":"has-post-thumbnail","6":"product_cat-gotovye-nabory","7":"product_cat-fitoprodukty","8":"product_tag-antioksidanty","9":"product_tag-bad","10":"product_tag-vitaminnye-kompleksy","11":"product_tag-golovnoj-mozg-i-nervnaja-sistema","12":"product_tag-dlja-korrekcii-vesa","13":"product_tag-dlja-ochistki-organizma","14":"product_tag-dlja-podderzhanija-fizicheskoj-aktivnosti","15":"product_tag-dlja-pozhilyh","16":"product_tag-dlja-sportsmenov","17":"product_tag-kozha","18":"product_tag-krovetvorenie","19":"product_tag-mochevyvodjashhaja-sistema","20":"product_tag-nabory","21":"product_tag-oporno-dvigatelnaja-sistema","22":"product_tag-pishhevaritelnaja-sistema","24":"first","25":"instock","26":"sale","27":"shipping-taxable","28":"purchasable","29":"product-type-simple"},"_links":{"self":[{"href":"http:\/\/svetlana.nsp25.md\/ro\/wp-json\/wp\/v2\/product\/1151","targetHints":{"allow":["GET"]}}],"collection":[{"href":"http:\/\/svetlana.nsp25.md\/ro\/wp-json\/wp\/v2\/product"}],"about":[{"href":"http:\/\/svetlana.nsp25.md\/ro\/wp-json\/wp\/v2\/types\/product"}],"wp:featuredmedia":[{"embeddable":true,"href":"http:\/\/svetlana.nsp25.md\/ro\/wp-json\/wp\/v2\/media\/1859"}],"wp:attachment":[{"href":"http:\/\/svetlana.nsp25.md\/ro\/wp-json\/wp\/v2\/media?parent=1151"}],"wp:term":[{"taxonomy":"product_brand","embeddable":true,"href":"http:\/\/svetlana.nsp25.md\/ro\/wp-json\/wp\/v2\/product_brand?post=1151"},{"taxonomy":"product_cat","embeddable":true,"href":"http:\/\/svetlana.nsp25.md\/ro\/wp-json\/wp\/v2\/product_cat?post=1151"},{"taxonomy":"product_tag","embeddable":true,"href":"http:\/\/svetlana.nsp25.md\/ro\/wp-json\/wp\/v2\/product_tag?post=1151"}],"curies":[{"name":"wp","href":"https:\/\/api.w.org\/{rel}","templated":true}]}}