{"id":1158,"date":"2021-04-23T11:10:09","date_gmt":"2021-04-23T08:10:09","guid":{"rendered":"https:\/\/svetlana.nsp25.md\/product\/antivozrastnaja-wow-syvorotka-s-jekstraktom-kashtana"},"modified":"2026-03-10T19:31:59","modified_gmt":"2026-03-10T17:31:59","slug":"antivozrastnaja-wow-syvorotka-s-jekstraktom-kashtana","status":"publish","type":"product","link":"http:\/\/svetlana.nsp25.md\/ro\/produs\/antivozrastnaja-wow-syvorotka-s-jekstraktom-kashtana","title":{"rendered":"Serul WOW anti-\u00eemb\u0103tr\u00e2nire cu extract de castan"},"content":{"rendered":"<p><strong>Afost tradus cu ajutor Google Translate<\/strong><\/p>\n<p>Activator al tinere\u021bii, receptiv la nutri\u021bia \u0219i hidratarea intensiv\u0103, este capabil s\u0103 reduc\u0103 durerile pelviene, inhib\u0103 reac\u021biile agen\u021bilor inflamatori, amelioreaz\u0103 ro\u0219ea\u021ba. Lichidul seric este u\u0219or de aplicat, absorb instantaneu, l\u0103s\u00e2nd o senza\u021bie de prospe\u021bime. Potrivit pentru toate tipurile de piele, pentru utilizarea zilnic\u0103 diminea\u021ba \u0219i seara. Compus din 95% ingrediente naturale.<\/p>\n<h3><img decoding=\"async\" class=\"alignright wp-image-12267\" src=\"https:\/\/svetlana.nsp25.md\/wp-content\/uploads\/2020\/01\/1.png\" alt=\"\" width=\"400\"><\/h3>\n<blockquote><p>Beneficii: F\u0103r\u0103 parabeni, silicon, uleiuri minerale, alcool etilic.<\/p><\/blockquote>\n<h3>Ingredient activ<\/h3>\n<p><strong> Complexul NUTRIVITA <\/strong>. \u00cen miez se afl\u0103 un concentrat de coaj\u0103 de castan (Castanea Sativa). Bogat \u00een polifenoli. Antioxidant, consolideaz\u0103 vasele de s\u00e2nge, reduce inflama\u021biile, inhib\u0103 produc\u021bia de colagenaz\u0103 (enzim\u0103 care perturb\u0103 colagenul), reduce densitatea granulelor, stimuleaz\u0103 circula\u021bia s\u00e2ngelui.<\/p>\n<p><strong> Gel de alge ro\u0219ii Ahnfeltiopsis Concinna. <\/strong> Func\u021bioneaz\u0103 ca o \u201ea doua piele\u201d &#8212; formeaz\u0103 un film protector pe suprafa\u021b\u0103 care protejeaz\u0103 \u00eempotriva pierderilor de umiditate. \u00cenmoaie.<\/p>\n<p><strong> Ulei de t\u0103r\u00e2\u021be de orez. <\/strong> Acizii oleici \u0219i linoleici din ulei \u00eenmoaie \u0219i hidrateaz\u0103 pielea. Acidul palmitic \u0219i vitamina E &#8212; \u00eempiedic\u0103 \u00eemb\u0103tr\u00e2nirea. \u0218i oryzanol gamma protejeaz\u0103 pielea de radicalii liberi.<\/p>\n<p><strong> Unt de shea (unt de shea). <\/strong> Ob\u021binut din semin\u021bele plantei africane Vitellaria paradoxa. Antioxidant. Se \u00eenmoaie, hidrateaz\u0103 \u0219i hr\u0103ne\u0219te pielea.<\/p>\n<p><strong> Emolient natural complex. <\/strong> O alternativ\u0103 pe baz\u0103 de plante inovatoare la silicoane. Are capacitatea de a p\u0103trunde, conferind pelvisului topire \u0219i hidrate. Acest complex este cea mai eficient\u0103 formul\u0103 de fa\u021b\u0103, care asigur\u0103 permeabilizarea tuturor celorlalte componente active.<\/p>\n<p><strong> Amestec de poligliceride <\/strong> (acizi oleici, linoleici \u0219i linolenici) din surse vegetale. Aprobat de Ecocert. Asigur\u0103 un efect de ridicare. Acest capabil s\u0103 absoarb\u0103 ap\u0103 \u00eentr-un volumetre de p\u00e2n\u0103 la 200% din greutatea proprie, datorit\u0103 c\u0103rea hidrateaz\u0103 activ pielea \u0219i umple ridurile.<\/p>\n<p><code> <strong> Aplica\u021bie <\/strong><\/code><\/p>\n<p>Aplica\u021bi c\u00e2teva pic\u0103turi de ser cu mi\u0219c\u0103ri bl\u00e2nde pe pielea curat\u0103 a fe\u021bei \u0219i a g\u00e2tului. Folosi\u021bi \u00eenainte de hidratare.<\/p>\n<p><code><strong> \u00cencerca\u021bi un ritual de \u00eenfrumuse\u021bare \u00eenainte de culcare: <\/strong><\/code><\/p>\n<p>aplica\u021bi o pic\u0103tur\u0103 de fonduri pe perna mic\u0103 a fiec\u0103rui deget dintr-o m\u00e2n\u0103;<\/p>\n<p>conecta\u021bi degetele ambelor m\u00e2ini;<\/p>\n<p>maseaz\u0103 serul peste fa\u021b\u0103 \u0219i g\u00e2t cu mi\u0219c\u0103ri de masaj. \u00cencepe\u021bi din centru \u0219i trece\u021bi la margini.<\/p>\n<p><code> <strong> Compozi\u021bie <\/strong><\/code><\/p>\n<p>AQUA, Glicerina, poliacrilat crospolimer-6, Ceteareth-20, Castanea sativa SEED EXTRACT, hidroxiacetofenon\u0103, AHNFELTIOPSIS concinna EXTRACT, Oryza sativa BRAN ULEI, CAPRYLYL GLICOL, alcool cetearilic, Butyrospermum parkii UNT, caprilic \/ capric \/ SUCCINIC triglicerideor DICAPRYLYL CARBONAT, hexilen GLICOL, POLIGLERERERIUL OLEIC \/ LINOLEIC \/ LINOLENIC, PARFUM, TOCOPEROL, EDTA DISODIUM, FENOXETETETANOL, HIDROXID DE SODIUM, CLORFENESIN, GLICOL DE PROPILENE, DEHIDROACAT DE SODIUM.<\/p>","protected":false},"excerpt":{"rendered":"[trp_language language=\"ru_RU\"]\n<ul>\n<li>ferm \u0219i elastic<\/li>\n<li>reduce inflama\u021bia<\/li>\n<li>se echilibreaz\u0103<\/li>\n<li>hidrateaz\u0103<\/li>\n<li>protejeaz\u0103 \u00eempotriva stresului oxidativ<\/li>\n<li>inhib\u0103 \u00eemb\u0103tr\u00e2nirea prematur\u0103<\/li>\n<\/ul>\n<p>[\/trp_language]<\/p>\n<ul>\n<li>confera fermitate si elasticitate<\/li>\n<li>reducerea inflama\u021biei<\/li>\n<li>tonul<\/li>\n<li>hidrateaz\u0103<\/li>\n<li>Protjeazaz\u0103 \u00eempotriva stresului oxidativ<\/li>\n<li>inhib\u0103 prematurizarea prematur\u0103<\/li>\n<\/ul>\n<p>[\/trp_language]<\/p>","protected":false},"featured_media":1248,"template":"","meta":[],"product_brand":[],"product_cat":[179],"product_tag":[181],"class_list":{"0":"post-1158","1":"product","2":"type-product","3":"status-publish","4":"has-post-thumbnail","6":"product_cat-bremani-care","7":"product_tag-kosmetika-bremani","9":"first","10":"instock","11":"sale","12":"shipping-taxable","13":"purchasable","14":"product-type-simple"},"_links":{"self":[{"href":"http:\/\/svetlana.nsp25.md\/ro\/wp-json\/wp\/v2\/product\/1158","targetHints":{"allow":["GET"]}}],"collection":[{"href":"http:\/\/svetlana.nsp25.md\/ro\/wp-json\/wp\/v2\/product"}],"about":[{"href":"http:\/\/svetlana.nsp25.md\/ro\/wp-json\/wp\/v2\/types\/product"}],"wp:featuredmedia":[{"embeddable":true,"href":"http:\/\/svetlana.nsp25.md\/ro\/wp-json\/wp\/v2\/media\/1248"}],"wp:attachment":[{"href":"http:\/\/svetlana.nsp25.md\/ro\/wp-json\/wp\/v2\/media?parent=1158"}],"wp:term":[{"taxonomy":"product_brand","embeddable":true,"href":"http:\/\/svetlana.nsp25.md\/ro\/wp-json\/wp\/v2\/product_brand?post=1158"},{"taxonomy":"product_cat","embeddable":true,"href":"http:\/\/svetlana.nsp25.md\/ro\/wp-json\/wp\/v2\/product_cat?post=1158"},{"taxonomy":"product_tag","embeddable":true,"href":"http:\/\/svetlana.nsp25.md\/ro\/wp-json\/wp\/v2\/product_tag?post=1158"}],"curies":[{"name":"wp","href":"https:\/\/api.w.org\/{rel}","templated":true}]}}