{"id":1160,"date":"2021-04-23T11:10:11","date_gmt":"2021-04-23T08:10:11","guid":{"rendered":"https:\/\/svetlana.nsp25.md\/product\/astragalus-astragal"},"modified":"2026-03-10T17:47:56","modified_gmt":"2026-03-10T15:47:56","slug":"astragalus-astragal","status":"publish","type":"product","link":"http:\/\/svetlana.nsp25.md\/ro\/produs\/astragalus-astragal","title":{"rendered":"Astragalus"},"content":{"rendered":"","protected":false},"excerpt":{"rendered":"[trp_language language=\"ru_RU\"]\n<ul>\n<li>Protejeaz\u0103 \u00eempotriva infec\u021biilor virale, \u00eent\u0103re\u0219te sistemul imunitar<\/li>\n<li>Reduce manifest\u0103rile oboselii cronice<\/li>\n<li>Amelioreaz\u0103 simptomele alergice sezoniere<\/li>\n<li>\u00cembun\u0103t\u0103\u021be\u0219te func\u021bia inimii, dilat\u0103 vasele de s\u00e2nge<\/li>\n<li>\u00cembun\u0103t\u0103\u021be\u0219te func\u021bia renal\u0103, reduce riscul de a dezvolta sindrom nefrotic<\/li>\n<li>Reduce \u0219i controleaz\u0103 nivelul zah\u0103rului din s\u00e2nge \u00een diabetul de tip 2<\/li>\n<li>Reduce efectele negative ale chimioterapiei \u0219i riscurile infec\u021biilor la pacien\u021bii cu tumori maligne<\/li>\n<li>\u00cencetine\u0219te \u00eemb\u0103tr\u00e2nirea celular\u0103<\/li>\n<\/ul>\n<p>[\/trp_language]<\/p>\n<ul>\n<li>Protejeaz\u0103 \u00eempotriva infec\u021biilor virale, \u00eent\u0103re\u0219te sistemul imunitar<\/li>\n<li>Reducerea manifest\u0103rilor de oboselii cronice<\/li>\n<li>Amelioreaz\u0103 simptomele alergice sezoniere<\/li>\n<li>\u00cembun\u0103t\u0103\u021be\u0219te func\u021bia inimii, dilat\u0103 vasele de s\u00e2nge<\/li>\n<li>\u00cembunant\u0103t\u0103\u021be\u0219te func\u021bia renal\u0103, reduce riscul unui sindrom nevrotic.<\/li>\n<li>Reduce \u0219i controleaz\u0103 nivelul zah\u0103rului din s\u00e2nge \u00een diabetul de tip 2<\/li>\n<li>Reducerea efectelor negative ale chimioterapiei \u0219i riscurilor infec\u021biilor la pacien\u021bii cu tumori maligne<\/li>\n<li>\u00cencetine\u0219te \u00eemb\u0103tr\u00e2nirea celular\u0103<\/li>\n<\/ul>\n<p>[\/trp_language]<\/p>","protected":false},"featured_media":1857,"template":"","meta":[],"product_brand":[],"product_cat":[111,121],"product_tag":[],"class_list":{"0":"post-1160","1":"product","2":"type-product","3":"status-publish","4":"has-post-thumbnail","6":"product_cat-sistemy-organizma","7":"product_cat-immunnaja","9":"first","10":"instock","11":"sale","12":"shipping-taxable","13":"purchasable","14":"product-type-simple"},"_links":{"self":[{"href":"http:\/\/svetlana.nsp25.md\/ro\/wp-json\/wp\/v2\/product\/1160","targetHints":{"allow":["GET"]}}],"collection":[{"href":"http:\/\/svetlana.nsp25.md\/ro\/wp-json\/wp\/v2\/product"}],"about":[{"href":"http:\/\/svetlana.nsp25.md\/ro\/wp-json\/wp\/v2\/types\/product"}],"wp:featuredmedia":[{"embeddable":true,"href":"http:\/\/svetlana.nsp25.md\/ro\/wp-json\/wp\/v2\/media\/1857"}],"wp:attachment":[{"href":"http:\/\/svetlana.nsp25.md\/ro\/wp-json\/wp\/v2\/media?parent=1160"}],"wp:term":[{"taxonomy":"product_brand","embeddable":true,"href":"http:\/\/svetlana.nsp25.md\/ro\/wp-json\/wp\/v2\/product_brand?post=1160"},{"taxonomy":"product_cat","embeddable":true,"href":"http:\/\/svetlana.nsp25.md\/ro\/wp-json\/wp\/v2\/product_cat?post=1160"},{"taxonomy":"product_tag","embeddable":true,"href":"http:\/\/svetlana.nsp25.md\/ro\/wp-json\/wp\/v2\/product_tag?post=1160"}],"curies":[{"name":"wp","href":"https:\/\/api.w.org\/{rel}","templated":true}]}}