{"id":1162,"date":"2021-04-23T11:10:13","date_gmt":"2021-04-23T08:10:13","guid":{"rendered":"https:\/\/svetlana.nsp25.md\/product\/almond-apricot-anti-stress-moisturizing-lotion-krem-dlja-nog-almond-aprikot-uvlazhnjajushhij-anti-stress"},"modified":"2026-03-10T19:47:28","modified_gmt":"2026-03-10T17:47:28","slug":"almond-apricot-anti-stress-moisturizing-lotion-krem-dlja-nog-almond-aprikot-uvlazhnjajushhij-anti-stress","status":"publish","type":"product","link":"http:\/\/svetlana.nsp25.md\/ro\/produs\/almond-apricot-anti-stress-moisturizing-lotion-krem-dlja-nog-almond-aprikot-uvlazhnjajushhij-anti-stress","title":{"rendered":"Almond-Apricot Anti Stress Moisturizing Lotion"},"content":{"rendered":"","protected":false},"excerpt":{"rendered":"[trp_language language=\"ru_RU\"]\n<ul>\n<li>Hidrateaz\u0103 rapid \u0219i \u00eembun\u0103t\u0103\u021be\u0219te starea pielii datorit\u0103 uleiurilor naturale<\/li>\n<li>Are propriet\u0103\u021bi antioxidante puternice datorit\u0103 extractelor sale de plante \u0219i vitaminelor sale<\/li>\n<li>Promoveaz\u0103 vindecarea rapid\u0103 a fisurilor<\/li>\n<li>Amelioreaz\u0103 oboseala \u0219i umflarea picioarelor<\/li>\n<li>Este un agent profilactic \u00eempotriva bolilor fungice<\/li>\n<li>Promoveaz\u0103 o cre\u0219tere a tonusului vascular<\/li>\n<li>Este un remediu excelent pentru miros \u0219i picioare transpirate<\/li>\n<li>Propriet\u0103\u021bile aromaterapiei ajut\u0103 la ameliorarea stresului<\/li>\n<\/ul>\n<p>[\/trp_language]<\/p>\n<ul>\n<li>Hidrateaz\u0103 rapid \u0219i \u00eembun\u0103t\u0103\u021be\u0219te starea pielii datorit\u0103 uleiurilor naturale<\/li>\n<li>Sunt propriet\u0103\u021bi antioxidante puternice datorit\u0103 extractorului de plante \u0219i vitaminelor de v\u00e2nzare<\/li>\n<li>Promoveaz\u0103 vindecarea rapid\u0103 a fisurilor<\/li>\n<li>Amelioreaz\u0103 oboseala \u0219i umflarea picioarelor<\/li>\n<li>Este un agent profilactic \u00eempotriva bolilor fungice<\/li>\n<li>Promoveaz\u0103 o cre\u0219tere a tonusului vascular<\/li>\n<li>Este un remediu excelent pentru mirosuri \u0219i picioare transpirate<\/li>\n<li>Aromaterapie ajut\u0103 proprietarului pentru ameliorarea stresului<\/li>\n<\/ul>\n<p>[\/trp_language]<\/p>","protected":false},"featured_media":1853,"template":"","meta":[],"product_brand":[],"product_cat":[174],"product_tag":[],"class_list":{"0":"post-1162","1":"product","2":"type-product","3":"status-publish","4":"has-post-thumbnail","6":"product_cat-tropical-mists","8":"first","9":"outofstock","10":"sale","11":"shipping-taxable","12":"purchasable","13":"product-type-simple"},"_links":{"self":[{"href":"http:\/\/svetlana.nsp25.md\/ro\/wp-json\/wp\/v2\/product\/1162","targetHints":{"allow":["GET"]}}],"collection":[{"href":"http:\/\/svetlana.nsp25.md\/ro\/wp-json\/wp\/v2\/product"}],"about":[{"href":"http:\/\/svetlana.nsp25.md\/ro\/wp-json\/wp\/v2\/types\/product"}],"wp:featuredmedia":[{"embeddable":true,"href":"http:\/\/svetlana.nsp25.md\/ro\/wp-json\/wp\/v2\/media\/1853"}],"wp:attachment":[{"href":"http:\/\/svetlana.nsp25.md\/ro\/wp-json\/wp\/v2\/media?parent=1162"}],"wp:term":[{"taxonomy":"product_brand","embeddable":true,"href":"http:\/\/svetlana.nsp25.md\/ro\/wp-json\/wp\/v2\/product_brand?post=1162"},{"taxonomy":"product_cat","embeddable":true,"href":"http:\/\/svetlana.nsp25.md\/ro\/wp-json\/wp\/v2\/product_cat?post=1162"},{"taxonomy":"product_tag","embeddable":true,"href":"http:\/\/svetlana.nsp25.md\/ro\/wp-json\/wp\/v2\/product_tag?post=1162"}],"curies":[{"name":"wp","href":"https:\/\/api.w.org\/{rel}","templated":true}]}}