{"id":23691,"date":"2021-06-29T15:09:25","date_gmt":"2021-06-29T12:09:25","guid":{"rendered":"https:\/\/svetlana.nsp25.md\/?post_type=product&#038;p=23691"},"modified":"2026-03-10T19:33:26","modified_gmt":"2026-03-10T17:33:26","slug":"hair-body-baby-wash-oh-my-baby","status":"publish","type":"product","link":"http:\/\/svetlana.nsp25.md\/ro\/produs\/hair-body-baby-wash-oh-my-baby","title":{"rendered":"Hair &amp; Body Baby Wash \u00abOh, my Baby!\u00bb"},"content":{"rendered":"<p><b>Tradus cu Google traducere<\/b> <br>\nEste important ca fiecare mam\u0103 s\u0103 aleag\u0103 produsul perfect care va cur\u0103\u021ba delicat \u0219i \u00een siguran\u021b\u0103 pielea bebelu\u0219ului. Gelul este special formulat pentru cur\u0103\u021barea delicat\u0103 a pielii \u0219i p\u0103rului bebelu\u0219ului. Nu provoac\u0103 irita\u021bii. Formula delicat\u0103 con\u021bine agen\u021bi tensioactivi u\u0219ori \u0219i ingrediente naturale care sunt potrivite chiar \u0219i pentru pielea sensibil\u0103 a bebelu\u0219ilor. Pe baz\u0103 de ap\u0103 de flori de mu\u0219e\u021bel \u0219i de galbenele.<\/p>\n<p>Nu con\u021bine: parabeni, alcool etilic \u0219i etanol, gluten, produse petrochimice, uleiuri minerale, siliconi, lanolin\u0103, ftala\u021bi, emulgatori iritan\u021bi, parfumuri sintetice, ingrediente etoxilate, metilizotiazolinon\u0103, EDTA, coloran\u021bi, uree, DEA, TEA sau PEG, sulfa\u021bi.<br \/>\nCertificate: ISO, GMP, ECO. 98% ingrediente naturale.<\/p>\n<h2 style=\"text-align: left;\">Ingrediente active ale corpului \u0219i gelului de p\u0103r \u201eCopilul meu\u201d<img decoding=\"async\" class=\"size-medium wp-image-23695 alignright\" src=\"https:\/\/svetlana.nsp25.md\/wp-content\/uploads\/2021\/06\/depositphotos_77604844-stock-photo-chamomile-flower-group-leaves-isolated-480x315.jpg\" alt=\"\" width=\"480\" height=\"315\" srcset=\"https:\/\/svetlana.nsp25.md\/wp-content\/uploads\/2021\/06\/depositphotos_77604844-stock-photo-chamomile-flower-group-leaves-isolated-480x315.jpg 480w, https:\/\/svetlana.nsp25.md\/wp-content\/uploads\/2021\/06\/depositphotos_77604844-stock-photo-chamomile-flower-group-leaves-isolated-16x12.jpg 16w, https:\/\/svetlana.nsp25.md\/wp-content\/uploads\/2021\/06\/depositphotos_77604844-stock-photo-chamomile-flower-group-leaves-isolated.jpg 600w\" sizes=\"(max-width: 480px) 100vw, 480px\" \/><\/h2>\n<ul>\n<li><strong>Ap\u0103 de calendula<\/strong> - extract \u0219i flori de galbenele, care au efect calmant. Calendula con\u021bine alfa \u0219i beta carotenoizi, ceea ce d\u0103 efectul unei piele s\u0103n\u0103toas\u0103.<\/li>\n<li><strong>Ap\u0103 de mu\u0219e\u021bel<\/strong> - efect calmant \u0219i relaxant.<\/li>\n<li><strong>Ulei de miez de caise<\/strong> - antioxidant, nutri\u021bie profund\u0103 a pielii.<\/li>\n<li><strong>Ulei din semin\u021be de cire\u0219e<\/strong> - bogat \u00een vitamina A, bogat \u00een antioxidan\u021bi \u0219i acid oleic, uleiul are un puternic efect emolient asupra pielii.<\/li>\n<li><strong>Complexul de lapte fito<\/strong> - este responsabil pentru re\u00eennoirea pielii, protejeaz\u0103 \u00eempotriva usc\u0103ciunii, men\u021bine echilibrul lipidic al pielii, hidrateaz\u0103.<\/li>\n<\/ul>\n<p><strong>Cerere:<\/strong> aplica\u021bi u\u0219or pe piele \u0219i p\u0103r, spuma\u021bi u\u0219or, cl\u0103ti\u021bi bine cu ap\u0103 curat\u0103. Doar pentru uz extern.<\/p>\n<p><strong>Structura:<\/strong> ap\u0103, glutamat de sodiu lyroil, glicerin\u0103, cocoamodiacetat disodic, decilglucozid, ap\u0103 de flori de mu\u0219e\u021bel roman \/ Anthemis nobilis, ap\u0103 de flori de calendula officinalis \/ Calendula officinalis, acid citric, cocamidopropil betain\u0103, cocoilmetilglucamid\u0103, clorur\u0103 de sodiu sorbitan sodic clorur\u0103 de sodiu, propilen sorbitan sorbitan , ulei de semin\u021be de susan \/ Sesamum Indicum, acid benzoic, acid fitic, parfum, ulei de s\u00e2mbure de caise \/ Prunus armeniaca, stearat de zaharoz\u0103, ulei de semin\u021be de cire\u0219e \/ Prunus avium, acid sorbic, ulei de semin\u021be de chimen negru \/ Nigella sativa, pulbere de suc de frunze de aloe \/ Aloe Barbadensis, gliceril caprilat, sorbat de potasiu, tocoferol, acid P-anisic, ulei de semin\u021be de floarea-soarelui \/ Helianthus annuus<\/p>","protected":false},"excerpt":{"rendered":"<ul>\n<li>Cur\u0103\u021b\u0103 pielea \u0219i p\u0103rul<\/li>\n<li>Hidrateaz\u0103<\/li>\n<li>Se uit\u0103 dup\u0103<\/li>\n<li>Condi\u021bionare<\/li>\n<\/ul>","protected":false},"featured_media":23696,"template":"","meta":[],"product_brand":[],"product_cat":[179],"product_tag":[],"class_list":{"0":"post-23691","1":"product","2":"type-product","3":"status-publish","4":"has-post-thumbnail","6":"product_cat-bremani-care","8":"first","9":"instock","10":"sale","11":"shipping-taxable","12":"purchasable","13":"product-type-simple"},"_links":{"self":[{"href":"http:\/\/svetlana.nsp25.md\/ro\/wp-json\/wp\/v2\/product\/23691","targetHints":{"allow":["GET"]}}],"collection":[{"href":"http:\/\/svetlana.nsp25.md\/ro\/wp-json\/wp\/v2\/product"}],"about":[{"href":"http:\/\/svetlana.nsp25.md\/ro\/wp-json\/wp\/v2\/types\/product"}],"wp:featuredmedia":[{"embeddable":true,"href":"http:\/\/svetlana.nsp25.md\/ro\/wp-json\/wp\/v2\/media\/23696"}],"wp:attachment":[{"href":"http:\/\/svetlana.nsp25.md\/ro\/wp-json\/wp\/v2\/media?parent=23691"}],"wp:term":[{"taxonomy":"product_brand","embeddable":true,"href":"http:\/\/svetlana.nsp25.md\/ro\/wp-json\/wp\/v2\/product_brand?post=23691"},{"taxonomy":"product_cat","embeddable":true,"href":"http:\/\/svetlana.nsp25.md\/ro\/wp-json\/wp\/v2\/product_cat?post=23691"},{"taxonomy":"product_tag","embeddable":true,"href":"http:\/\/svetlana.nsp25.md\/ro\/wp-json\/wp\/v2\/product_tag?post=23691"}],"curies":[{"name":"wp","href":"https:\/\/api.w.org\/{rel}","templated":true}]}}