{"id":41899,"date":"2022-07-04T10:28:59","date_gmt":"2022-07-04T07:28:59","guid":{"rendered":"https:\/\/svetlana.nsp25.md\/?post_type=product&#038;p=41899"},"modified":"2025-03-23T09:50:45","modified_gmt":"2025-03-23T07:50:45","slug":"l-carnitine-l-karnitin","status":"publish","type":"product","link":"http:\/\/svetlana.nsp25.md\/ro\/produs\/l-carnitine-l-karnitin","title":{"rendered":"L-carnitina \u2014 L-carnitina"},"content":{"rendered":"","protected":false},"excerpt":{"rendered":"<ul>\n<li>Sus\u021bine func\u021bia mu\u0219chiului cardiac<\/li>\n<li>Utilizat ca arz\u0103tor de gr\u0103simi \u00een programele de pierdere \u00een greutate \u0219i \u00een activit\u0103\u021bile sportive<\/li>\n<li>Cre\u0219te eficien\u021ba creierului \u0219i func\u021bia cognitiv\u0103<\/li>\n<li>Sus\u021bine func\u021bia hepatic\u0103, reduce severitatea hepatozei grase<\/li>\n<li>Antioxidant<\/li>\n<li>Cre\u0219te produc\u021bia de energie \u0219i sus\u021bine func\u021bia \u021besutului muscular<\/li>\n<\/ul>","protected":false},"featured_media":41900,"template":"","meta":[],"product_brand":[],"product_cat":[127,147,109,110,145,150,111,156,130],"product_tag":[],"class_list":{"0":"post-41899","1":"product","2":"type-product","3":"status-publish","4":"has-post-thumbnail","6":"product_cat-dlja-rabotosposobnosti","7":"product_cat-sportivnoe-pitanie","8":"product_cat-fitoprodukty","9":"product_cat-zdorovoe-pitanie","10":"product_cat-dlja-razvitija-rebenka","11":"product_cat-pohudenie","12":"product_cat-sistemy-organizma","13":"product_cat-oporno-dvigatelnaja-zuby","14":"product_cat-serdechno-sosudistaja","16":"first","17":"outofstock","18":"sale","19":"shipping-taxable","20":"purchasable","21":"product-type-simple"},"_links":{"self":[{"href":"http:\/\/svetlana.nsp25.md\/ro\/wp-json\/wp\/v2\/product\/41899","targetHints":{"allow":["GET"]}}],"collection":[{"href":"http:\/\/svetlana.nsp25.md\/ro\/wp-json\/wp\/v2\/product"}],"about":[{"href":"http:\/\/svetlana.nsp25.md\/ro\/wp-json\/wp\/v2\/types\/product"}],"wp:featuredmedia":[{"embeddable":true,"href":"http:\/\/svetlana.nsp25.md\/ro\/wp-json\/wp\/v2\/media\/41900"}],"wp:attachment":[{"href":"http:\/\/svetlana.nsp25.md\/ro\/wp-json\/wp\/v2\/media?parent=41899"}],"wp:term":[{"taxonomy":"product_brand","embeddable":true,"href":"http:\/\/svetlana.nsp25.md\/ro\/wp-json\/wp\/v2\/product_brand?post=41899"},{"taxonomy":"product_cat","embeddable":true,"href":"http:\/\/svetlana.nsp25.md\/ro\/wp-json\/wp\/v2\/product_cat?post=41899"},{"taxonomy":"product_tag","embeddable":true,"href":"http:\/\/svetlana.nsp25.md\/ro\/wp-json\/wp\/v2\/product_tag?post=41899"}],"curies":[{"name":"wp","href":"https:\/\/api.w.org\/{rel}","templated":true}]}}