{"id":987,"date":"2021-04-23T11:08:04","date_gmt":"2021-04-23T08:08:04","guid":{"rendered":"https:\/\/svetlana.nsp25.md\/product\/ag-x-ag-iks-jej-dzhi-jeks"},"modified":"2026-03-10T19:22:26","modified_gmt":"2026-03-10T17:22:26","slug":"ag-x-ag-iks-jej-dzhi-jeks","status":"publish","type":"product","link":"http:\/\/svetlana.nsp25.md\/ro\/produs\/ag-x-ag-iks-jej-dzhi-jeks","title":{"rendered":"AG-X"},"content":{"rendered":"","protected":false},"excerpt":{"rendered":"[trp_language language=\"ru_RU\"]\n<ul>\n<li>Stimuleaz\u0103 produc\u021bia de enzime \u0219i \u00eembun\u0103t\u0103\u021be\u0219te digestia<\/li>\n<li>Reduce inflama\u021bia tractului gastrointestinal<\/li>\n<li>Amelioreaz\u0103 durerea<\/li>\n<li>Stimuleaz\u0103 procesele de ap\u0103rare ale organismului<\/li>\n<\/ul>\n<p>[\/trp_language]<\/p>\n<ul>\n<li>Diminueaza procesele inflamatorii din sistemul gastrointestinal, micsoreaza sentimentul de durere<\/li>\n<li>Sporeste secretia gastrointestinala a fermentilor, imbunatateste fermentarea fermentarea produselor alimentare in tractul gastrointestinal<\/li>\n<li>Sporeste calitatile imune ale organismului<\/li>\n<\/ul>\n<p>[\/trp_language]<\/p>","protected":false},"featured_media":50864,"template":"","meta":[],"product_brand":[],"product_cat":[109,111,121,122],"product_tag":[117,123,124,125,126],"class_list":{"0":"post-987","1":"product","2":"type-product","3":"status-publish","4":"has-post-thumbnail","6":"product_cat-fitoprodukty","7":"product_cat-sistemy-organizma","8":"product_cat-immunnaja","9":"product_cat-pishhevaritelnaja","10":"product_tag-bad","11":"product_tag-vitaminnye-kompleksy","12":"product_tag-dlja-korrekcii-vesa","13":"product_tag-dlja-pozhilyh","14":"product_tag-pishhevaritelnaja-sistema","16":"first","17":"instock","18":"sale","19":"shipping-taxable","20":"purchasable","21":"product-type-simple"},"_links":{"self":[{"href":"http:\/\/svetlana.nsp25.md\/ro\/wp-json\/wp\/v2\/product\/987","targetHints":{"allow":["GET"]}}],"collection":[{"href":"http:\/\/svetlana.nsp25.md\/ro\/wp-json\/wp\/v2\/product"}],"about":[{"href":"http:\/\/svetlana.nsp25.md\/ro\/wp-json\/wp\/v2\/types\/product"}],"wp:featuredmedia":[{"embeddable":true,"href":"http:\/\/svetlana.nsp25.md\/ro\/wp-json\/wp\/v2\/media\/50864"}],"wp:attachment":[{"href":"http:\/\/svetlana.nsp25.md\/ro\/wp-json\/wp\/v2\/media?parent=987"}],"wp:term":[{"taxonomy":"product_brand","embeddable":true,"href":"http:\/\/svetlana.nsp25.md\/ro\/wp-json\/wp\/v2\/product_brand?post=987"},{"taxonomy":"product_cat","embeddable":true,"href":"http:\/\/svetlana.nsp25.md\/ro\/wp-json\/wp\/v2\/product_cat?post=987"},{"taxonomy":"product_tag","embeddable":true,"href":"http:\/\/svetlana.nsp25.md\/ro\/wp-json\/wp\/v2\/product_tag?post=987"}],"curies":[{"name":"wp","href":"https:\/\/api.w.org\/{rel}","templated":true}]}}