{"id":988,"date":"2021-04-23T11:08:05","date_gmt":"2021-04-23T08:08:05","guid":{"rendered":"https:\/\/svetlana.nsp25.md\/product\/aloe-vera-juice-sok-aloje-vera"},"modified":"2026-03-10T19:16:23","modified_gmt":"2026-03-10T17:16:23","slug":"aloe-vera-juice-sok-aloje-vera","status":"publish","type":"product","link":"http:\/\/svetlana.nsp25.md\/ro\/produs\/aloe-vera-juice-sok-aloje-vera","title":{"rendered":"Aloe Vera Juice"},"content":{"rendered":"","protected":false},"excerpt":{"rendered":"[trp_language language=\"ru_RU\"]\n<ul>\n<li>Are propriet\u0103\u021bi antiinflamatorii \u0219i antibacteriene pronun\u021bate.<\/li>\n<li>Amelioreaz\u0103 inflama\u021bia mucoasei intestinale, normalizeaz\u0103 tractul gastrointestinal.<\/li>\n<li>Are un efect de vindecare a r\u0103nilor \u0219i analgezic, accelereaz\u0103 procesul de regenerare celular\u0103.<\/li>\n<li>Elimin\u0103 toxinele din organism, \u00eembun\u0103t\u0103\u021be\u0219te metabolismul.<\/li>\n<li>\u00cen compozi\u021bia sa are o gam\u0103 complet\u0103 de microelemente utile, vitamine \u0219i aminoacizi.<\/li>\n<li>\u00cembun\u0103t\u0103\u021be\u0219te starea general\u0103 \u0219i cre\u0219te imunitatea, are un efect tonic.<\/li>\n<li>Promoveaz\u0103 tractul digestiv normal, \u00eembun\u0103t\u0103\u021be\u0219te digestia.<\/li>\n<\/ul>\n<p>[\/trp_language]<\/p>\n<ul>\n<li>Este un tonic excelent, creste nivelul de aparare a organismului si stimuleaza sistemul imunitar<\/li>\n<li>Sunt proprietati antiinflamatorii, inhiba cresterea bacteriilor si virusilor<\/li>\n<li>Sunt efect antialergic<\/li>\n<li>Contribuie la regenerarea membranei mucoasei tractului gastrointestinal<\/li>\n<li>Diminueaza si calmeaza spasmele intestinale, in special dupa bolile infectioase si operatii<\/li>\n<li>Imbunatateste digestia si accelereaza absorbtia substantelor nutritive<\/li>\n<li>Ajuta in cazul intoxicatiilor alimentare si altor tipuri de intoxicatie a organismeloru<\/li>\n<\/ul>\n<p>[\/trp_language]<\/p>","protected":false},"featured_media":61658,"template":"","meta":[],"product_brand":[],"product_cat":[127,109,110,128,111,121,129,122,130],"product_tag":[117,123,131,132,126],"class_list":{"0":"post-988","1":"product","2":"type-product","3":"status-publish","4":"has-post-thumbnail","6":"product_cat-dlja-rabotosposobnosti","7":"product_cat-fitoprodukty","8":"product_cat-zdorovoe-pitanie","9":"product_cat-koktejli-i-napitki","10":"product_cat-sistemy-organizma","11":"product_cat-immunnaja","12":"product_cat-obmen-veshhestv","13":"product_cat-pishhevaritelnaja","14":"product_cat-serdechno-sosudistaja","15":"product_tag-bad","16":"product_tag-vitaminnye-kompleksy","17":"product_tag-golovnoj-mozg-i-nervnaja-sistema","18":"product_tag-immunnaja-sistema","19":"product_tag-pishhevaritelnaja-sistema","21":"first","22":"instock","23":"sale","24":"shipping-taxable","25":"purchasable","26":"product-type-simple"},"_links":{"self":[{"href":"http:\/\/svetlana.nsp25.md\/ro\/wp-json\/wp\/v2\/product\/988","targetHints":{"allow":["GET"]}}],"collection":[{"href":"http:\/\/svetlana.nsp25.md\/ro\/wp-json\/wp\/v2\/product"}],"about":[{"href":"http:\/\/svetlana.nsp25.md\/ro\/wp-json\/wp\/v2\/types\/product"}],"wp:featuredmedia":[{"embeddable":true,"href":"http:\/\/svetlana.nsp25.md\/ro\/wp-json\/wp\/v2\/media\/61658"}],"wp:attachment":[{"href":"http:\/\/svetlana.nsp25.md\/ro\/wp-json\/wp\/v2\/media?parent=988"}],"wp:term":[{"taxonomy":"product_brand","embeddable":true,"href":"http:\/\/svetlana.nsp25.md\/ro\/wp-json\/wp\/v2\/product_brand?post=988"},{"taxonomy":"product_cat","embeddable":true,"href":"http:\/\/svetlana.nsp25.md\/ro\/wp-json\/wp\/v2\/product_cat?post=988"},{"taxonomy":"product_tag","embeddable":true,"href":"http:\/\/svetlana.nsp25.md\/ro\/wp-json\/wp\/v2\/product_tag?post=988"}],"curies":[{"name":"wp","href":"https:\/\/api.w.org\/{rel}","templated":true}]}}