{"id":989,"date":"2021-04-23T11:08:06","date_gmt":"2021-04-23T08:08:06","guid":{"rendered":"https:\/\/svetlana.nsp25.md\/product\/alfalfa-ljucerna"},"modified":"2026-03-10T19:02:36","modified_gmt":"2026-03-10T17:02:36","slug":"alfalfa-ljucerna","status":"publish","type":"product","link":"http:\/\/svetlana.nsp25.md\/ro\/produs\/alfalfa-ljucerna","title":{"rendered":"Alfalfa"},"content":{"rendered":"","protected":false},"excerpt":{"rendered":"[trp_language language=\"ru_RU\"]\n<ul>\n<li>\u00cembun\u0103t\u0103\u021be\u0219te starea persoanelor cu glicemie ridicat\u0103 \u0219i a diabeticilor<\/li>\n<li>Normalizeaz\u0103 nivelul colesterolului, este un mijloc de prevenire a aterosclerozei<\/li>\n<li>\u00cembun\u0103t\u0103\u021be\u0219te s\u0103n\u0103tatea general\u0103 a sistemului circulator<\/li>\n<li>Utilizat pentru tratamentul \u0219i prevenirea bolilor inflamatorii<\/li>\n<\/ul>\n<p>[\/trp_language]<\/p>\n<ul>\n<li>Normalizeaza starea vaselor sangvine<\/li>\n<li>Diminueaza nivelul colesterinei in singe si preintimpina dezvoltarea aterosclerozei<\/li>\n<li>Acesta este un remediu profilactic \u00eempotriva proceselor inflamatorii<\/li>\n<li>Imbunatateste starea sanatatii bolnavilor de diabet zaharat<\/li>\n<\/ul>\n<p>[\/trp_language]<\/p>","protected":false},"featured_media":50865,"template":"","meta":[],"product_brand":[],"product_cat":[109,111,133,121,122,130,115],"product_tag":[117,134,135,136],"class_list":{"0":"post-989","1":"product","2":"type-product","3":"status-publish","4":"has-post-thumbnail","6":"product_cat-fitoprodukty","7":"product_cat-sistemy-organizma","8":"product_cat-zhenskaja-reproduktivnaja","9":"product_cat-immunnaja","10":"product_cat-pishhevaritelnaja","11":"product_cat-serdechno-sosudistaja","12":"product_cat-jendokrinnaja","13":"product_tag-bad","14":"product_tag-dlja-zhenshhin","15":"product_tag-dlja-ochistki-organizma","16":"product_tag-krovetvorenie","18":"first","19":"instock","20":"sale","21":"shipping-taxable","22":"purchasable","23":"product-type-simple"},"_links":{"self":[{"href":"http:\/\/svetlana.nsp25.md\/ro\/wp-json\/wp\/v2\/product\/989","targetHints":{"allow":["GET"]}}],"collection":[{"href":"http:\/\/svetlana.nsp25.md\/ro\/wp-json\/wp\/v2\/product"}],"about":[{"href":"http:\/\/svetlana.nsp25.md\/ro\/wp-json\/wp\/v2\/types\/product"}],"wp:featuredmedia":[{"embeddable":true,"href":"http:\/\/svetlana.nsp25.md\/ro\/wp-json\/wp\/v2\/media\/50865"}],"wp:attachment":[{"href":"http:\/\/svetlana.nsp25.md\/ro\/wp-json\/wp\/v2\/media?parent=989"}],"wp:term":[{"taxonomy":"product_brand","embeddable":true,"href":"http:\/\/svetlana.nsp25.md\/ro\/wp-json\/wp\/v2\/product_brand?post=989"},{"taxonomy":"product_cat","embeddable":true,"href":"http:\/\/svetlana.nsp25.md\/ro\/wp-json\/wp\/v2\/product_cat?post=989"},{"taxonomy":"product_tag","embeddable":true,"href":"http:\/\/svetlana.nsp25.md\/ro\/wp-json\/wp\/v2\/product_tag?post=989"}],"curies":[{"name":"wp","href":"https:\/\/api.w.org\/{rel}","templated":true}]}}