{"id":993,"date":"2021-04-23T11:08:09","date_gmt":"2021-04-23T08:08:09","guid":{"rendered":"https:\/\/svetlana.nsp25.md\/product\/bifidophilus-chewable-for-kids-bifidozavriki"},"modified":"2026-03-10T18:29:14","modified_gmt":"2026-03-10T16:29:14","slug":"bifidophilus-chewable-for-kids-bifidozavriki","status":"publish","type":"product","link":"http:\/\/svetlana.nsp25.md\/ro\/produs\/bifidophilus-chewable-for-kids-bifidozavriki","title":{"rendered":"Bifidophilus masticabil pentru copii - Bifidosaurus."},"content":{"rendered":"","protected":false},"excerpt":{"rendered":"[trp_language language=\"ru_RU\"]\n<ul>\n<li>normalizeaz\u0103 digestia \u0219i \u00eembun\u0103t\u0103\u021be\u0219te apetitul;<\/li>\n<li>stimuleaz\u0103 ap\u0103rarea natural\u0103: de la nivel celular la nivel umoral;<\/li>\n<li>previne perturbarea echilibrului dintre microorganismele utile \u0219i oportuniste;<\/li>\n<li>promoveaz\u0103 dezvoltarea microflorei benefice.<\/li>\n<\/ul>\n<p>[\/trp_language]<\/p>\n<ul>\n<li>Normalizeaza functia sistemului digestiv<\/li>\n<li>Mentine protectia naturala a organismului impotriva bacteriilor si virusurilor<\/li>\n<li>Creeaza un mediu favorabil pentru cresterea si dezvoltarea microorganismelor necesare organismului uman<\/li>\n<li>Restabilirea florei intestinale<\/li>\n<\/ul>\n<p>[\/trp_language]<\/p>","protected":false},"featured_media":50867,"template":"","meta":[],"product_brand":[],"product_cat":[109,145,111,121,122],"product_tag":[117,151,135,152,126],"class_list":{"0":"post-993","1":"product","2":"type-product","3":"status-publish","4":"has-post-thumbnail","6":"product_cat-fitoprodukty","7":"product_cat-dlja-razvitija-rebenka","8":"product_cat-sistemy-organizma","9":"product_cat-immunnaja","10":"product_cat-pishhevaritelnaja","11":"product_tag-bad","12":"product_tag-dlja-detej","13":"product_tag-dlja-ochistki-organizma","14":"product_tag-oporno-dvigatelnaja-sistema","15":"product_tag-pishhevaritelnaja-sistema","17":"first","18":"instock","19":"sale","20":"shipping-taxable","21":"purchasable","22":"product-type-simple"},"_links":{"self":[{"href":"http:\/\/svetlana.nsp25.md\/ro\/wp-json\/wp\/v2\/product\/993","targetHints":{"allow":["GET"]}}],"collection":[{"href":"http:\/\/svetlana.nsp25.md\/ro\/wp-json\/wp\/v2\/product"}],"about":[{"href":"http:\/\/svetlana.nsp25.md\/ro\/wp-json\/wp\/v2\/types\/product"}],"wp:featuredmedia":[{"embeddable":true,"href":"http:\/\/svetlana.nsp25.md\/ro\/wp-json\/wp\/v2\/media\/50867"}],"wp:attachment":[{"href":"http:\/\/svetlana.nsp25.md\/ro\/wp-json\/wp\/v2\/media?parent=993"}],"wp:term":[{"taxonomy":"product_brand","embeddable":true,"href":"http:\/\/svetlana.nsp25.md\/ro\/wp-json\/wp\/v2\/product_brand?post=993"},{"taxonomy":"product_cat","embeddable":true,"href":"http:\/\/svetlana.nsp25.md\/ro\/wp-json\/wp\/v2\/product_cat?post=993"},{"taxonomy":"product_tag","embeddable":true,"href":"http:\/\/svetlana.nsp25.md\/ro\/wp-json\/wp\/v2\/product_tag?post=993"}],"curies":[{"name":"wp","href":"https:\/\/api.w.org\/{rel}","templated":true}]}}