{"id":1094,"date":"2021-04-23T11:09:23","date_gmt":"2021-04-23T08:09:23","guid":{"rendered":"https:\/\/svetlana.nsp25.md\/product\/gel-silver-shield-gel-serebrjanyj-shhit"},"modified":"2026-03-10T19:44:13","modified_gmt":"2026-03-10T17:44:13","slug":"gel-silver-shield-gel-serebrjanyj-shhit","status":"publish","type":"product","link":"https:\/\/svetlana.nsp25.md\/ro\/produs\/gel-silver-shield-gel-serebrjanyj-shhit","title":{"rendered":"Gel Silver Shield"},"content":{"rendered":"","protected":false},"excerpt":{"rendered":"[trp_language language=\"ru_RU\"]\n<ul>\n<li>Are o activitate antimicrobian\u0103 puternic\u0103<\/li>\n<li>Are propriet\u0103\u021bi hidratante \u0219i de cur\u0103\u021bare pentru piele<\/li>\n<\/ul>\n<p>[\/trp_language]<\/p>\n<ul>\n<li>Sunt o activeaz\u0103 activitatea antimicrobian\u0103 \u00een spital<\/li>\n<li>Sunt propriet\u0103\u021bi de hidratare \u0219i cur\u0103\u021bare a pielii<\/li>\n<\/ul>\n<p>[\/trp_language]<\/p>","protected":false},"featured_media":1180,"template":"","meta":[],"product_brand":[],"product_cat":[160,165],"product_tag":[166,151,134,118,125,167,168,169,170],"class_list":{"0":"post-1094","1":"product","2":"type-product","3":"status-publish","4":"has-post-thumbnail","6":"product_cat-kosmetika-i-uhod","7":"product_cat-lechebnaja-kosmetika-kosmetika-i-uhod","8":"product_tag-dlja-vsej-semi","9":"product_tag-dlja-detej","10":"product_tag-dlja-zhenshhin","11":"product_tag-dlja-muzhchin","12":"product_tag-dlja-pozhilyh","13":"product_tag-uhod-za-kozhej-tela","14":"product_tag-uhod-za-licom-i-sheej","15":"product_tag-uhod-za-nogami","16":"product_tag-uhod-za-rukami","18":"first","19":"instock","20":"sale","21":"shipping-taxable","22":"purchasable","23":"product-type-simple"},"_links":{"self":[{"href":"https:\/\/svetlana.nsp25.md\/ro\/wp-json\/wp\/v2\/product\/1094","targetHints":{"allow":["GET"]}}],"collection":[{"href":"https:\/\/svetlana.nsp25.md\/ro\/wp-json\/wp\/v2\/product"}],"about":[{"href":"https:\/\/svetlana.nsp25.md\/ro\/wp-json\/wp\/v2\/types\/product"}],"wp:featuredmedia":[{"embeddable":true,"href":"https:\/\/svetlana.nsp25.md\/ro\/wp-json\/wp\/v2\/media\/1180"}],"wp:attachment":[{"href":"https:\/\/svetlana.nsp25.md\/ro\/wp-json\/wp\/v2\/media?parent=1094"}],"wp:term":[{"taxonomy":"product_brand","embeddable":true,"href":"https:\/\/svetlana.nsp25.md\/ro\/wp-json\/wp\/v2\/product_brand?post=1094"},{"taxonomy":"product_cat","embeddable":true,"href":"https:\/\/svetlana.nsp25.md\/ro\/wp-json\/wp\/v2\/product_cat?post=1094"},{"taxonomy":"product_tag","embeddable":true,"href":"https:\/\/svetlana.nsp25.md\/ro\/wp-json\/wp\/v2\/product_tag?post=1094"}],"curies":[{"name":"wp","href":"https:\/\/api.w.org\/{rel}","templated":true}]}}