{"id":1159,"date":"2021-04-23T11:10:09","date_gmt":"2021-04-23T08:10:09","guid":{"rendered":"https:\/\/svetlana.nsp25.md\/product\/vitamin-d3"},"modified":"2026-03-10T18:37:40","modified_gmt":"2026-03-10T16:37:40","slug":"vitamin-d3","status":"publish","type":"product","link":"https:\/\/svetlana.nsp25.md\/ro\/produs\/vitamin-d3","title":{"rendered":"Vitamin D3"},"content":{"rendered":"","protected":false},"excerpt":{"rendered":"[trp_language language=\"ru_RU\"]\n<ul>\n<li>Esen\u021biale pentru dezvoltarea \u0219i rezisten\u021ba oaselor \u0219i a tonusului muscular<\/li>\n<li>Promoveaz\u0103 absorb\u021bia calciului \u0219i a fosforului pentru a preveni osteoporoza<\/li>\n<li>Asigur\u0103 un sistem imunitar s\u0103n\u0103tos<\/li>\n<li>Important pentru s\u0103n\u0103tatea pielii, inclusiv prevenirea psoriazisului, a cancerului de piele<\/li>\n<li>Esen\u021biale pentru prevenirea bolilor cardiovasculare \u0219i a diabetului zaharat<\/li>\n<li>\u00cembun\u0103t\u0103\u021be\u0219te s\u0103n\u0103tatea creierului, starea de spirit \u0219i vitalitatea<\/li>\n<\/ul>\n<p>[\/trp_language]<\/p>\n<ul>\n<li>Esen\u021bial pentru dezvoltarea \u0219i puterea oaselor, tonusul muscular<\/li>\n<li>Promoveaz\u0103 absorb\u021bia calciului \u0219i a fosforului pentru a preveni osteoporoza<\/li>\n<li>Promoveaz\u0103 un sistem imunitar s\u0103n\u0103tos<\/li>\n<li>Important pentru tratamentul pele\u021bilor, inclusiv pentru prevenirea psoriazisului \u0219i a cancerului de pele\u021bi<\/li>\n<li>Esen\u021bial pentru prevenirea bolilor cardiovasculare \u0219i diabetului<\/li>\n<li>\u00cembun\u0103t\u0103\u021be\u0219te s\u0103n\u0103tatea creierului, starea de spirit, cre\u0219te vitalitatea<\/li>\n<\/ul>\n<p>[\/trp_language]<\/p>","protected":false},"featured_media":49323,"template":"","meta":[],"product_brand":[],"product_cat":[109,111,153,121,156,122,130],"product_tag":[],"class_list":{"0":"post-1159","1":"product","2":"type-product","3":"status-publish","4":"has-post-thumbnail","6":"product_cat-fitoprodukty","7":"product_cat-sistemy-organizma","8":"product_cat-dyhatelnaja","9":"product_cat-immunnaja","10":"product_cat-oporno-dvigatelnaja-zuby","11":"product_cat-pishhevaritelnaja","12":"product_cat-serdechno-sosudistaja","14":"first","15":"instock","16":"sale","17":"shipping-taxable","18":"purchasable","19":"product-type-simple"},"_links":{"self":[{"href":"https:\/\/svetlana.nsp25.md\/ro\/wp-json\/wp\/v2\/product\/1159","targetHints":{"allow":["GET"]}}],"collection":[{"href":"https:\/\/svetlana.nsp25.md\/ro\/wp-json\/wp\/v2\/product"}],"about":[{"href":"https:\/\/svetlana.nsp25.md\/ro\/wp-json\/wp\/v2\/types\/product"}],"wp:featuredmedia":[{"embeddable":true,"href":"https:\/\/svetlana.nsp25.md\/ro\/wp-json\/wp\/v2\/media\/49323"}],"wp:attachment":[{"href":"https:\/\/svetlana.nsp25.md\/ro\/wp-json\/wp\/v2\/media?parent=1159"}],"wp:term":[{"taxonomy":"product_brand","embeddable":true,"href":"https:\/\/svetlana.nsp25.md\/ro\/wp-json\/wp\/v2\/product_brand?post=1159"},{"taxonomy":"product_cat","embeddable":true,"href":"https:\/\/svetlana.nsp25.md\/ro\/wp-json\/wp\/v2\/product_cat?post=1159"},{"taxonomy":"product_tag","embeddable":true,"href":"https:\/\/svetlana.nsp25.md\/ro\/wp-json\/wp\/v2\/product_tag?post=1159"}],"curies":[{"name":"wp","href":"https:\/\/api.w.org\/{rel}","templated":true}]}}